{"id":77621,"date":"2025-07-11T16:15:11","date_gmt":"2025-07-11T13:15:11","guid":{"rendered":"https:\/\/demo8.ecube.lv\/sezona.lv\/products\/rapala-soma-sportsman-s-10-tackle-belt\/"},"modified":"2025-07-14T15:09:42","modified_gmt":"2025-07-14T12:09:42","slug":"rapala-soma-sportsman-s-10-tackle-belt","status":"publish","type":"product","link":"https:\/\/sezona.lv\/en\/products\/rapala-soma-sportsman-s-10-tackle-belt\/","title":{"rendered":"Rapala soma SPORTSMAN&#8217;s 10 Tackle Belt"},"content":{"rendered":"<div class=\"desc\">\n<p>&Scaron;\u012b soma-josta ir p\u0101rn\u0113s\u0101&scaron;anas etalons. Neliela izm\u0113r\u0101, bet apr\u012bkota ar vis\u0101m pilnv\u0113rt\u012bgas piederumu somas \u012bpa&scaron;\u012bb\u0101m.<\/p>\n<ul>\n<li>Aizvelkams galvenais nodal\u012bjums ir papildin\u0101ts ar trim maz\u0101k\u0101m kabat\u0101m.<\/li>\n<li>Siksni\u0146as mak&scaron;\u0137erk\u0101tu piestiprin\u0101&scaron;anai.<\/li>\n<li>\u016adensnecaurlaid\u012bga auduma konstrukcija.<\/li>\n<li>Papildus vietas piederumu un aksesu\u0101ru piestiprin\u0101&scaron;anai.<\/li>\n<\/ul>\n<\/div>\n<div class=\"params\">\n<table class=\"params\" border=\"0\">\n<tbody>\n<tr class=\"nth\">\n<td class=\"label\">Preces kods:<\/td>\n<td class=\"date\">46007-2<\/td>\n<\/tr>\n<tr class=\"nth\">\n<td class=\"label\">Ra\u017eot\u0101js:<\/td>\n<td class=\"date\">Rapala<\/td>\n<\/tr>\n<tr class=\"nth\">\n<td class=\"label\">Izm\u0113rs:<\/td>\n<td class=\"date\">74 x 14 x 11 cm<\/td>\n<\/tr>\n<\/tbody>\n<\/table>\n<\/div>\n","protected":false},"excerpt":{"rendered":"<p>&Scaron;\u012b soma-josta ir p\u0101rn\u0113s\u0101&scaron;anas etalons. Neliela izm\u0113r\u0101, bet apr\u012bkota ar vis\u0101m pilnv\u0113rt\u012bgas piederumu somas \u012bpa&scaron;\u012bb\u0101m. Aizvelkams galvenais nodal\u012bjums ir papildin\u0101ts ar trim maz\u0101k\u0101m kabat\u0101m. Siksni\u0146as mak&scaron;\u0137erk\u0101tu piestiprin\u0101&scaron;anai. \u016adensnecaurlaid\u012bga auduma konstrukcija. Papildus vietas piederumu un aksesu\u0101ru piestiprin\u0101&scaron;anai. Preces kods: 46007-2 Ra\u017eot\u0101js: Rapala Izm\u0113rs: 74 x 14 x 11 cm<\/p>\n","protected":false},"featured_media":66282,"template":"","meta":[],"product_brand":[3368],"product_cat":[4538,4556],"product_tag":[],"class_list":{"0":"post-77621","1":"product","2":"type-product","3":"status-publish","4":"has-post-thumbnail","6":"product_brand-rapala","7":"product_cat-fishing-equipment-recreation","8":"product_cat-bags-boxes-fishing-equipment-recreation","10":"first","11":"instock","12":"shipping-taxable","13":"purchasable","14":"product-type-simple"},"_links":{"self":[{"href":"https:\/\/sezona.lv\/en\/wp-json\/wp\/v2\/product\/77621","targetHints":{"allow":["GET"]}}],"collection":[{"href":"https:\/\/sezona.lv\/en\/wp-json\/wp\/v2\/product"}],"about":[{"href":"https:\/\/sezona.lv\/en\/wp-json\/wp\/v2\/types\/product"}],"wp:featuredmedia":[{"embeddable":true,"href":"https:\/\/sezona.lv\/en\/wp-json\/wp\/v2\/media\/66282"}],"wp:attachment":[{"href":"https:\/\/sezona.lv\/en\/wp-json\/wp\/v2\/media?parent=77621"}],"wp:term":[{"taxonomy":"product_brand","embeddable":true,"href":"https:\/\/sezona.lv\/en\/wp-json\/wp\/v2\/product_brand?post=77621"},{"taxonomy":"product_cat","embeddable":true,"href":"https:\/\/sezona.lv\/en\/wp-json\/wp\/v2\/product_cat?post=77621"},{"taxonomy":"product_tag","embeddable":true,"href":"https:\/\/sezona.lv\/en\/wp-json\/wp\/v2\/product_tag?post=77621"}],"curies":[{"name":"wp","href":"https:\/\/api.w.org\/{rel}","templated":true}]}}