{"id":77622,"date":"2025-07-11T16:15:12","date_gmt":"2025-07-11T13:15:12","guid":{"rendered":"https:\/\/demo8.ecube.lv\/sezona.lv\/products\/rapala-soma-sportsman-s-13-satchel-peleka-melna\/"},"modified":"2025-07-14T15:09:43","modified_gmt":"2025-07-14T12:09:43","slug":"rapala-soma-sportsman-s-13-satchel-peleka-melna","status":"publish","type":"product","link":"https:\/\/sezona.lv\/en\/products\/rapala-soma-sportsman-s-13-satchel-peleka-melna\/","title":{"rendered":"Rapala soma SPORTSMAN&#8217;s 13 Satchel, pel\u0113ka\/melna"},"content":{"rendered":"<div class=\"desc\">\n<p>Ietilp\u012bga un prakstiska soma ikvienam mak&scaron;\u0137erniekiem. Sportsman&#8217;s Satchel 13 ietver:<\/p>\n<ul>\n<li>iz\u0146emamu PVC oderi galvenaj\u0101 nodal\u012bjum\u0101,<\/li>\n<li>divas kabatas piederumu izvieto&scaron;anai priek&scaron;pus\u0113.<\/li>\n<li>Divas spr\u0101dzes darbojas k\u0101 dro&scaron;\u012bbas stiprin\u0101jums galvenajai kabatai.<\/li>\n<li>Regul\u0113jama pleca siksna.<\/li>\n<\/ul>\n<\/div>\n<div class=\"params\">\n<table class=\"params\" border=\"0\">\n<tbody>\n<tr class=\"nth\">\n<td class=\"label\">Preces kods:<\/td>\n<td class=\"date\">46010-2<\/td>\n<\/tr>\n<tr class=\"nth\">\n<td class=\"label\">Ra\u017eot\u0101js:<\/td>\n<td class=\"date\">Rapala<\/td>\n<\/tr>\n<tr class=\"nth\">\n<td class=\"label\">Izm\u0113rs:<\/td>\n<td class=\"date\">36 x 30 x 11 cm<\/td>\n<\/tr>\n<\/tbody>\n<\/table>\n<\/div>\n","protected":false},"excerpt":{"rendered":"<p>Ietilp\u012bga un prakstiska soma ikvienam mak&scaron;\u0137erniekiem. Sportsman&#8217;s Satchel 13 ietver: iz\u0146emamu PVC oderi galvenaj\u0101 nodal\u012bjum\u0101, divas kabatas piederumu izvieto&scaron;anai priek&scaron;pus\u0113. Divas spr\u0101dzes darbojas k\u0101 dro&scaron;\u012bbas stiprin\u0101jums galvenajai kabatai. Regul\u0113jama pleca siksna. Preces kods: 46010-2 Ra\u017eot\u0101js: Rapala Izm\u0113rs: 36 x 30 x 11 cm<\/p>\n","protected":false},"featured_media":66285,"template":"","meta":[],"product_brand":[3368],"product_cat":[4538,4556],"product_tag":[],"class_list":{"0":"post-77622","1":"product","2":"type-product","3":"status-publish","4":"has-post-thumbnail","6":"product_brand-rapala","7":"product_cat-fishing-equipment-recreation","8":"product_cat-bags-boxes-fishing-equipment-recreation","10":"first","11":"instock","12":"shipping-taxable","13":"purchasable","14":"product-type-simple"},"_links":{"self":[{"href":"https:\/\/sezona.lv\/en\/wp-json\/wp\/v2\/product\/77622","targetHints":{"allow":["GET"]}}],"collection":[{"href":"https:\/\/sezona.lv\/en\/wp-json\/wp\/v2\/product"}],"about":[{"href":"https:\/\/sezona.lv\/en\/wp-json\/wp\/v2\/types\/product"}],"wp:featuredmedia":[{"embeddable":true,"href":"https:\/\/sezona.lv\/en\/wp-json\/wp\/v2\/media\/66285"}],"wp:attachment":[{"href":"https:\/\/sezona.lv\/en\/wp-json\/wp\/v2\/media?parent=77622"}],"wp:term":[{"taxonomy":"product_brand","embeddable":true,"href":"https:\/\/sezona.lv\/en\/wp-json\/wp\/v2\/product_brand?post=77622"},{"taxonomy":"product_cat","embeddable":true,"href":"https:\/\/sezona.lv\/en\/wp-json\/wp\/v2\/product_cat?post=77622"},{"taxonomy":"product_tag","embeddable":true,"href":"https:\/\/sezona.lv\/en\/wp-json\/wp\/v2\/product_tag?post=77622"}],"curies":[{"name":"wp","href":"https:\/\/api.w.org\/{rel}","templated":true}]}}