{"id":77623,"date":"2025-07-11T16:15:13","date_gmt":"2025-07-11T13:15:13","guid":{"rendered":"https:\/\/demo8.ecube.lv\/sezona.lv\/products\/shimano-spole-catana-1000-rb\/"},"modified":"2025-07-14T15:09:44","modified_gmt":"2025-07-14T12:09:44","slug":"shimano-spole-catana-1000-rb","status":"publish","type":"product","link":"https:\/\/sezona.lv\/en\/products\/shimano-spole-catana-1000-rb\/","title":{"rendered":"Shimano spole CATANA 1000 RB"},"content":{"rendered":"<p>&nbsp;<\/p>\n<div class=\"ma-main-container col2-right-layout\">\n<div class=\"container\">\n<div class=\"main\">\n<div class=\"main-inner\">\n<div class=\"row\">\n<div class=\"col-main col-xs-12 col-sm-9\">\n<div class=\"product-view\">\n<div class=\"product-essential\">\n<div class=\"row\">\n<div class=\"product-shop col-sm-7 col-md-87 col-sms-8 col-smb-12\">\n<div class=\"short-description\">\n<div class=\"std\">Jau pirmais acu uzmetiens par sp\u0113c\u012bgo agres\u012bvi sarkano Catana stasta, ka t\u0101 ir spole ar kvalit\u0101ti un aizraut\u012bbu. Catana RB lieliskais dizains ir papildin\u0101ts ar diviem ner\u016bs\u0113jo&scaron;\u0101 t\u0113rauda lod\u012b&scaron;u gult\u0146i un vienu rull\u012b&scaron;u gultni, nodro&scaron;inot gludu gaitu, k\u0101da parasti ir atrodama daudz d\u0101rg\u0101k\u0101s spol\u0113s. Sp\u0113c\u012bga viegla alum\u012bnija spoli ir standarta komplekt\u0101cij\u0101, t\u0101dej\u0101di Catana RB ir lieliski piem\u0113rota gan mono un p\u012btaj\u0101m aukl\u0101m. &Scaron;is modelis ir piem\u0113rots visda\u017e\u0101d\u0101kajiem mak&scaron;\u0137er\u0113&scaron;anas apst\u0101k\u013ciem un to raksturo Dyna-Balance \u0101rk\u0101rt\u012bgi vienm\u0113r\u012bgai gaitai un Super Stopper II t\u016bl\u012bt\u0113jai \u0101\u0137u iecir&scaron;anai un p\u0101rliecino&scaron;ai zivju vad\u012b&scaron;anai. Nav &scaron;aubu Catana RB ir pirmklas\u012bga spole sav\u0101 cenu klas\u0113.<\/p>\n<p>Ietilp\u012bba &#8211; 90m\/0.25mm<br \/>Svars &#8211; 245 g<br \/>P\u0101rnesums &#8211; 5.2:1<br \/>Rezerves spole komplekt\u0101 &#8211; 1<\/div>\n<\/div>\n<\/div>\n<\/div>\n<\/div>\n<\/div>\n<\/div>\n<\/div>\n<\/div>\n<\/div>\n<\/div>\n<\/div>\n","protected":false},"excerpt":{"rendered":"<p>&nbsp; Jau pirmais acu uzmetiens par sp\u0113c\u012bgo agres\u012bvi sarkano Catana stasta, ka t\u0101 ir spole ar kvalit\u0101ti un aizraut\u012bbu. Catana RB lieliskais dizains ir papildin\u0101ts ar diviem ner\u016bs\u0113jo&scaron;\u0101 t\u0113rauda lod\u012b&scaron;u gult\u0146i un vienu rull\u012b&scaron;u gultni, nodro&scaron;inot gludu gaitu, k\u0101da parasti ir atrodama daudz d\u0101rg\u0101k\u0101s spol\u0113s. Sp\u0113c\u012bga viegla alum\u012bnija spoli ir standarta komplekt\u0101cij\u0101, t\u0101dej\u0101di Catana RB [&hellip;]<\/p>\n","protected":false},"featured_media":66288,"template":"","meta":[],"product_brand":[3371],"product_cat":[4538,4539,4541],"product_tag":[],"class_list":{"0":"post-77623","1":"product","2":"type-product","3":"status-publish","4":"has-post-thumbnail","6":"product_brand-shimano","7":"product_cat-fishing-equipment-recreation","8":"product_cat-reels-fishing-equipment-recreation","9":"product_cat-spinning-reels-reels-fishing-equipment-recreation","11":"first","12":"instock","13":"shipping-taxable","14":"purchasable","15":"product-type-simple"},"_links":{"self":[{"href":"https:\/\/sezona.lv\/en\/wp-json\/wp\/v2\/product\/77623","targetHints":{"allow":["GET"]}}],"collection":[{"href":"https:\/\/sezona.lv\/en\/wp-json\/wp\/v2\/product"}],"about":[{"href":"https:\/\/sezona.lv\/en\/wp-json\/wp\/v2\/types\/product"}],"wp:featuredmedia":[{"embeddable":true,"href":"https:\/\/sezona.lv\/en\/wp-json\/wp\/v2\/media\/66288"}],"wp:attachment":[{"href":"https:\/\/sezona.lv\/en\/wp-json\/wp\/v2\/media?parent=77623"}],"wp:term":[{"taxonomy":"product_brand","embeddable":true,"href":"https:\/\/sezona.lv\/en\/wp-json\/wp\/v2\/product_brand?post=77623"},{"taxonomy":"product_cat","embeddable":true,"href":"https:\/\/sezona.lv\/en\/wp-json\/wp\/v2\/product_cat?post=77623"},{"taxonomy":"product_tag","embeddable":true,"href":"https:\/\/sezona.lv\/en\/wp-json\/wp\/v2\/product_tag?post=77623"}],"curies":[{"name":"wp","href":"https:\/\/api.w.org\/{rel}","templated":true}]}}