{"id":77624,"date":"2025-07-11T16:15:15","date_gmt":"2025-07-11T13:15:15","guid":{"rendered":"https:\/\/demo8.ecube.lv\/sezona.lv\/products\/shimano-spole-stella-c-3000-fi\/"},"modified":"2025-07-14T15:09:45","modified_gmt":"2025-07-14T12:09:45","slug":"shimano-spole-stella-c-3000-fi","status":"publish","type":"product","link":"https:\/\/sezona.lv\/en\/products\/shimano-spole-stella-c-3000-fi\/","title":{"rendered":"Shimano spole STELLA C 3000 FI"},"content":{"rendered":"<p>&nbsp;<\/p>\n<div class=\"ma-main-container col2-right-layout\">\n<div class=\"container\">\n<div class=\"main\">\n<div class=\"main-inner\">\n<div class=\"row\">\n<div class=\"col-main col-xs-12 col-sm-9\">\n<div class=\"product-view\">\n<div class=\"product-essential\">\n<div class=\"row\">\n<div class=\"product-shop col-sm-7 col-md-87 col-sms-8 col-smb-12\">\n<div class=\"short-description\">\n<div class=\"std\">Stella noz\u012bm\u0113 tikai vienu &#8211; vislab\u0101kais &#8211; un tas nav p\u0101rsteigums, ka jaun\u0101 Stella ieg\u016bst neskait\u0101mas balvas jau kop&scaron; t\u0101s ievie&scaron;anas 2010. gad\u0101. Graujo&scaron;s izskats un iznes\u012bba ir papildin\u0101ta ar nep\u0101rsp\u0113jamu izpild\u012bjumu. Tehniski Stella ir tik laba, k\u0101 t\u0101 izpau\u017eas, atspogu\u013cojot Shimano jaunin\u0101jumu l\u012bniju, kam citas spoles vienk\u0101r&scaron;i nesp\u0113j sekot. Pa\u0146emiet Stellu rok\u0101s un j\u016bs sajut\u012bsiet iev\u0113rojamu magnija \u0137erme\u0146a vieglumu, pagrieziet rokturi un j\u016bs nov\u0113rt\u0113siet rull\u012b&scaron;u gult\u0146a vienm\u0113r\u012bgumu un 14 vairogveida RB gult\u0146us kop\u0101 ar tehnolo\u0123ijas izcil\u012bbu, bet pamak&scaron;\u0137er\u0113jiet ar to un j\u016bs nekad vairs neskat\u012bsieties uz cit\u0101m spol\u0113m. Stella veic metienus k\u0101 sapni un vada zivis ar bremzi tik viegli ka t\u0101 iedve&scaron; p\u0101rliec\u012bbu pat visskarb\u0101kajos apst\u0101k\u013cos. Ir labas spoles, ir lieliskas spoles, un tad ir Stella. Shimano pati lab\u0101k\u0101, ar reput\u0101ciju, ko apskau\u017e visa pasaule.<\/p>\n<p>Sp\u0113c\u012bgs un \u0101trs liela diametra zobrats.<br \/>Jaunajai Stella ir liel\u0101ka diametra zobrats k\u0101 iepriek&scaron;\u0113jiem mode\u013ciem. Liel\u0101ka diametra zobrats nodod vair\u0101k jaudas vadotnes asij.<\/p>\n<p>Augstas efektivit\u0101tes jaudas transmisija.<br \/>Shimano jaunais zobratu dizains b\u016btiski uzlabo jaudas transmisijas efektivit\u0101ti, k\u0101 rezult\u0101t\u0101 spole grie\u017eas vienm\u0113r\u012bg\u0101k un sp\u0113c\u012bg\u0101k.<\/p>\n<p>L\u012bdzena darb\u012bba pat pie lielas slodzes<br \/>Vadotnes abos t\u0101s galos balsta S-ARB gult\u0146i, kas nodro&scaron;ina \u012bpa&scaron;i vienm\u0113r\u012bgu darb\u012bbu bez r\u016bsas iedarb\u012bbas.<\/p>\n<p>AR-C viegla spol\u012bte ir par 12% viegl\u0101ka, bet tik pat iztur\u012bga!<\/p>\n<p>E.I. virsmas apstr\u0101de &#8211; virsmas iztur\u012bba tiek dubultota sal\u012bdzin\u0101jum\u0101 ar iepriek&scaron;\u0113jo Stella modeli.<\/p>\n<p>Ietilp\u012bba &#8211; 0.25-210 \/ 0.30-130 \/ 0.35-100 (mm\/m)<br \/>Svars &#8211; 225 g<br \/>P\u0101rnesums &#8211; 5.3:1<br \/>Auklas uzt\u012b&scaron;anas garums viena apgrieziena laik\u0101 &#8211; 77cm<br \/>Maks. jauda &#8211; 9kg<\/div>\n<\/div>\n<\/div>\n<\/div>\n<\/div>\n<\/div>\n<\/div>\n<\/div>\n<\/div>\n<\/div>\n<\/div>\n<\/div>\n","protected":false},"excerpt":{"rendered":"<p>&nbsp; Stella noz\u012bm\u0113 tikai vienu &#8211; vislab\u0101kais &#8211; un tas nav p\u0101rsteigums, ka jaun\u0101 Stella ieg\u016bst neskait\u0101mas balvas jau kop&scaron; t\u0101s ievie&scaron;anas 2010. gad\u0101. Graujo&scaron;s izskats un iznes\u012bba ir papildin\u0101ta ar nep\u0101rsp\u0113jamu izpild\u012bjumu. Tehniski Stella ir tik laba, k\u0101 t\u0101 izpau\u017eas, atspogu\u013cojot Shimano jaunin\u0101jumu l\u012bniju, kam citas spoles vienk\u0101r&scaron;i nesp\u0113j sekot. Pa\u0146emiet Stellu rok\u0101s un [&hellip;]<\/p>\n","protected":false},"featured_media":66291,"template":"","meta":[],"product_brand":[3371],"product_cat":[4538,4539,4541],"product_tag":[],"class_list":{"0":"post-77624","1":"product","2":"type-product","3":"status-publish","4":"has-post-thumbnail","6":"product_brand-shimano","7":"product_cat-fishing-equipment-recreation","8":"product_cat-reels-fishing-equipment-recreation","9":"product_cat-spinning-reels-reels-fishing-equipment-recreation","11":"first","12":"instock","13":"shipping-taxable","14":"purchasable","15":"product-type-simple"},"_links":{"self":[{"href":"https:\/\/sezona.lv\/en\/wp-json\/wp\/v2\/product\/77624","targetHints":{"allow":["GET"]}}],"collection":[{"href":"https:\/\/sezona.lv\/en\/wp-json\/wp\/v2\/product"}],"about":[{"href":"https:\/\/sezona.lv\/en\/wp-json\/wp\/v2\/types\/product"}],"wp:featuredmedia":[{"embeddable":true,"href":"https:\/\/sezona.lv\/en\/wp-json\/wp\/v2\/media\/66291"}],"wp:attachment":[{"href":"https:\/\/sezona.lv\/en\/wp-json\/wp\/v2\/media?parent=77624"}],"wp:term":[{"taxonomy":"product_brand","embeddable":true,"href":"https:\/\/sezona.lv\/en\/wp-json\/wp\/v2\/product_brand?post=77624"},{"taxonomy":"product_cat","embeddable":true,"href":"https:\/\/sezona.lv\/en\/wp-json\/wp\/v2\/product_cat?post=77624"},{"taxonomy":"product_tag","embeddable":true,"href":"https:\/\/sezona.lv\/en\/wp-json\/wp\/v2\/product_tag?post=77624"}],"curies":[{"name":"wp","href":"https:\/\/api.w.org\/{rel}","templated":true}]}}