{"id":77625,"date":"2025-07-11T16:15:17","date_gmt":"2025-07-11T13:15:17","guid":{"rendered":"https:\/\/demo8.ecube.lv\/sezona.lv\/products\/levenhuk-energy-8-17x40-binoklis\/"},"modified":"2025-07-14T15:09:46","modified_gmt":"2025-07-14T12:09:46","slug":"levenhuk-energy-8-17x40-binoklis","status":"publish","type":"product","link":"https:\/\/sezona.lv\/en\/products\/levenhuk-energy-8-17x40-binoklis\/","title":{"rendered":"Levenhuk Energy 8-17&#215;40 Binoklis"},"content":{"rendered":"<table class=\"table table-bordered\" border=\"0\">\n<thead>\n<tr>\n<td colspan=\"2\"><span>Atrib\u016bti<\/span><\/td>\n<\/tr>\n<\/thead>\n<tbody>\n<tr>\n<td>Acs att\u0101lums<\/td>\n<td>16 &#8211; 12 mm<\/td>\n<\/tr>\n<tr>\n<td>Darb\u012bbas temperat\u016bras diapazons<\/td>\n<td>-5&#8230; 60&lt;br\/&gt; 23&#8230; 140 &deg; C<\/td>\n<\/tr>\n<tr>\n<td>Fokus\u0113&scaron;ana<\/td>\n<td>central<\/td>\n<\/tr>\n<tr>\n<td>Garantija<\/td>\n<td>m\u016b\u017ea garantija<\/td>\n<\/tr>\n<tr>\n<td>Izejas z\u012bl\u012b&scaron;u diametrs<\/td>\n<td>2.3 mm<\/td>\n<\/tr>\n<tr>\n<td>Iz&scaron;\u0137irtsp\u0113jas slieksnis, (arcsecundes)<\/td>\n<td>7<\/td>\n<\/tr>\n<tr>\n<td>Kr\u0113slas koeficients<\/td>\n<td>17.89-26.08<\/td>\n<\/tr>\n<tr>\n<td>Objekt\u012bva l\u0113cas diametrs (atv\u0113rums)<\/td>\n<td>40 mm<\/td>\n<\/tr>\n<tr>\n<td>Okul\u0101ru dioptriju korekcija, dioptriju skala<\/td>\n<td>&plusmn;4<\/td>\n<\/tr>\n<tr>\n<td>Optikas materi\u0101ls<\/td>\n<td>BaK-4 glass<\/td>\n<\/tr>\n<tr>\n<td>Optikas p\u0101rkl\u0101jums<\/td>\n<td>fully multi-coated with a high refraction index<\/td>\n<\/tr>\n<tr>\n<td>Palielin\u0101jums<\/td>\n<td>8 &#8211; 17 x<\/td>\n<\/tr>\n<tr>\n<td>Pielietojums<\/td>\n<td>General use product.&lt;br\/&gt;May be used by kids&lt;br\/&gt;over 3 years old.<\/td>\n<\/tr>\n<tr>\n<td>Ra\u017eot\u0101ja valsts<\/td>\n<td>PRC, controlled by Levenhuk, Inc. (USA)<\/td>\n<\/tr>\n<tr>\n<td>Redzes lauks<\/td>\n<td>5.0-3.1&plusmn; 5% &amp;deg;<\/td>\n<\/tr>\n<tr>\n<td>Redzes lauks, m\/1000 m<\/td>\n<td>87 &#8211; 54&lt;br\/&gt; 261 &#8211; 162<\/td>\n<\/tr>\n<tr>\n<td>Relat\u012bvais spilgtums<\/td>\n<td>25 &#8211; 5.29<\/td>\n<\/tr>\n<tr>\n<td>Tips<\/td>\n<td>Porro prism<\/td>\n<\/tr>\n<tr>\n<td>Tuvais fokus<\/td>\n<td>3.5&lt;br\/&gt; 11.5 m<\/td>\n<\/tr>\n<\/tbody>\n<\/table>\n","protected":false},"excerpt":{"rendered":"<p>Atrib\u016bti Acs att\u0101lums 16 &#8211; 12 mm Darb\u012bbas temperat\u016bras diapazons -5&#8230; 60&lt;br\/&gt; 23&#8230; 140 &deg; C Fokus\u0113&scaron;ana central Garantija m\u016b\u017ea garantija Izejas z\u012bl\u012b&scaron;u diametrs 2.3 mm Iz&scaron;\u0137irtsp\u0113jas slieksnis, (arcsecundes) 7 Kr\u0113slas koeficients 17.89-26.08 Objekt\u012bva l\u0113cas diametrs (atv\u0113rums) 40 mm Okul\u0101ru dioptriju korekcija, dioptriju skala &plusmn;4 Optikas materi\u0101ls BaK-4 glass Optikas p\u0101rkl\u0101jums fully multi-coated with a [&hellip;]<\/p>\n","protected":false},"featured_media":66298,"template":"","meta":[],"product_brand":[3372],"product_cat":[4938,4939],"product_tag":[],"class_list":{"0":"post-77625","1":"product","2":"type-product","3":"status-publish","4":"has-post-thumbnail","6":"product_brand-levenhuk","7":"product_cat-optics-recreation","8":"product_cat-binoculars-optics-recreation","10":"first","11":"instock","12":"shipping-taxable","13":"purchasable","14":"product-type-simple"},"_links":{"self":[{"href":"https:\/\/sezona.lv\/en\/wp-json\/wp\/v2\/product\/77625","targetHints":{"allow":["GET"]}}],"collection":[{"href":"https:\/\/sezona.lv\/en\/wp-json\/wp\/v2\/product"}],"about":[{"href":"https:\/\/sezona.lv\/en\/wp-json\/wp\/v2\/types\/product"}],"wp:featuredmedia":[{"embeddable":true,"href":"https:\/\/sezona.lv\/en\/wp-json\/wp\/v2\/media\/66298"}],"wp:attachment":[{"href":"https:\/\/sezona.lv\/en\/wp-json\/wp\/v2\/media?parent=77625"}],"wp:term":[{"taxonomy":"product_brand","embeddable":true,"href":"https:\/\/sezona.lv\/en\/wp-json\/wp\/v2\/product_brand?post=77625"},{"taxonomy":"product_cat","embeddable":true,"href":"https:\/\/sezona.lv\/en\/wp-json\/wp\/v2\/product_cat?post=77625"},{"taxonomy":"product_tag","embeddable":true,"href":"https:\/\/sezona.lv\/en\/wp-json\/wp\/v2\/product_tag?post=77625"}],"curies":[{"name":"wp","href":"https:\/\/api.w.org\/{rel}","templated":true}]}}