{"id":77634,"date":"2025-07-11T16:15:46","date_gmt":"2025-07-11T13:15:46","guid":{"rendered":"https:\/\/demo8.ecube.lv\/sezona.lv\/products\/levenhuk-vegas-10x32-binoklis\/"},"modified":"2025-07-14T15:09:55","modified_gmt":"2025-07-14T12:09:55","slug":"levenhuk-vegas-10x32-binoklis","status":"publish","type":"product","link":"https:\/\/sezona.lv\/en\/products\/levenhuk-vegas-10x32-binoklis\/","title":{"rendered":"Levenhuk Vegas 10&#215;32 Binoklis"},"content":{"rendered":"<table class=\"table table-bordered\" border=\"0\">\n<thead>\n<tr>\n<td colspan=\"2\"><span>Atrib\u016bti<\/span><\/td>\n<\/tr>\n<\/thead>\n<tbody>\n<tr>\n<td>Acs att\u0101lums<\/td>\n<td>15 mm<\/td>\n<\/tr>\n<tr>\n<td>Fokus\u0113&scaron;ana<\/td>\n<td>centr\u0101l\u0101<\/td>\n<\/tr>\n<tr>\n<td>Gaismas sav\u0101k&scaron;ana sp\u0113ja %<\/td>\n<td>75<\/td>\n<\/tr>\n<tr>\n<td>Garantija<\/td>\n<td>m\u016b\u017ea garantija<\/td>\n<\/tr>\n<tr>\n<td>Izejas z\u012bl\u012b&scaron;u diametrs<\/td>\n<td>2 mm<\/td>\n<\/tr>\n<tr>\n<td>Iz&scaron;\u0137irtsp\u0113jas slieksnis, (arcsecundes)<\/td>\n<td>8,7<\/td>\n<\/tr>\n<tr>\n<td>Kr\u0113slas koeficients<\/td>\n<td>17,89<\/td>\n<\/tr>\n<tr>\n<td>Objekt\u012bva l\u0113cas diametrs (atv\u0113rums)<\/td>\n<td>32 mm<\/td>\n<\/tr>\n<tr>\n<td>Okul\u0101ru dioptriju korekcija, dioptriju skala<\/td>\n<td>-4&#8230;+8<\/td>\n<\/tr>\n<tr>\n<td>Optikas materi\u0101ls<\/td>\n<td>BaK-4 stikla<\/td>\n<\/tr>\n<tr>\n<td>Optikas p\u0101rkl\u0101jums<\/td>\n<td>abpus\u0113js 8 sl\u0101\u0146u multi-p\u0101rkl\u0101jums<\/td>\n<\/tr>\n<tr>\n<td>Palielin\u0101jums<\/td>\n<td>10 x<\/td>\n<\/tr>\n<tr>\n<td>Ra\u017eot\u0101ja valsts<\/td>\n<td>PRC, controlled by Levenhuk, Inc. (USA)<\/td>\n<\/tr>\n<tr>\n<td>Redzes lauks<\/td>\n<td>5,5 &amp;deg;<\/td>\n<\/tr>\n<tr>\n<td>Redzes lauks, m\/1000 m<\/td>\n<td>96<\/td>\n<\/tr>\n<tr>\n<td>Relat\u012bvais spilgtums<\/td>\n<td>10,24<\/td>\n<\/tr>\n<tr>\n<td>Starp-z\u012bl\u012b&scaron;u att\u0101lums (IPD)<\/td>\n<td>50&ndash;73 mm<\/td>\n<\/tr>\n<tr>\n<td>Tips<\/td>\n<td>prizmas<\/td>\n<\/tr>\n<tr>\n<td>Tuvais fokus<\/td>\n<td>1,5 m<\/td>\n<\/tr>\n<\/tbody>\n<\/table>\n","protected":false},"excerpt":{"rendered":"<p>Atrib\u016bti Acs att\u0101lums 15 mm Fokus\u0113&scaron;ana centr\u0101l\u0101 Gaismas sav\u0101k&scaron;ana sp\u0113ja % 75 Garantija m\u016b\u017ea garantija Izejas z\u012bl\u012b&scaron;u diametrs 2 mm Iz&scaron;\u0137irtsp\u0113jas slieksnis, (arcsecundes) 8,7 Kr\u0113slas koeficients 17,89 Objekt\u012bva l\u0113cas diametrs (atv\u0113rums) 32 mm Okul\u0101ru dioptriju korekcija, dioptriju skala -4&#8230;+8 Optikas materi\u0101ls BaK-4 stikla Optikas p\u0101rkl\u0101jums abpus\u0113js 8 sl\u0101\u0146u multi-p\u0101rkl\u0101jums Palielin\u0101jums 10 x Ra\u017eot\u0101ja valsts PRC, [&hellip;]<\/p>\n","protected":false},"featured_media":66451,"template":"","meta":[],"product_brand":[3372],"product_cat":[4938,4939],"product_tag":[],"class_list":{"0":"post-77634","1":"product","2":"type-product","3":"status-publish","4":"has-post-thumbnail","6":"product_brand-levenhuk","7":"product_cat-optics-recreation","8":"product_cat-binoculars-optics-recreation","10":"first","11":"instock","12":"shipping-taxable","13":"purchasable","14":"product-type-simple"},"_links":{"self":[{"href":"https:\/\/sezona.lv\/en\/wp-json\/wp\/v2\/product\/77634","targetHints":{"allow":["GET"]}}],"collection":[{"href":"https:\/\/sezona.lv\/en\/wp-json\/wp\/v2\/product"}],"about":[{"href":"https:\/\/sezona.lv\/en\/wp-json\/wp\/v2\/types\/product"}],"wp:featuredmedia":[{"embeddable":true,"href":"https:\/\/sezona.lv\/en\/wp-json\/wp\/v2\/media\/66451"}],"wp:attachment":[{"href":"https:\/\/sezona.lv\/en\/wp-json\/wp\/v2\/media?parent=77634"}],"wp:term":[{"taxonomy":"product_brand","embeddable":true,"href":"https:\/\/sezona.lv\/en\/wp-json\/wp\/v2\/product_brand?post=77634"},{"taxonomy":"product_cat","embeddable":true,"href":"https:\/\/sezona.lv\/en\/wp-json\/wp\/v2\/product_cat?post=77634"},{"taxonomy":"product_tag","embeddable":true,"href":"https:\/\/sezona.lv\/en\/wp-json\/wp\/v2\/product_tag?post=77634"}],"curies":[{"name":"wp","href":"https:\/\/api.w.org\/{rel}","templated":true}]}}