{"id":77639,"date":"2025-07-11T16:16:01","date_gmt":"2025-07-11T13:16:01","guid":{"rendered":"https:\/\/demo8.ecube.lv\/sezona.lv\/products\/levenhuk-vegas-8x42-binoklis\/"},"modified":"2025-07-14T15:10:00","modified_gmt":"2025-07-14T12:10:00","slug":"levenhuk-vegas-8x42-binoklis","status":"publish","type":"product","link":"https:\/\/sezona.lv\/en\/products\/levenhuk-vegas-8x42-binoklis\/","title":{"rendered":"Levenhuk Vegas 8&#215;42 Binoklis"},"content":{"rendered":"<p>Levenhuk Vegas 8&#215;42 modelis ar palielin\u0101jumu 8x ir lielisks medniekiem un mak&scaron;\u0137erniekiem un visiem tiem, kas nezina, kas dienas laik\u0101 var notikt. Ar jumti\u0146a prizmas dizainu tas ir maz\u0101ks nek\u0101 t\u0101 Porro-prism modifik\u0101cija, un piln\u012bb\u0101 vair\u0101kos sl\u0101\u0146os p\u0101rkl\u0101ta optisk\u0101 ier\u012bce ir izgatavota no BaK-4 stikla un sniedz skaidru skatu bez izkrop\u013cojumiem. 129 metru (387-p\u0113das) liels redzes lauks sniegs Jums iesp\u0113ju redz\u0113t maksim\u0101li daudz ar maksim\u0101lo palielin\u0101jumu, ka sir sevi&scaron;\u0137i v\u0113rt\u012bgs, v\u0113rojot me\u017eon\u012bgo dabu.<\/p>\n<p>&Scaron;is binoklis ir uzst\u0101d\u0101ms uz tripoda, kas ir labs pal\u012bgl\u012bdzeklis nov\u0113rojumos ilg\u0101ku laiku. Neatkar\u012bgi no t\u0101, ko J\u016bs dar\u0101t- esat med\u012bb\u0101s, v\u0113rojat me\u017eon\u012bgo dabu vai p\u0113tat pasaules ce\u013cojum\u0101 ieraudz\u012bt\u0101 monumenta deta\u013cas Levenhuk Vegas sniegs Jums vair\u0101k iesp\u0113ju.<\/p>\n<p><span>\u012apa&scaron;\u012bbas:<\/span><\/p>\n<ul class=\"vikas-list-u\">\n<li>Ar nitrog\u0113nu pild\u012bts ietvars optim\u0101lai iztur\u012bbai pret miglu.<\/li>\n<li>\u016adensiztur\u012bgs l\u012bdz 1 metram (3.3 p\u0113das);<\/li>\n<li>Uzst\u0101d\u0101ms uz tripoda, pat uz t\u0101, kas ir veidots kamer\u0101m;<\/li>\n<li>Pagrie\u017eamas okul\u0101ru b\u013codi\u0146as sniedz Jums iesp\u0113ju lietot binokli, pat ja J\u016bs lietojat brilles;<\/li>\n<li>Gumijas ietvars sarg\u0101 no meh\u0101niskajiem boj\u0101jumiem;<\/li>\n<li>Dioptriju piel\u0101go&scaron;anas diapazons no -4 l\u012bdz 8 dioptrij\u0101m.<\/li>\n<\/ul>\n<p><span>Optisk\u0101 ier\u012bce<\/span><br \/>&Scaron;o binok\u013cu optisk\u0101 ier\u012bce ir izgatavota no BaK-4 stikla, kuram ir augsts refrakcijas r\u0101d\u012bt\u0101js. Mode\u013ca kompaktums sniedz iesp\u0113ju lietot \u0101tr\u0101kas l\u0113cas bez skatu kvalit\u0101tes zuduma. Piln\u012bb\u0101 vair\u0101kos sl\u0101\u0146os p\u0101rkl\u0101ta Levenhuk Vegas mode\u013ca optika prec\u012bzi reproduc\u0113 kr\u0101sas un pies\u0101tin\u0101t\u012bbu.<\/p>\n<p><span>Ietvars<\/span><br \/>Gumij\u0101 ietvertais apvalks ir izgatavots no triecieniztur\u012bga plastika, kas no vienas puses rada \u0113rt\u012bbu tv\u0113rienam, no otras puses sarg\u0101 binokli no meh\u0101niskajiem boj\u0101jumiem un triecieniem. Ergonomisks dizains sniedz iesp\u0113ju \u0113rti veikt ilg\u0101kus nov\u0113rojumus.<\/p>\n<p><span>Iesp\u0113jas<\/span><br \/>Levenhuk Vegas Binoklis sp\u0113js visu, ko J\u016bs sagaid\u0101t no modern binok\u013ca:<\/p>\n<ul class=\"vikas-list-u\">\n<li><span>Dioptriju piel\u0101go&scaron;anas disks<\/span>&nbsp;labaj\u0101 pus\u0113 sniedz Jums iesp\u0113ju piel\u0101got binokli savai redzei.<\/li>\n<li><span>Centr\u0101l\u0101 fokus\u0113&scaron;ana<\/span>&nbsp;ir viegl\u0101kais veids fokus\u0113t jebkuru binokli;<\/li>\n<li><span>\u016adensiztur\u012bgi<\/span>&nbsp;un&nbsp;<span>iztur\u012bgi pret miglu<\/span>, &scaron;os binok\u013cus var lietot gan lietus, gan saulain\u0101 laika (Levenhuk Vegas modelis sp\u0113j iztur\u0113t lietu, j\u016bras \u016bdens &scaron;\u013cakatas un kri&scaron;anu snieg\u0101 bez sekam, kas negat\u012bvi ietekme funkcionalit\u0101ti);<\/li>\n<li><span>Piel\u0101gojam\u012bba tripodam<\/span>&nbsp;ir noder\u012bga, kad J\u016bs zin\u0101t, ka J\u016bsu apskate aiz\u0146ems laiku vai kad J\u016bs v\u0113laties apskat\u012bt objektus ar liel\u0101ku palielinajumu, jo tripods nav kust\u012bgs un sniedz stabilit\u0101ti J\u016bsu apskatei;<\/li>\n<li><span>Pagrie\u017eamie okul\u0101ra trauci\u0146i sniedz<\/span>&nbsp;iesp\u0113ju lietot binok\u013cus pat, ja J\u016bs n\u0113s\u0101jat brilles. Okul\u0101ra trauci\u0146i ir izgatavoti no m\u012bkstas gumijas, kuriem ir apt\u012bkami pieskarties;<\/li>\n<li>Lietojot&nbsp;<span>okul\u0101ra un objekt\u012bva l\u0113cu v\u0101ci\u0146us<\/span>&nbsp;komplekt\u0101 ir lab\u0101kais veids, ka transport\u0113t un uzglab\u0101t J\u016bsu binokli, t\u0101d\u0113j\u0101di aizsarg\u0101jot lecas.<\/li>\n<\/ul>\n<p>\u0145emiet v\u0113r\u0101, ka Levenhuk Vegas 8&#215;42 binokli var lietot apskatei dienas gaism\u0101 vai v\u0101ja apgaismojuma apst\u0101k\u013cos, t\u0101dos k\u0101 kr\u0113sla, zemie m\u0101ko\u0146i un t\u0101 t\u0101l\u0101k.<\/p>\n<p><span>Komplekt\u0101 iek\u013cauts:<\/span><\/p>\n<ul class=\"vikas-list-u\">\n<li>Binoklis<\/li>\n<li>Objekt\u012bva l\u0113cu v\u0101ci\u0146i- 2 gabali<\/li>\n<li>Okul\u0101ra v\u0101ci\u0146&scaron;<\/li>\n<li>Lenta binok\u013ca uzlik&scaron;anai uz kakla<\/li>\n<li>T\u012br\u012b&scaron;anas dr\u0101na<\/li>\n<li>Neilona maisi\u0146&scaron;<\/li>\n<li>Lietot\u0101ja rokasgr\u0101mata un m\u016b\u017ea garantija<\/li>\n<\/ul>\n<table class=\"table table-bordered\" border=\"0\">\n<thead>\n<tr>\n<td colspan=\"2\"><span>Atrib\u016bti<\/span><\/td>\n<\/tr>\n<\/thead>\n<tbody>\n<tr>\n<td>Acs att\u0101lums<\/td>\n<td>18 mm<\/td>\n<\/tr>\n<tr>\n<td>Fokus\u0113&scaron;ana<\/td>\n<td>centr\u0101l\u0101<\/td>\n<\/tr>\n<tr>\n<td>Gaismas sav\u0101k&scaron;ana sp\u0113ja %<\/td>\n<td>75<\/td>\n<\/tr>\n<tr>\n<td>Garantija<\/td>\n<td>m\u016b\u017ea garantija<\/td>\n<\/tr>\n<tr>\n<td>Izejas z\u012bl\u012b&scaron;u diametrs<\/td>\n<td>5,25 mm<\/td>\n<\/tr>\n<tr>\n<td>Iz&scaron;\u0137irtsp\u0113jas slieksnis, (arcsecundes)<\/td>\n<td>6,7<\/td>\n<\/tr>\n<tr>\n<td>Kr\u0113slas koeficients<\/td>\n<td>18,33<\/td>\n<\/tr>\n<tr>\n<td>Objekt\u012bva l\u0113cas diametrs (atv\u0113rums)<\/td>\n<td>42 mm<\/td>\n<\/tr>\n<tr>\n<td>Okul\u0101ru dioptriju korekcija, dioptriju skala<\/td>\n<td>-4&#8230;+8<\/td>\n<\/tr>\n<tr>\n<td>Optikas materi\u0101ls<\/td>\n<td>BaK-4 stikla<\/td>\n<\/tr>\n<tr>\n<td>Optikas p\u0101rkl\u0101jums<\/td>\n<td>abpus\u0113js 8 sl\u0101\u0146u multi-p\u0101rkl\u0101jums<\/td>\n<\/tr>\n<tr>\n<td>Palielin\u0101jums<\/td>\n<td>8 x<\/td>\n<\/tr>\n<tr>\n<td>Ra\u017eot\u0101ja valsts<\/td>\n<td>PRC, controlled by Levenhuk, Inc. (USA)<\/td>\n<\/tr>\n<tr>\n<td>Redzes lauks<\/td>\n<td>7,4 &amp;deg;<\/td>\n<\/tr>\n<tr>\n<td>Redzes lauks, m\/1000 m<\/td>\n<td>129<\/td>\n<\/tr>\n<tr>\n<td>Relat\u012bvais spilgtums<\/td>\n<td>27,6<\/td>\n<\/tr>\n<tr>\n<td>Starp-z\u012bl\u012b&scaron;u att\u0101lums (IPD)<\/td>\n<td>50&ndash;73 mm<\/td>\n<\/tr>\n<tr>\n<td>Tips<\/td>\n<td>prizmas<\/td>\n<\/tr>\n<tr>\n<td>Tuvais fokus<\/td>\n<td>1,2 m<\/td>\n<\/tr>\n<\/tbody>\n<\/table>\n","protected":false},"excerpt":{"rendered":"<p>Levenhuk Vegas 8&#215;42 modelis ar palielin\u0101jumu 8x ir lielisks medniekiem un mak&scaron;\u0137erniekiem un visiem tiem, kas nezina, kas dienas laik\u0101 var notikt. Ar jumti\u0146a prizmas dizainu tas ir maz\u0101ks nek\u0101 t\u0101 Porro-prism modifik\u0101cija, un piln\u012bb\u0101 vair\u0101kos sl\u0101\u0146os p\u0101rkl\u0101ta optisk\u0101 ier\u012bce ir izgatavota no BaK-4 stikla un sniedz skaidru skatu bez izkrop\u013cojumiem. 129 metru (387-p\u0113das) liels [&hellip;]<\/p>\n","protected":false},"featured_media":66536,"template":"","meta":[],"product_brand":[3372],"product_cat":[4938,4939],"product_tag":[],"class_list":{"0":"post-77639","1":"product","2":"type-product","3":"status-publish","4":"has-post-thumbnail","6":"product_brand-levenhuk","7":"product_cat-optics-recreation","8":"product_cat-binoculars-optics-recreation","10":"first","11":"instock","12":"shipping-taxable","13":"purchasable","14":"product-type-simple"},"_links":{"self":[{"href":"https:\/\/sezona.lv\/en\/wp-json\/wp\/v2\/product\/77639","targetHints":{"allow":["GET"]}}],"collection":[{"href":"https:\/\/sezona.lv\/en\/wp-json\/wp\/v2\/product"}],"about":[{"href":"https:\/\/sezona.lv\/en\/wp-json\/wp\/v2\/types\/product"}],"wp:featuredmedia":[{"embeddable":true,"href":"https:\/\/sezona.lv\/en\/wp-json\/wp\/v2\/media\/66536"}],"wp:attachment":[{"href":"https:\/\/sezona.lv\/en\/wp-json\/wp\/v2\/media?parent=77639"}],"wp:term":[{"taxonomy":"product_brand","embeddable":true,"href":"https:\/\/sezona.lv\/en\/wp-json\/wp\/v2\/product_brand?post=77639"},{"taxonomy":"product_cat","embeddable":true,"href":"https:\/\/sezona.lv\/en\/wp-json\/wp\/v2\/product_cat?post=77639"},{"taxonomy":"product_tag","embeddable":true,"href":"https:\/\/sezona.lv\/en\/wp-json\/wp\/v2\/product_tag?post=77639"}],"curies":[{"name":"wp","href":"https:\/\/api.w.org\/{rel}","templated":true}]}}