{"id":77640,"date":"2025-07-11T16:16:04","date_gmt":"2025-07-11T13:16:04","guid":{"rendered":"https:\/\/demo8.ecube.lv\/sezona.lv\/products\/levenhuk-vegas-15x56-binoklis\/"},"modified":"2025-07-14T15:10:01","modified_gmt":"2025-07-14T12:10:01","slug":"levenhuk-vegas-15x56-binoklis","status":"publish","type":"product","link":"https:\/\/sezona.lv\/en\/products\/levenhuk-vegas-15x56-binoklis\/","title":{"rendered":"Levenhuk Vegas 15&#215;56 Binoklis"},"content":{"rendered":"<p>Levenhuk Vegas 15&#215;56 _ &nbsp;sp\u0113c\u012bgs binoklis, kas ir lielisks p\u0113t\u012bjumiem lielos pla&scaron;umos!<\/p>\n<p>15x palielin\u0101jums un 56 mm objekt\u012bva l\u0113cas sniedz Jums iesp\u0113ju p\u0113t\u012bt pat vissmalk\u0101k\u0101s apskat\u0101m\u0101 objekta deta\u013cas no att\u0101luma, kas Nerada iesp\u0113jam\u012bbu b\u016bt paman\u012btam. Augstas kvalit\u0101tes optika pal\u012bdz veidot Jums izteiksm\u012bgus, skaidrus att\u0113lus ne tikai saulain\u0101 laik\u0101, bet gan ar\u012b kr\u0113slas stund\u0101 vai zem smagas m\u0101ko\u0146u segas.<\/p>\n<p><span>Optisk\u0101 ier\u012bce<\/span><br \/>&Scaron;o binok\u013cu optisk\u0101 ier\u012bce ir izgatavota no BaK-4 stikla, kuram ir augsts refrakcijas r\u0101d\u012bt\u0101js. Mode\u013ca kompaktums sniedz iesp\u0113ju lietot \u0101tr\u0101kas l\u0113cas bez skatu kvalit\u0101tes zuduma. Piln\u012bb\u0101 vair\u0101kos sl\u0101\u0146os p\u0101rkl\u0101ta Levenhuk Vegas mode\u013ca optika prec\u012bzi reproduc\u0113 kr\u0101sas un pies\u0101tin\u0101t\u012bbu.<\/p>\n<p><span>Ietvars<\/span><br \/>Gumij\u0101 ietvertais apvalks ir izgatavots no triecieniztur\u012bga plastika, kas no vienas puses rada \u0113rt\u012bbu tv\u0113rienam, no otras puses sarg\u0101 binokli no meh\u0101niskajiem boj\u0101jumiem un triecieniem. Ergonomisks dizains sniedz iesp\u0113ju \u0113rti veikt ilg\u0101kus nov\u0113rojumus.<\/p>\n<p><span>Iesp\u0113jas<\/span><br \/>Levenhuk Vegas Binoklis sp\u0113j visu, ko J\u016bs sagaid\u0101t no moderna binok\u013ca:<\/p>\n<ul class=\"vikas-list-u\">\n<li><span>Dioptriju piel\u0101go&scaron;anas disks<\/span>&nbsp;labaj\u0101 pus\u0113 sniedz Jums iesp\u0113ju piel\u0101got binokli savai redzei.<\/li>\n<li><span>Centr\u0101l\u0101 fokus\u0113&scaron;ana<\/span>&nbsp;ir viegl\u0101kais veids fokus\u0113t jebkuru binokli;<\/li>\n<li><span>\u016adensiztur\u012bgi<\/span>&nbsp;un&nbsp;<span>iztur\u012bgi pret miglu<\/span>, &scaron;os binok\u013cus var lietot gan lietus, gan saulain\u0101 laika (Levenhuk Vegas modelis sp\u0113j iztur\u0113t lietu, j\u016bras \u016bdens &scaron;\u013cakatas un kri&scaron;anu snieg\u0101 bez sek\u0101m, kas negat\u012bvi ietekme funkcionalit\u0101ti);<\/li>\n<li><span>Pagrie\u017eamie okul\u0101ra trauci\u0146i sniedz<\/span>&nbsp;iesp\u0113ju lietot binok\u013cus pat, ja J\u016bs n\u0113s\u0101jat brilles. Okul\u0101ra trauci\u0146i ir izgatavoti no m\u012bkstas gumijas, kuriem ir pat\u012bkami pieskarties.<\/li>\n<\/ul>\n<p>Atcerieties, ka Vegas 15&#215;56 Binoklis vai lietot vien\u012bgi apskatei dienas laik\u0101.<\/p>\n<p><span>Komplekt\u0101 iek\u013cauts:<\/span><\/p>\n<ul class=\"vikas-list-u\">\n<li>Binoklis<\/li>\n<li>Okul\u0101ra un objekt\u012bva l\u0113cu v\u0101ci\u0146us<\/li>\n<li>Lenta binok\u013ca uzlik&scaron;anai uz kakla<\/li>\n<li>T\u012br\u012b&scaron;anas dr\u0101na<\/li>\n<li>Neilona maisi\u0146&scaron;<\/li>\n<li>Lietot\u0101ja rokasgr\u0101mata un m\u016b\u017ea garantija<\/li>\n<li>\n<table class=\"table table-bordered\" border=\"0\">\n<thead>\n<tr>\n<td colspan=\"2\"><span>Atrib\u016bti<\/span><\/td>\n<\/tr>\n<\/thead>\n<tbody>\n<tr>\n<td>Acs att\u0101lums<\/td>\n<td>16 mm<\/td>\n<\/tr>\n<tr>\n<td>Fokus\u0113&scaron;ana<\/td>\n<td>centr\u0101l\u0101<\/td>\n<\/tr>\n<tr>\n<td>Gaismas sav\u0101k&scaron;ana sp\u0113ja %<\/td>\n<td>75<\/td>\n<\/tr>\n<tr>\n<td>Garantija<\/td>\n<td>m\u016b\u017ea garantija<\/td>\n<\/tr>\n<tr>\n<td>Izejas z\u012bl\u012b&scaron;u diametrs<\/td>\n<td>3,7 mm<\/td>\n<\/tr>\n<tr>\n<td>Iz&scaron;\u0137irtsp\u0113jas slieksnis, (arcsecundes)<\/td>\n<td>5<\/td>\n<\/tr>\n<tr>\n<td>Kr\u0113slas koeficients<\/td>\n<td>28,98<\/td>\n<\/tr>\n<tr>\n<td>Objekt\u012bva l\u0113cas diametrs (atv\u0113rums)<\/td>\n<td>56 mm<\/td>\n<\/tr>\n<tr>\n<td>Okul\u0101ru dioptriju korekcija, dioptriju skala<\/td>\n<td>-4&#8230;+8<\/td>\n<\/tr>\n<tr>\n<td>Optikas materi\u0101ls<\/td>\n<td>BaK-4 stikla<\/td>\n<\/tr>\n<tr>\n<td>Optikas p\u0101rkl\u0101jums<\/td>\n<td>abpus\u0113js 8 sl\u0101\u0146u multi-p\u0101rkl\u0101jums<\/td>\n<\/tr>\n<tr>\n<td>Palielin\u0101jums<\/td>\n<td>15 x<\/td>\n<\/tr>\n<tr>\n<td>Ra\u017eot\u0101ja valsts<\/td>\n<td>PRC, controlled by Levenhuk, Inc. (USA)<\/td>\n<\/tr>\n<tr>\n<td>Redzes lauks<\/td>\n<td>4,0 &amp;deg;<\/td>\n<\/tr>\n<tr>\n<td>Redzes lauks, m\/1000 m<\/td>\n<td>70<\/td>\n<\/tr>\n<tr>\n<td>Relat\u012bvais spilgtums<\/td>\n<td>13,9<\/td>\n<\/tr>\n<tr>\n<td>Starp-z\u012bl\u012b&scaron;u att\u0101lums (IPD)<\/td>\n<td>59&ndash;76 mm<\/td>\n<\/tr>\n<tr>\n<td>Tips<\/td>\n<td>prizmas<\/td>\n<\/tr>\n<tr>\n<td>Tuvais fokus<\/td>\n<td>2,5 m<\/td>\n<\/tr>\n<\/tbody>\n<\/table>\n<\/li>\n<\/ul>\n","protected":false},"excerpt":{"rendered":"<p>Levenhuk Vegas 15&#215;56 _ &nbsp;sp\u0113c\u012bgs binoklis, kas ir lielisks p\u0113t\u012bjumiem lielos pla&scaron;umos! 15x palielin\u0101jums un 56 mm objekt\u012bva l\u0113cas sniedz Jums iesp\u0113ju p\u0113t\u012bt pat vissmalk\u0101k\u0101s apskat\u0101m\u0101 objekta deta\u013cas no att\u0101luma, kas Nerada iesp\u0113jam\u012bbu b\u016bt paman\u012btam. Augstas kvalit\u0101tes optika pal\u012bdz veidot Jums izteiksm\u012bgus, skaidrus att\u0113lus ne tikai saulain\u0101 laik\u0101, bet gan ar\u012b kr\u0113slas stund\u0101 vai zem [&hellip;]<\/p>\n","protected":false},"featured_media":66553,"template":"","meta":[],"product_brand":[3372],"product_cat":[4938,4939],"product_tag":[],"class_list":{"0":"post-77640","1":"product","2":"type-product","3":"status-publish","4":"has-post-thumbnail","6":"product_brand-levenhuk","7":"product_cat-optics-recreation","8":"product_cat-binoculars-optics-recreation","10":"first","11":"instock","12":"shipping-taxable","13":"purchasable","14":"product-type-simple"},"_links":{"self":[{"href":"https:\/\/sezona.lv\/en\/wp-json\/wp\/v2\/product\/77640","targetHints":{"allow":["GET"]}}],"collection":[{"href":"https:\/\/sezona.lv\/en\/wp-json\/wp\/v2\/product"}],"about":[{"href":"https:\/\/sezona.lv\/en\/wp-json\/wp\/v2\/types\/product"}],"wp:featuredmedia":[{"embeddable":true,"href":"https:\/\/sezona.lv\/en\/wp-json\/wp\/v2\/media\/66553"}],"wp:attachment":[{"href":"https:\/\/sezona.lv\/en\/wp-json\/wp\/v2\/media?parent=77640"}],"wp:term":[{"taxonomy":"product_brand","embeddable":true,"href":"https:\/\/sezona.lv\/en\/wp-json\/wp\/v2\/product_brand?post=77640"},{"taxonomy":"product_cat","embeddable":true,"href":"https:\/\/sezona.lv\/en\/wp-json\/wp\/v2\/product_cat?post=77640"},{"taxonomy":"product_tag","embeddable":true,"href":"https:\/\/sezona.lv\/en\/wp-json\/wp\/v2\/product_tag?post=77640"}],"curies":[{"name":"wp","href":"https:\/\/api.w.org\/{rel}","templated":true}]}}