{"id":77643,"date":"2025-07-11T16:16:19","date_gmt":"2025-07-11T13:16:19","guid":{"rendered":"https:\/\/demo8.ecube.lv\/sezona.lv\/products\/levenhuk-monaco-10x42-binoklis\/"},"modified":"2025-07-14T15:10:06","modified_gmt":"2025-07-14T12:10:06","slug":"levenhuk-monaco-10x42-binoklis","status":"publish","type":"product","link":"https:\/\/sezona.lv\/en\/products\/levenhuk-monaco-10x42-binoklis\/","title":{"rendered":"Levenhuk Monaco 10&#215;42 Binoklis"},"content":{"rendered":"<p>Levenhuk Monaco 10&#215;42 ir klasisks lauka binoklis ikdienas lieto&scaron;anai ar 10x palielin\u0101jumu un 42 mm objekt\u012bva l\u0113cu diametru. &Scaron;ie binok\u013ci ir ideali p\u0101rg\u0101jienam, k\u0101 ar\u012b putnu un dz\u012bvnieku v\u0113ro&scaron;anai. Vair\u0101kos sl\u0101\u0146os p\u0101rkl\u0101t\u0101 jumti\u0146a prizma, kas ir izgatavota no BaK-4 stikla garant\u0113 sniegto att\u0113lu \u0101rkart\u012bgie skaidru kontrastu un asumu.<\/p>\n<p><span>Optisk\u0101s \u012bpa&scaron;\u012bbas<\/span><br \/>Levenhuk Monaco binok\u013ci p\u0101rsteigs ne tikai amatierus, bet gan ar\u012b profesion\u0101lus p\u0113tniekus. Augstas kvalit\u0101tes jumti\u0146a prizmas ir izgatavotas no BaK-4 stikla un p\u0101rkl\u0101tas 57 sl\u0101\u0146os ar dielektrisko segumu, kas samazina gaismas zudumus l\u012bdz minimumam. Optisk\u0101s ier\u012bces ir ar\u012b p\u0101kl\u0101tas vair\u0101kos sl\u0101\u0146os, lai veicin\u0101tu gaismas caurejam\u012bbu. Ar &scaron;o binokli J\u016bs vienm\u0113r ieg\u016bsiet apskat\u0101m\u0101 objekta realistiskus att\u0113lus.<\/p>\n<p><span>Ietvara konstrukcija<\/span><br \/>Visiem Monaco s\u0113rijas binok\u013ciem ir dro&scaron;s ietvars un tas ir iztur\u012bgs pret meh\u0101niskajiem triecieniem un vibr\u0101ciju. Tie nebaid\u0101s no lietus, sniega vai temperat\u016bras sv\u0101rst\u012bb\u0101m. To iztur\u012bgais plastika korpuss iev\u0113rojami samazina binok\u013ca svaru, dro&scaron;i sarg\u0101jot optiku no boj\u0101jumiem. Binok\u013cu iek&scaron;puse ir pild\u012bta ar nitrog\u0113nu, piln\u012bb\u0101 hermetiz\u0113jot binokli un nov\u0113r&scaron;ot optikas sv\u012b&scaron;anu. Ar gumiju p\u0101rkl\u0101ts ietvars rada dro&scaron;\u0101ku tv\u0113rienu pat ar slapj\u0101m rok\u0101m.<\/p>\n<p><span>\u012apa&scaron;\u012bbas<\/span><br \/>M\u0113s dar\u012bj\u0101m visu iesp\u0113jamo, lai &scaron;iem binok\u013ciem b\u016btu ne tikai augsta kvalit\u0101te, bet gan ar\u012b dro&scaron;a lieto&scaron;ana:<\/p>\n<ul class=\"vikas-list-u\">\n<li>Pagrie\u017eamie okul\u0101ra trauci\u0146i, kas ir izgatavoti no gumijas, sniegs Jums iesp\u0113ju lietot binokli ar\u012b ja J\u016bs n\u0113s\u0101jat brilles. Okul\u0101ra trauci\u0146i var mazin\u0101t atsp\u012bduma efektu, kad J\u016bs skat\u0101ties saules gaism\u0101.<\/li>\n<li>Dioptriju pielago&scaron;anas disks sniedz Jums iesp\u0113ju piel\u0101got binokli J\u016bsu ac\u012bm. J\u016bs varat piel\u0101got ar\u012b att\u0101lumu star acu z\u012bl\u012bt\u0113m.<\/li>\n<li>Centr\u0101lais fokuse&scaron;anas disks sniedz iesp\u0113ju \u0101tri nofokus\u0113t abu okul\u0101ru skatus ar vienu pagriezienu. Tuvais fokuss tikai ar 4.9 p\u0113d\u0101m sniegs Jums iesp\u0113ju apskat\u012bt objektu, kas atrodas \u013coti tuvu Jums.<\/li>\n<li>\u016adensiztur\u012bgs, dro&scaron;s apvalks aizsarg\u0101 optiku no mitruma, lietus un sniega. Korpus\u0101 ir ar\u012b ligzda binok\u013ca uzlik&scaron;anai uz tripoda.<\/li>\n<li>&Scaron;im modelim okul\u0101rs un objekt\u012bva l\u0113cas ir aizsegtas ar v\u0101ci\u0146iem, ietvars uzglab\u0101&scaron;anai un transport\u0113&scaron;anai, lenta binok\u013ca uzlik&scaron;anai uz kakla un t\u012br\u012b&scaron;anas dr\u0101na&ndash; viss, kas Jums ir vajadz\u012bgs, kad J\u016bs \u0146emat binokli l\u012bdzi ce\u013cojum\u0101.<\/li>\n<\/ul>\n<p><span>Komplekt\u0101 ietilpst:<\/span><\/p>\n<ul class=\"vikas-list-u\">\n<li>Levenhuk Monaco binoklis<\/li>\n<li>Okul\u0101ra un objekt\u012bva l\u0113cu v\u0101ci\u0146us<\/li>\n<li>Lenta binok\u013ca uzlik&scaron;anai uz kakla<\/li>\n<li>T\u012br\u012b&scaron;anas dr\u0101na<\/li>\n<li>Neilona maisi\u0146&scaron;<\/li>\n<li>Lietot\u0101ja rokasgr\u0101mata un m\u016b\u017ea garantija&nbsp;<\/li>\n<\/ul>\n<table class=\"table table-bordered\" border=\"0\">\n<thead>\n<tr>\n<td colspan=\"2\"><span>Atrib\u016bti<\/span><\/td>\n<\/tr>\n<\/thead>\n<tbody>\n<tr>\n<td>Acs att\u0101lums<\/td>\n<td>15 mm<\/td>\n<\/tr>\n<tr>\n<td>Fokus\u0113&scaron;ana<\/td>\n<td>centr\u0101l\u0101<\/td>\n<\/tr>\n<tr>\n<td>Gaismas sav\u0101k&scaron;ana sp\u0113ja %<\/td>\n<td>88,4<\/td>\n<\/tr>\n<tr>\n<td>Garantija<\/td>\n<td>m\u016b\u017ea garantija<\/td>\n<\/tr>\n<tr>\n<td>Izejas z\u012bl\u012b&scaron;u diametrs<\/td>\n<td>4,2 mm<\/td>\n<\/tr>\n<tr>\n<td>Iz&scaron;\u0137irtsp\u0113jas slieksnis, (arcsecundes)<\/td>\n<td>6,7<\/td>\n<\/tr>\n<tr>\n<td>Kr\u0113slas koeficients<\/td>\n<td>20,5<\/td>\n<\/tr>\n<tr>\n<td>Objekt\u012bva l\u0113cas diametrs (atv\u0113rums)<\/td>\n<td>42 mm<\/td>\n<\/tr>\n<tr>\n<td>Okul\u0101ru dioptriju korekcija, dioptriju skala<\/td>\n<td>&plusmn;4<\/td>\n<\/tr>\n<tr>\n<td>Optikas materi\u0101ls<\/td>\n<td>BaK-4 stikla<\/td>\n<\/tr>\n<tr>\n<td>Optikas p\u0101rkl\u0101jums<\/td>\n<td>dielektrisk\u0101 p\u0101rkl\u0101juma 57 sl\u0101\u0146i, piln\u012bb\u0101 multi-p\u0101rkl\u0101jums<\/td>\n<\/tr>\n<tr>\n<td>Palielin\u0101jums<\/td>\n<td>10 x<\/td>\n<\/tr>\n<tr>\n<td>Ra\u017eot\u0101ja valsts<\/td>\n<td>PRC, controlled by Levenhuk, Inc. (USA)<\/td>\n<\/tr>\n<tr>\n<td>Redzes lauks<\/td>\n<td>6,5 &amp;deg;<\/td>\n<\/tr>\n<tr>\n<td>Redzes lauks, m\/1000 m<\/td>\n<td>114<\/td>\n<\/tr>\n<tr>\n<td>Relat\u012bvais spilgtums<\/td>\n<td>17,6<\/td>\n<\/tr>\n<tr>\n<td>Starp-z\u012bl\u012b&scaron;u att\u0101lums (IPD)<\/td>\n<td>59 &#8211; 76 mm<\/td>\n<\/tr>\n<tr>\n<td>Tips<\/td>\n<td>prizmas<\/td>\n<\/tr>\n<tr>\n<td>Tuvais fokus<\/td>\n<td>1,2 m<\/td>\n<\/tr>\n<\/tbody>\n<\/table>\n","protected":false},"excerpt":{"rendered":"<p>Levenhuk Monaco 10&#215;42 ir klasisks lauka binoklis ikdienas lieto&scaron;anai ar 10x palielin\u0101jumu un 42 mm objekt\u012bva l\u0113cu diametru. &Scaron;ie binok\u013ci ir ideali p\u0101rg\u0101jienam, k\u0101 ar\u012b putnu un dz\u012bvnieku v\u0113ro&scaron;anai. Vair\u0101kos sl\u0101\u0146os p\u0101rkl\u0101t\u0101 jumti\u0146a prizma, kas ir izgatavota no BaK-4 stikla garant\u0113 sniegto att\u0113lu \u0101rkart\u012bgie skaidru kontrastu un asumu. Optisk\u0101s \u012bpa&scaron;\u012bbasLevenhuk Monaco binok\u013ci p\u0101rsteigs ne tikai [&hellip;]<\/p>\n","protected":false},"featured_media":66604,"template":"","meta":[],"product_brand":[3372],"product_cat":[4938,4939],"product_tag":[],"class_list":{"0":"post-77643","1":"product","2":"type-product","3":"status-publish","4":"has-post-thumbnail","6":"product_brand-levenhuk","7":"product_cat-optics-recreation","8":"product_cat-binoculars-optics-recreation","10":"first","11":"instock","12":"shipping-taxable","13":"purchasable","14":"product-type-simple"},"_links":{"self":[{"href":"https:\/\/sezona.lv\/en\/wp-json\/wp\/v2\/product\/77643","targetHints":{"allow":["GET"]}}],"collection":[{"href":"https:\/\/sezona.lv\/en\/wp-json\/wp\/v2\/product"}],"about":[{"href":"https:\/\/sezona.lv\/en\/wp-json\/wp\/v2\/types\/product"}],"wp:featuredmedia":[{"embeddable":true,"href":"https:\/\/sezona.lv\/en\/wp-json\/wp\/v2\/media\/66604"}],"wp:attachment":[{"href":"https:\/\/sezona.lv\/en\/wp-json\/wp\/v2\/media?parent=77643"}],"wp:term":[{"taxonomy":"product_brand","embeddable":true,"href":"https:\/\/sezona.lv\/en\/wp-json\/wp\/v2\/product_brand?post=77643"},{"taxonomy":"product_cat","embeddable":true,"href":"https:\/\/sezona.lv\/en\/wp-json\/wp\/v2\/product_cat?post=77643"},{"taxonomy":"product_tag","embeddable":true,"href":"https:\/\/sezona.lv\/en\/wp-json\/wp\/v2\/product_tag?post=77643"}],"curies":[{"name":"wp","href":"https:\/\/api.w.org\/{rel}","templated":true}]}}