{"id":77646,"date":"2025-07-11T16:16:29","date_gmt":"2025-07-11T13:16:29","guid":{"rendered":"https:\/\/demo8.ecube.lv\/sezona.lv\/products\/levenhuk-wise-10-30x25-monoklis-sudraba-krasa\/"},"modified":"2025-07-14T15:10:10","modified_gmt":"2025-07-14T12:10:10","slug":"levenhuk-wise-10-30x25-monoklis-sudraba-krasa","status":"publish","type":"product","link":"https:\/\/sezona.lv\/en\/products\/levenhuk-wise-10-30x25-monoklis-sudraba-krasa\/","title":{"rendered":"Levenhuk Wise 10-30&#215;25 Monoklis, sudraba kr\u0101s\u0101"},"content":{"rendered":"<table class=\"table table-bordered\" border=\"0\">\n<thead>\n<tr>\n<td colspan=\"2\"><span>Atrib\u016bti<\/span><\/td>\n<\/tr>\n<\/thead>\n<tbody>\n<tr>\n<td>Acs att\u0101lums<\/td>\n<td>12,4-8,4 mm<\/td>\n<\/tr>\n<tr>\n<td>Darb\u012bbas temperat\u016bras diapazons<\/td>\n<td>-5&#8230;60 &deg; C<\/td>\n<\/tr>\n<tr>\n<td>Garantija<\/td>\n<td>m\u016b\u017ea garantija<\/td>\n<\/tr>\n<tr>\n<td>Izejas z\u012bl\u012b&scaron;u diametrs<\/td>\n<td>2,5-0,83 mm<\/td>\n<\/tr>\n<tr>\n<td>Iz&scaron;\u0137irtsp\u0113jas slieksnis, (arcsecundes)<\/td>\n<td>11,2<\/td>\n<\/tr>\n<tr>\n<td>Objekt\u012bva l\u0113cas diametrs (atv\u0113rums)<\/td>\n<td>25 mm<\/td>\n<\/tr>\n<tr>\n<td>Optikas materi\u0101ls<\/td>\n<td>BK-7 stikls<\/td>\n<\/tr>\n<tr>\n<td>Optikas p\u0101rkl\u0101jums<\/td>\n<td>multi-p\u0101rkl\u0101jums<\/td>\n<\/tr>\n<tr>\n<td>Palielin\u0101jums<\/td>\n<td>10-30 x<\/td>\n<\/tr>\n<tr>\n<td>Ra\u017eot\u0101ja valsts<\/td>\n<td>PRC, controlled by Levenhuk, Inc. (USA)<\/td>\n<\/tr>\n<tr>\n<td>Redzes lauks<\/td>\n<td>3,5-2 &amp;deg;<\/td>\n<\/tr>\n<tr>\n<td>Redzes lauks, m\/1000 m<\/td>\n<td>61-35<\/td>\n<\/tr>\n<tr>\n<td>Tuvais fokus<\/td>\n<td>0,3 m<\/td>\n<\/tr>\n<\/tbody>\n<\/table>\n","protected":false},"excerpt":{"rendered":"<p>Atrib\u016bti Acs att\u0101lums 12,4-8,4 mm Darb\u012bbas temperat\u016bras diapazons -5&#8230;60 &deg; C Garantija m\u016b\u017ea garantija Izejas z\u012bl\u012b&scaron;u diametrs 2,5-0,83 mm Iz&scaron;\u0137irtsp\u0113jas slieksnis, (arcsecundes) 11,2 Objekt\u012bva l\u0113cas diametrs (atv\u0113rums) 25 mm Optikas materi\u0101ls BK-7 stikls Optikas p\u0101rkl\u0101jums multi-p\u0101rkl\u0101jums Palielin\u0101jums 10-30 x Ra\u017eot\u0101ja valsts PRC, controlled by Levenhuk, Inc. (USA) Redzes lauks 3,5-2 &amp;deg; Redzes lauks, m\/1000 m [&hellip;]<\/p>\n","protected":false},"featured_media":66655,"template":"","meta":[],"product_brand":[3372],"product_cat":[4938,4941],"product_tag":[],"class_list":{"0":"post-77646","1":"product","2":"type-product","3":"status-publish","4":"has-post-thumbnail","6":"product_brand-levenhuk","7":"product_cat-optics-recreation","8":"product_cat-monoculars-optics-recreation","10":"first","11":"instock","12":"shipping-taxable","13":"purchasable","14":"product-type-simple"},"_links":{"self":[{"href":"https:\/\/sezona.lv\/en\/wp-json\/wp\/v2\/product\/77646","targetHints":{"allow":["GET"]}}],"collection":[{"href":"https:\/\/sezona.lv\/en\/wp-json\/wp\/v2\/product"}],"about":[{"href":"https:\/\/sezona.lv\/en\/wp-json\/wp\/v2\/types\/product"}],"wp:featuredmedia":[{"embeddable":true,"href":"https:\/\/sezona.lv\/en\/wp-json\/wp\/v2\/media\/66655"}],"wp:attachment":[{"href":"https:\/\/sezona.lv\/en\/wp-json\/wp\/v2\/media?parent=77646"}],"wp:term":[{"taxonomy":"product_brand","embeddable":true,"href":"https:\/\/sezona.lv\/en\/wp-json\/wp\/v2\/product_brand?post=77646"},{"taxonomy":"product_cat","embeddable":true,"href":"https:\/\/sezona.lv\/en\/wp-json\/wp\/v2\/product_cat?post=77646"},{"taxonomy":"product_tag","embeddable":true,"href":"https:\/\/sezona.lv\/en\/wp-json\/wp\/v2\/product_tag?post=77646"}],"curies":[{"name":"wp","href":"https:\/\/api.w.org\/{rel}","templated":true}]}}