{"id":77649,"date":"2025-07-11T16:16:36","date_gmt":"2025-07-11T13:16:36","guid":{"rendered":"https:\/\/demo8.ecube.lv\/sezona.lv\/products\/levenhuk-wise-plus-8x42-monoklis\/"},"modified":"2025-07-14T15:10:14","modified_gmt":"2025-07-14T12:10:14","slug":"levenhuk-wise-plus-8x42-monoklis","status":"publish","type":"product","link":"https:\/\/sezona.lv\/en\/products\/levenhuk-wise-plus-8x42-monoklis\/","title":{"rendered":"Levenhuk Wise PLUS 8&#215;42 Monoklis"},"content":{"rendered":"<table class=\"table table-bordered\" border=\"0\">\n<thead>\n<tr>\n<td colspan=\"2\"><span>Atrib\u016bti<\/span><\/td>\n<\/tr>\n<\/thead>\n<tbody>\n<tr>\n<td>Acs att\u0101lums<\/td>\n<td>18 mm<\/td>\n<\/tr>\n<tr>\n<td>Darb\u012bbas temperat\u016bras diapazons<\/td>\n<td>-15&#8230;+60 &deg; C<\/td>\n<\/tr>\n<tr>\n<td>Garantija<\/td>\n<td>m\u016b\u017ea garantija<\/td>\n<\/tr>\n<tr>\n<td>Izejas z\u012bl\u012b&scaron;u diametrs<\/td>\n<td>5,2 mm<\/td>\n<\/tr>\n<tr>\n<td>Izm\u0113ri<\/td>\n<td>160&#215;51 mm<\/td>\n<\/tr>\n<tr>\n<td>Iz&scaron;\u0137irtsp\u0113jas slieksnis, (arcsecundes)<\/td>\n<td>7<\/td>\n<\/tr>\n<tr>\n<td>Objekt\u012bva l\u0113cas diametrs (atv\u0113rums)<\/td>\n<td>42 mm<\/td>\n<\/tr>\n<tr>\n<td>Okul\u0101ru dioptriju korekcija, dioptriju skala<\/td>\n<td>&plusmn;4<\/td>\n<\/tr>\n<tr>\n<td>Optikas materi\u0101ls<\/td>\n<td>BaK-4 stikla<\/td>\n<\/tr>\n<tr>\n<td>Optikas p\u0101rkl\u0101jums<\/td>\n<td>abpus\u0113js multi-p\u0101rkl\u0101jums<\/td>\n<\/tr>\n<tr>\n<td>Palielin\u0101jums<\/td>\n<td>8 x<\/td>\n<\/tr>\n<tr>\n<td>Ra\u017eot\u0101ja valsts<\/td>\n<td>PRC, controlled by Levenhuk, Inc. (USA)<\/td>\n<\/tr>\n<tr>\n<td>Redzes lauks<\/td>\n<td>6,3 &amp;deg;<\/td>\n<\/tr>\n<tr>\n<td>Redzes lauks, m\/1000 m<\/td>\n<td>110<\/td>\n<\/tr>\n<tr>\n<td>Tuvais fokus<\/td>\n<td>4 m<\/td>\n<\/tr>\n<\/tbody>\n<\/table>\n","protected":false},"excerpt":{"rendered":"<p>Atrib\u016bti Acs att\u0101lums 18 mm Darb\u012bbas temperat\u016bras diapazons -15&#8230;+60 &deg; C Garantija m\u016b\u017ea garantija Izejas z\u012bl\u012b&scaron;u diametrs 5,2 mm Izm\u0113ri 160&#215;51 mm Iz&scaron;\u0137irtsp\u0113jas slieksnis, (arcsecundes) 7 Objekt\u012bva l\u0113cas diametrs (atv\u0113rums) 42 mm Okul\u0101ru dioptriju korekcija, dioptriju skala &plusmn;4 Optikas materi\u0101ls BaK-4 stikla Optikas p\u0101rkl\u0101jums abpus\u0113js multi-p\u0101rkl\u0101jums Palielin\u0101jums 8 x Ra\u017eot\u0101ja valsts PRC, controlled by Levenhuk, [&hellip;]<\/p>\n","protected":false},"featured_media":66700,"template":"","meta":[],"product_brand":[3372],"product_cat":[4938,4941],"product_tag":[],"class_list":{"0":"post-77649","1":"product","2":"type-product","3":"status-publish","4":"has-post-thumbnail","6":"product_brand-levenhuk","7":"product_cat-optics-recreation","8":"product_cat-monoculars-optics-recreation","10":"first","11":"instock","12":"shipping-taxable","13":"purchasable","14":"product-type-simple"},"_links":{"self":[{"href":"https:\/\/sezona.lv\/en\/wp-json\/wp\/v2\/product\/77649","targetHints":{"allow":["GET"]}}],"collection":[{"href":"https:\/\/sezona.lv\/en\/wp-json\/wp\/v2\/product"}],"about":[{"href":"https:\/\/sezona.lv\/en\/wp-json\/wp\/v2\/types\/product"}],"wp:featuredmedia":[{"embeddable":true,"href":"https:\/\/sezona.lv\/en\/wp-json\/wp\/v2\/media\/66700"}],"wp:attachment":[{"href":"https:\/\/sezona.lv\/en\/wp-json\/wp\/v2\/media?parent=77649"}],"wp:term":[{"taxonomy":"product_brand","embeddable":true,"href":"https:\/\/sezona.lv\/en\/wp-json\/wp\/v2\/product_brand?post=77649"},{"taxonomy":"product_cat","embeddable":true,"href":"https:\/\/sezona.lv\/en\/wp-json\/wp\/v2\/product_cat?post=77649"},{"taxonomy":"product_tag","embeddable":true,"href":"https:\/\/sezona.lv\/en\/wp-json\/wp\/v2\/product_tag?post=77649"}],"curies":[{"name":"wp","href":"https:\/\/api.w.org\/{rel}","templated":true}]}}