{"id":77654,"date":"2025-07-11T16:16:50","date_gmt":"2025-07-11T13:16:50","guid":{"rendered":"https:\/\/demo8.ecube.lv\/sezona.lv\/products\/levenhuk-atom-7x35-binoklis\/"},"modified":"2025-07-14T15:10:20","modified_gmt":"2025-07-14T12:10:20","slug":"levenhuk-atom-7x35-binoklis","status":"publish","type":"product","link":"https:\/\/sezona.lv\/en\/products\/levenhuk-atom-7x35-binoklis\/","title":{"rendered":"Levenhuk Atom 7&#215;35 Binoklis"},"content":{"rendered":"<table class=\"table table-bordered\" border=\"0\">\n<thead>\n<tr>\n<td colspan=\"2\"><span>Atrib\u016bti<\/span><\/td>\n<\/tr>\n<\/thead>\n<tbody>\n<tr>\n<td>Acs att\u0101lums<\/td>\n<td>13 mm<\/td>\n<\/tr>\n<tr>\n<td>Garantija<\/td>\n<td>m\u016b\u017ea garantija<\/td>\n<\/tr>\n<tr>\n<td>Izejas z\u012bl\u012b&scaron;u diametrs<\/td>\n<td>5 mm<\/td>\n<\/tr>\n<tr>\n<td>Izm\u0113ri<\/td>\n<td>188x145x58 mm<\/td>\n<\/tr>\n<tr>\n<td>Objekt\u012bva l\u0113cas diametrs (atv\u0113rums)<\/td>\n<td>35 mm<\/td>\n<\/tr>\n<tr>\n<td>Okul\u0101ru dioptriju korekcija, dioptriju skala<\/td>\n<td>&plusmn;3<\/td>\n<\/tr>\n<tr>\n<td>Okul\u0101ru kausi\u0146i<\/td>\n<td>gumijas<\/td>\n<\/tr>\n<tr>\n<td>Optikas materi\u0101ls<\/td>\n<td>BK-7 stikls<\/td>\n<\/tr>\n<tr>\n<td>Optikas p\u0101rkl\u0101jums<\/td>\n<td>abpus\u012bgi p\u0101rkl\u0101ti<\/td>\n<\/tr>\n<tr>\n<td>Palielin\u0101jums<\/td>\n<td>7 x<\/td>\n<\/tr>\n<tr>\n<td>Piel\u0101gojams stat\u012bvam<\/td>\n<td>\u0435\u0441\u0442\u044c<\/td>\n<\/tr>\n<tr>\n<td>Ra\u017eot\u0101ja valsts<\/td>\n<td>PRC, controlled by Levenhuk, Inc. (USA)<\/td>\n<\/tr>\n<tr>\n<td>Redzes lauks<\/td>\n<td>8 &amp;deg;<\/td>\n<\/tr>\n<tr>\n<td>Redzes lauks, m\/1000 m<\/td>\n<td>157<\/td>\n<\/tr>\n<tr>\n<td>Starp-z\u012bl\u012b&scaron;u att\u0101lums (IPD)<\/td>\n<td>56&ndash;72 mm<\/td>\n<\/tr>\n<tr>\n<td>Tips<\/td>\n<td>Porro prizma<\/td>\n<\/tr>\n<tr>\n<td>Tuvais fokus<\/td>\n<td>11 m<\/td>\n<\/tr>\n<\/tbody>\n<\/table>\n","protected":false},"excerpt":{"rendered":"<p>Atrib\u016bti Acs att\u0101lums 13 mm Garantija m\u016b\u017ea garantija Izejas z\u012bl\u012b&scaron;u diametrs 5 mm Izm\u0113ri 188x145x58 mm Objekt\u012bva l\u0113cas diametrs (atv\u0113rums) 35 mm Okul\u0101ru dioptriju korekcija, dioptriju skala &plusmn;3 Okul\u0101ru kausi\u0146i gumijas Optikas materi\u0101ls BK-7 stikls Optikas p\u0101rkl\u0101jums abpus\u012bgi p\u0101rkl\u0101ti Palielin\u0101jums 7 x Piel\u0101gojams stat\u012bvam \u0435\u0441\u0442\u044c Ra\u017eot\u0101ja valsts PRC, controlled by Levenhuk, Inc. (USA) Redzes lauks [&hellip;]<\/p>\n","protected":false},"featured_media":66775,"template":"","meta":[],"product_brand":[3372],"product_cat":[4938,4939],"product_tag":[],"class_list":{"0":"post-77654","1":"product","2":"type-product","3":"status-publish","4":"has-post-thumbnail","6":"product_brand-levenhuk","7":"product_cat-optics-recreation","8":"product_cat-binoculars-optics-recreation","10":"first","11":"instock","12":"shipping-taxable","13":"purchasable","14":"product-type-simple"},"_links":{"self":[{"href":"https:\/\/sezona.lv\/en\/wp-json\/wp\/v2\/product\/77654","targetHints":{"allow":["GET"]}}],"collection":[{"href":"https:\/\/sezona.lv\/en\/wp-json\/wp\/v2\/product"}],"about":[{"href":"https:\/\/sezona.lv\/en\/wp-json\/wp\/v2\/types\/product"}],"wp:featuredmedia":[{"embeddable":true,"href":"https:\/\/sezona.lv\/en\/wp-json\/wp\/v2\/media\/66775"}],"wp:attachment":[{"href":"https:\/\/sezona.lv\/en\/wp-json\/wp\/v2\/media?parent=77654"}],"wp:term":[{"taxonomy":"product_brand","embeddable":true,"href":"https:\/\/sezona.lv\/en\/wp-json\/wp\/v2\/product_brand?post=77654"},{"taxonomy":"product_cat","embeddable":true,"href":"https:\/\/sezona.lv\/en\/wp-json\/wp\/v2\/product_cat?post=77654"},{"taxonomy":"product_tag","embeddable":true,"href":"https:\/\/sezona.lv\/en\/wp-json\/wp\/v2\/product_tag?post=77654"}],"curies":[{"name":"wp","href":"https:\/\/api.w.org\/{rel}","templated":true}]}}