{"id":77705,"date":"2025-07-14T15:11:23","date_gmt":"2025-07-14T12:11:23","guid":{"rendered":"https:\/\/demo8.ecube.lv\/sezona.lv\/products\/atala-runfit-200\/"},"modified":"2025-07-14T15:11:23","modified_gmt":"2025-07-14T12:11:23","slug":"atala-runfit-200","status":"publish","type":"product","link":"https:\/\/sezona.lv\/en\/products\/atala-runfit-200\/","title":{"rendered":"Atala RunFit 200"},"content":{"rendered":"<table border=\"0\">\n<tbody>\n<tr class=\"odd\">\n<td>DISPLEJS<\/td>\n<td>LCD<\/td>\n<\/tr>\n<tr class=\"even\">\n<td>IEB\u016aV\u0112TAS PROGRAMMAS<\/td>\n<td>25<\/td>\n<\/tr>\n<tr class=\"odd\">\n<td>DZIN\u0112JA KLASE<\/td>\n<td>DC<\/td>\n<\/tr>\n<tr class=\"even\">\n<td>JAUDA<\/td>\n<td>1,75 HP<\/td>\n<\/tr>\n<tr class=\"odd\">\n<td>\u0100TRUMS<\/td>\n<td>NO 1 L\u012aDZ 16 KM\/H<\/td>\n<\/tr>\n<tr class=\"even\">\n<td>LIETOT\u0100JA MAKSIM\u0100LAIS SVARS<\/td>\n<td>100 KG<\/td>\n<\/tr>\n<tr class=\"odd\">\n<td>IZM\u0112RI<\/td>\n<td>850X780X1400 MM<\/td>\n<\/tr>\n<tr class=\"even\">\n<td>RA\u017dOT\u0100JS<\/td>\n<td>ATALA (IT\u0100LIJA)<\/td>\n<\/tr>\n<tr class=\"odd\">\n<td>RA\u017dOT\u0100JA M\u0100JAS LAPA<\/td>\n<td><a href=\"http:\/\/www.atala.it\/\" target=\"_blank\">WWW.ATALA.IT<\/a><\/td>\n<\/tr>\n<\/tbody>\n<\/table>\n","protected":false},"excerpt":{"rendered":"<p>DISPLEJS LCD IEB\u016aV\u0112TAS PROGRAMMAS 25 DZIN\u0112JA KLASE DC JAUDA 1,75 HP \u0100TRUMS NO 1 L\u012aDZ 16 KM\/H LIETOT\u0100JA MAKSIM\u0100LAIS SVARS 100 KG IZM\u0112RI 850X780X1400 MM RA\u017dOT\u0100JS ATALA (IT\u0100LIJA) RA\u017dOT\u0100JA M\u0100JAS LAPA WWW.ATALA.IT<\/p>\n","protected":false},"featured_media":0,"template":"","meta":[],"product_brand":[],"product_cat":[4587,4588,4591],"product_tag":[],"class_list":{"0":"post-77705","1":"product","2":"type-product","3":"status-publish","5":"product_cat-sports","6":"product_cat-trainers-sports","7":"product_cat-runways-trainers-sports","9":"first","10":"instock","11":"shipping-taxable","12":"purchasable","13":"product-type-simple"},"_links":{"self":[{"href":"https:\/\/sezona.lv\/en\/wp-json\/wp\/v2\/product\/77705","targetHints":{"allow":["GET"]}}],"collection":[{"href":"https:\/\/sezona.lv\/en\/wp-json\/wp\/v2\/product"}],"about":[{"href":"https:\/\/sezona.lv\/en\/wp-json\/wp\/v2\/types\/product"}],"wp:attachment":[{"href":"https:\/\/sezona.lv\/en\/wp-json\/wp\/v2\/media?parent=77705"}],"wp:term":[{"taxonomy":"product_brand","embeddable":true,"href":"https:\/\/sezona.lv\/en\/wp-json\/wp\/v2\/product_brand?post=77705"},{"taxonomy":"product_cat","embeddable":true,"href":"https:\/\/sezona.lv\/en\/wp-json\/wp\/v2\/product_cat?post=77705"},{"taxonomy":"product_tag","embeddable":true,"href":"https:\/\/sezona.lv\/en\/wp-json\/wp\/v2\/product_tag?post=77705"}],"curies":[{"name":"wp","href":"https:\/\/api.w.org\/{rel}","templated":true}]}}