{"id":77706,"date":"2025-07-14T15:11:24","date_gmt":"2025-07-14T12:11:24","guid":{"rendered":"https:\/\/demo8.ecube.lv\/sezona.lv\/products\/velotrenazieris-atala-facila-magnetica\/"},"modified":"2025-07-14T15:11:24","modified_gmt":"2025-07-14T12:11:24","slug":"velotrenazieris-atala-facila-magnetica","status":"publish","type":"product","link":"https:\/\/sezona.lv\/en\/products\/velotrenazieris-atala-facila-magnetica\/","title":{"rendered":"Velotrena\u017eieris Atala Facila Magnetica"},"content":{"rendered":"<table border=\"0\">\n<tbody>\n<tr class=\"odd\">\n<td>DISPLEJS<\/td>\n<td>LCD<\/td>\n<\/tr>\n<tr class=\"even\">\n<td>DISPLEJ\u0100 R\u0100D\u012aTIE PARAMETRI<\/td>\n<td>LAIKS, \u0100TRUMS, ATT\u0100LUMS, KALORIJAS, PULSS, PULKSTENIS<\/td>\n<\/tr>\n<tr class=\"odd\">\n<td>BREMZ\u0112&Scaron;ANAS SIST\u0112MA<\/td>\n<td>MAGN\u0112TISK\u0100<\/td>\n<\/tr>\n<tr class=\"even\">\n<td>LIETOT\u0100JA MAKSIM\u0100LAIS SVARS<\/td>\n<td>110 KG<\/td>\n<\/tr>\n<tr class=\"odd\">\n<td>IZM\u0112RI<\/td>\n<td>123 x 51 x 138 \u0421\u041c<\/td>\n<\/tr>\n<tr class=\"even\">\n<td>RA\u017dOT\u0100JS<\/td>\n<td>ATALA (IT\u0100LIJA)<\/td>\n<\/tr>\n<tr class=\"odd\">\n<td>RA\u017dOT\u0100JA M\u0100JAS LAPA<\/td>\n<td><a href=\"http:\/\/www.atala.it\/\" target=\"_blank\">WWW.ATALA.IT<\/a><\/td>\n<\/tr>\n<\/tbody>\n<\/table>\n","protected":false},"excerpt":{"rendered":"<p>DISPLEJS LCD DISPLEJ\u0100 R\u0100D\u012aTIE PARAMETRI LAIKS, \u0100TRUMS, ATT\u0100LUMS, KALORIJAS, PULSS, PULKSTENIS BREMZ\u0112&Scaron;ANAS SIST\u0112MA MAGN\u0112TISK\u0100 LIETOT\u0100JA MAKSIM\u0100LAIS SVARS 110 KG IZM\u0112RI 123 x 51 x 138 \u0421\u041c RA\u017dOT\u0100JS ATALA (IT\u0100LIJA) RA\u017dOT\u0100JA M\u0100JAS LAPA WWW.ATALA.IT<\/p>\n","protected":false},"featured_media":0,"template":"","meta":[],"product_brand":[],"product_cat":[4587,4588,4589],"product_tag":[],"class_list":{"0":"post-77706","1":"product","2":"type-product","3":"status-publish","5":"product_cat-sports","6":"product_cat-trainers-sports","7":"product_cat-bicycle-trainers-trainers-sports","9":"first","10":"instock","11":"shipping-taxable","12":"purchasable","13":"product-type-simple"},"_links":{"self":[{"href":"https:\/\/sezona.lv\/en\/wp-json\/wp\/v2\/product\/77706","targetHints":{"allow":["GET"]}}],"collection":[{"href":"https:\/\/sezona.lv\/en\/wp-json\/wp\/v2\/product"}],"about":[{"href":"https:\/\/sezona.lv\/en\/wp-json\/wp\/v2\/types\/product"}],"wp:attachment":[{"href":"https:\/\/sezona.lv\/en\/wp-json\/wp\/v2\/media?parent=77706"}],"wp:term":[{"taxonomy":"product_brand","embeddable":true,"href":"https:\/\/sezona.lv\/en\/wp-json\/wp\/v2\/product_brand?post=77706"},{"taxonomy":"product_cat","embeddable":true,"href":"https:\/\/sezona.lv\/en\/wp-json\/wp\/v2\/product_cat?post=77706"},{"taxonomy":"product_tag","embeddable":true,"href":"https:\/\/sezona.lv\/en\/wp-json\/wp\/v2\/product_tag?post=77706"}],"curies":[{"name":"wp","href":"https:\/\/api.w.org\/{rel}","templated":true}]}}