{"id":77707,"date":"2025-07-11T16:19:19","date_gmt":"2025-07-11T13:19:19","guid":{"rendered":"https:\/\/demo8.ecube.lv\/sezona.lv\/products\/wilson-basketbola-bumba-fiba-3x3-official-game-ball\/"},"modified":"2025-07-14T15:11:24","modified_gmt":"2025-07-14T12:11:24","slug":"wilson-basketbola-bumba-fiba-3x3-official-game-ball","status":"publish","type":"product","link":"https:\/\/sezona.lv\/en\/products\/wilson-basketbola-bumba-fiba-3x3-official-game-ball\/","title":{"rendered":"Wilson Basketbola bumba FIBA 3X3 OFFICIAL GAME BALL"},"content":{"rendered":"<p>Basketbola bumba&nbsp; no patent\u0113tas mitrumu absorb\u0113jo&scaron;as kompoz\u012bta \u0101das.<\/p>\n<p>Wave Triple threat tehnolo\u0123ija lab\u0101kai bumbas kontrolei un izcilam sniegumam.<\/p>\n<p>Speci\u0101li izstr\u0101d\u0101ta 3X3 street ball bumba.<\/p>\n<p>Premium klases karkasa konstrukcija nodro&scaron;ina formas saglab\u0101&scaron;anu un iztur\u012bbu.<\/p>\n<p>Izm\u0113rs 6<\/p>\n","protected":false},"excerpt":{"rendered":"<p>Basketbola bumba&nbsp; no patent\u0113tas mitrumu absorb\u0113jo&scaron;as kompoz\u012bta \u0101das. Wave Triple threat tehnolo\u0123ija lab\u0101kai bumbas kontrolei un izcilam sniegumam. Speci\u0101li izstr\u0101d\u0101ta 3X3 street ball bumba. Premium klases karkasa konstrukcija nodro&scaron;ina formas saglab\u0101&scaron;anu un iztur\u012bbu. Izm\u0113rs 6<\/p>\n","protected":false},"featured_media":67624,"template":"","meta":[],"product_brand":[920],"product_cat":[4602,4667,4668],"product_tag":[],"class_list":{"0":"post-77707","1":"product","2":"type-product","3":"status-publish","4":"has-post-thumbnail","6":"product_brand-wilson","7":"product_cat-summer-sports-sports","8":"product_cat-basketball-summer-sports-sports","9":"product_cat-basketballs-basketball-summer-sports-sports","11":"first","12":"instock","13":"shipping-taxable","14":"purchasable","15":"product-type-simple"},"_links":{"self":[{"href":"https:\/\/sezona.lv\/en\/wp-json\/wp\/v2\/product\/77707","targetHints":{"allow":["GET"]}}],"collection":[{"href":"https:\/\/sezona.lv\/en\/wp-json\/wp\/v2\/product"}],"about":[{"href":"https:\/\/sezona.lv\/en\/wp-json\/wp\/v2\/types\/product"}],"wp:featuredmedia":[{"embeddable":true,"href":"https:\/\/sezona.lv\/en\/wp-json\/wp\/v2\/media\/67624"}],"wp:attachment":[{"href":"https:\/\/sezona.lv\/en\/wp-json\/wp\/v2\/media?parent=77707"}],"wp:term":[{"taxonomy":"product_brand","embeddable":true,"href":"https:\/\/sezona.lv\/en\/wp-json\/wp\/v2\/product_brand?post=77707"},{"taxonomy":"product_cat","embeddable":true,"href":"https:\/\/sezona.lv\/en\/wp-json\/wp\/v2\/product_cat?post=77707"},{"taxonomy":"product_tag","embeddable":true,"href":"https:\/\/sezona.lv\/en\/wp-json\/wp\/v2\/product_tag?post=77707"}],"curies":[{"name":"wp","href":"https:\/\/api.w.org\/{rel}","templated":true}]}}