{"id":77708,"date":"2025-07-14T15:11:25","date_gmt":"2025-07-14T12:11:25","guid":{"rendered":"https:\/\/demo8.ecube.lv\/sezona.lv\/products\/wilson-basketbola-bumba-fiba-3x3-replica\/"},"modified":"2025-07-14T15:11:25","modified_gmt":"2025-07-14T12:11:25","slug":"wilson-basketbola-bumba-fiba-3x3-replica","status":"publish","type":"product","link":"https:\/\/sezona.lv\/en\/products\/wilson-basketbola-bumba-fiba-3x3-replica\/","title":{"rendered":"Wilson Basketbola bumba FIBA 3X3 REPLICA"},"content":{"rendered":"<p>Basketbola bumba ar gumijas p\u0101rkl\u0101jumu piem\u0113rota visu veidu segumiem.<\/p>\n<p>Wave triple Threat tehnolo\u0123ija lab\u0101kai bumbas kontrolei un izcilam sniegumam.<\/p>\n<p>&#8221;Pressure lock&#8221; kamera, lai uztur\u0113tu optim\u0101lu gaisa spiedienu bumb\u0101.<\/p>\n<p>Izm\u0113rs 6<\/p>\n","protected":false},"excerpt":{"rendered":"<p>Basketbola bumba ar gumijas p\u0101rkl\u0101jumu piem\u0113rota visu veidu segumiem. Wave triple Threat tehnolo\u0123ija lab\u0101kai bumbas kontrolei un izcilam sniegumam. &#8221;Pressure lock&#8221; kamera, lai uztur\u0113tu optim\u0101lu gaisa spiedienu bumb\u0101. Izm\u0113rs 6<\/p>\n","protected":false},"featured_media":0,"template":"","meta":[],"product_brand":[920],"product_cat":[4587,4602,4667,4668],"product_tag":[],"class_list":{"0":"post-77708","1":"product","2":"type-product","3":"status-publish","5":"product_brand-wilson","6":"product_cat-sports","7":"product_cat-summer-sports-sports","8":"product_cat-basketball-summer-sports-sports","9":"product_cat-basketballs-basketball-summer-sports-sports","11":"first","12":"instock","13":"shipping-taxable","14":"purchasable","15":"product-type-simple"},"_links":{"self":[{"href":"https:\/\/sezona.lv\/en\/wp-json\/wp\/v2\/product\/77708","targetHints":{"allow":["GET"]}}],"collection":[{"href":"https:\/\/sezona.lv\/en\/wp-json\/wp\/v2\/product"}],"about":[{"href":"https:\/\/sezona.lv\/en\/wp-json\/wp\/v2\/types\/product"}],"wp:attachment":[{"href":"https:\/\/sezona.lv\/en\/wp-json\/wp\/v2\/media?parent=77708"}],"wp:term":[{"taxonomy":"product_brand","embeddable":true,"href":"https:\/\/sezona.lv\/en\/wp-json\/wp\/v2\/product_brand?post=77708"},{"taxonomy":"product_cat","embeddable":true,"href":"https:\/\/sezona.lv\/en\/wp-json\/wp\/v2\/product_cat?post=77708"},{"taxonomy":"product_tag","embeddable":true,"href":"https:\/\/sezona.lv\/en\/wp-json\/wp\/v2\/product_tag?post=77708"}],"curies":[{"name":"wp","href":"https:\/\/api.w.org\/{rel}","templated":true}]}}