{"id":77709,"date":"2025-07-11T16:19:21","date_gmt":"2025-07-11T13:19:21","guid":{"rendered":"https:\/\/demo8.ecube.lv\/sezona.lv\/products\/wilson-futbola-bumba-sportivo-ii\/"},"modified":"2025-07-14T15:11:26","modified_gmt":"2025-07-14T12:11:26","slug":"wilson-futbola-bumba-sportivo-ii","status":"publish","type":"product","link":"https:\/\/sezona.lv\/en\/products\/wilson-futbola-bumba-sportivo-ii\/","title":{"rendered":"Wilson Futbola bumba SPORTIVO II"},"content":{"rendered":"<p>Konstrukcija no 32 pane\u013ciem, uz ma&scaron;\u012bnas &scaron;\u016bta bumba.<\/p>\n<p>Materi\u0101ls: PU kompoz\u012bta \u0101da.<\/p>\n<p>Pane\u013ci p\u0101rkl\u0101ti ar m\u012bkstam TPE put\u0101m &ndash; uzlabotam atsitienam un kontrolei.<\/p>\n<p>Izm\u0113rs 5<\/p>\n","protected":false},"excerpt":{"rendered":"<p>Konstrukcija no 32 pane\u013ciem, uz ma&scaron;\u012bnas &scaron;\u016bta bumba. Materi\u0101ls: PU kompoz\u012bta \u0101da. Pane\u013ci p\u0101rkl\u0101ti ar m\u012bkstam TPE put\u0101m &ndash; uzlabotam atsitienam un kontrolei. Izm\u0113rs 5<\/p>\n","protected":false},"featured_media":67627,"template":"","meta":[],"product_brand":[920],"product_cat":[4602,4671,4672],"product_tag":[],"class_list":{"0":"post-77709","1":"product","2":"type-product","3":"status-publish","4":"has-post-thumbnail","6":"product_brand-wilson","7":"product_cat-summer-sports-sports","8":"product_cat-football-summer-sports-sports","9":"product_cat-soccer-balls-football-summer-sports-sports","11":"first","12":"instock","13":"shipping-taxable","14":"purchasable","15":"product-type-simple"},"_links":{"self":[{"href":"https:\/\/sezona.lv\/en\/wp-json\/wp\/v2\/product\/77709","targetHints":{"allow":["GET"]}}],"collection":[{"href":"https:\/\/sezona.lv\/en\/wp-json\/wp\/v2\/product"}],"about":[{"href":"https:\/\/sezona.lv\/en\/wp-json\/wp\/v2\/types\/product"}],"wp:featuredmedia":[{"embeddable":true,"href":"https:\/\/sezona.lv\/en\/wp-json\/wp\/v2\/media\/67627"}],"wp:attachment":[{"href":"https:\/\/sezona.lv\/en\/wp-json\/wp\/v2\/media?parent=77709"}],"wp:term":[{"taxonomy":"product_brand","embeddable":true,"href":"https:\/\/sezona.lv\/en\/wp-json\/wp\/v2\/product_brand?post=77709"},{"taxonomy":"product_cat","embeddable":true,"href":"https:\/\/sezona.lv\/en\/wp-json\/wp\/v2\/product_cat?post=77709"},{"taxonomy":"product_tag","embeddable":true,"href":"https:\/\/sezona.lv\/en\/wp-json\/wp\/v2\/product_tag?post=77709"}],"curies":[{"name":"wp","href":"https:\/\/api.w.org\/{rel}","templated":true}]}}