{"id":77710,"date":"2025-07-14T15:11:27","date_gmt":"2025-07-14T12:11:27","guid":{"rendered":"https:\/\/demo8.ecube.lv\/sezona.lv\/products\/wilson-volejbola-bumba-impact\/"},"modified":"2025-07-14T15:11:27","modified_gmt":"2025-07-14T12:11:27","slug":"wilson-volejbola-bumba-impact","status":"publish","type":"product","link":"https:\/\/sezona.lv\/en\/products\/wilson-volejbola-bumba-impact\/","title":{"rendered":"Wilson Volejbola bumba IMPACT"},"content":{"rendered":"<p>Volejbola bumba no iztur\u012bgas sint\u0113tisk\u0101s \u0101das,&nbsp; V-&scaron;uvju konstrukcija maz\u0101k abraz\u012bviem kan\u0101liem.<\/p>\n<p>Jaunas pane\u013cu kr\u0101sas.<\/p>\n<p>Ofici\u0101ls izm\u0113rs un svars.<\/p>\n","protected":false},"excerpt":{"rendered":"<p>Volejbola bumba no iztur\u012bgas sint\u0113tisk\u0101s \u0101das,&nbsp; V-&scaron;uvju konstrukcija maz\u0101k abraz\u012bviem kan\u0101liem. Jaunas pane\u013cu kr\u0101sas. Ofici\u0101ls izm\u0113rs un svars.<\/p>\n","protected":false},"featured_media":0,"template":"","meta":[],"product_brand":[920],"product_cat":[4587,4602,4669,4670],"product_tag":[],"class_list":{"0":"post-77710","1":"product","2":"type-product","3":"status-publish","5":"product_brand-wilson","6":"product_cat-sports","7":"product_cat-summer-sports-sports","8":"product_cat-volleyball-summer-sports-sports","9":"product_cat-volley-balls-volleyball-summer-sports-sports","11":"first","12":"instock","13":"shipping-taxable","14":"purchasable","15":"product-type-simple"},"_links":{"self":[{"href":"https:\/\/sezona.lv\/en\/wp-json\/wp\/v2\/product\/77710","targetHints":{"allow":["GET"]}}],"collection":[{"href":"https:\/\/sezona.lv\/en\/wp-json\/wp\/v2\/product"}],"about":[{"href":"https:\/\/sezona.lv\/en\/wp-json\/wp\/v2\/types\/product"}],"wp:attachment":[{"href":"https:\/\/sezona.lv\/en\/wp-json\/wp\/v2\/media?parent=77710"}],"wp:term":[{"taxonomy":"product_brand","embeddable":true,"href":"https:\/\/sezona.lv\/en\/wp-json\/wp\/v2\/product_brand?post=77710"},{"taxonomy":"product_cat","embeddable":true,"href":"https:\/\/sezona.lv\/en\/wp-json\/wp\/v2\/product_cat?post=77710"},{"taxonomy":"product_tag","embeddable":true,"href":"https:\/\/sezona.lv\/en\/wp-json\/wp\/v2\/product_tag?post=77710"}],"curies":[{"name":"wp","href":"https:\/\/api.w.org\/{rel}","templated":true}]}}