{"id":77711,"date":"2025-07-11T16:19:23","date_gmt":"2025-07-11T13:19:23","guid":{"rendered":"https:\/\/demo8.ecube.lv\/sezona.lv\/products\/wilson-mvp-official\/"},"modified":"2025-07-14T15:11:28","modified_gmt":"2025-07-14T12:11:28","slug":"wilson-mvp-official","status":"publish","type":"product","link":"https:\/\/sezona.lv\/en\/products\/wilson-mvp-official\/","title":{"rendered":"Wilson MVP OFFICIAL"},"content":{"rendered":"<p>Amerik\u0101\u0146u futbola bumba&nbsp; no kvalitat\u012bva PVC materi\u0101la.<\/p>\n<p>Piem\u0113rota ikdienas pagalma rota\u013c\u0101m un izklaidei.<\/p>\n","protected":false},"excerpt":{"rendered":"<p>Amerik\u0101\u0146u futbola bumba&nbsp; no kvalitat\u012bva PVC materi\u0101la. Piem\u0113rota ikdienas pagalma rota\u013c\u0101m un izklaidei.<\/p>\n","protected":false},"featured_media":67630,"template":"","meta":[],"product_brand":[920],"product_cat":[4602,4677,4678],"product_tag":[],"class_list":{"0":"post-77711","1":"product","2":"type-product","3":"status-publish","4":"has-post-thumbnail","6":"product_brand-wilson","7":"product_cat-summer-sports-sports","8":"product_cat-rugby-summer-sports-sports","9":"product_cat-rugby-balls-rugby-summer-sports-sports","11":"first","12":"instock","13":"shipping-taxable","14":"purchasable","15":"product-type-simple"},"_links":{"self":[{"href":"https:\/\/sezona.lv\/en\/wp-json\/wp\/v2\/product\/77711","targetHints":{"allow":["GET"]}}],"collection":[{"href":"https:\/\/sezona.lv\/en\/wp-json\/wp\/v2\/product"}],"about":[{"href":"https:\/\/sezona.lv\/en\/wp-json\/wp\/v2\/types\/product"}],"wp:featuredmedia":[{"embeddable":true,"href":"https:\/\/sezona.lv\/en\/wp-json\/wp\/v2\/media\/67630"}],"wp:attachment":[{"href":"https:\/\/sezona.lv\/en\/wp-json\/wp\/v2\/media?parent=77711"}],"wp:term":[{"taxonomy":"product_brand","embeddable":true,"href":"https:\/\/sezona.lv\/en\/wp-json\/wp\/v2\/product_brand?post=77711"},{"taxonomy":"product_cat","embeddable":true,"href":"https:\/\/sezona.lv\/en\/wp-json\/wp\/v2\/product_cat?post=77711"},{"taxonomy":"product_tag","embeddable":true,"href":"https:\/\/sezona.lv\/en\/wp-json\/wp\/v2\/product_tag?post=77711"}],"curies":[{"name":"wp","href":"https:\/\/api.w.org\/{rel}","templated":true}]}}