{"id":77712,"date":"2025-07-14T15:11:29","date_gmt":"2025-07-14T12:11:29","guid":{"rendered":"https:\/\/demo8.ecube.lv\/sezona.lv\/products\/abas-dumu-kupinatava-200l-km-ar-koka-apdari\/"},"modified":"2025-07-14T15:11:29","modified_gmt":"2025-07-14T12:11:29","slug":"abas-dumu-kupinatava-200l-km-ar-koka-apdari","status":"publish","type":"product","link":"https:\/\/sezona.lv\/en\/products\/abas-dumu-kupinatava-200l-km-ar-koka-apdari\/","title":{"rendered":"ABAS d\u016bmu k\u016bpin\u0101tava 200L KM ar koka apdari"},"content":{"rendered":"<p>&nbsp;<\/p>\n<div class=\"ma-main-container col2-right-layout\">\n<div class=\"container\">\n<div class=\"main\">\n<div class=\"main-inner\">\n<div class=\"row\">\n<div class=\"col-main col-xs-12 col-sm-9\">\n<div class=\"product-view\">\n<div class=\"product-essential\">\n<div class=\"row\">\n<div class=\"product-shop col-sm-7 col-md-87 col-sms-8 col-smb-12\">\n<div class=\"short-description\">\n<div class=\"std\">D\u016bmu k\u016bpin\u0101tava ar koka apdari<\/p>\n<p>Dubults, iztur\u012bgs un viegli kopjams met\u0101la korpuss ar siltuma izol\u0101ciju prec\u012bzai temperat\u016bras kontrolei un ar ieb\u016bv\u0113tu malkas kurtuvi \u012bstiem k\u016bpin\u0101&scaron;anas faniem. K\u016bpin\u0101tava paredz\u0113ta visiem laika apst\u0101k\u013ciem neatkar\u012bgi no gadalaika gan ziem\u0101, gan vasar\u0101. J\u016bsu k\u016bpin\u0101jums izdosies vienm\u0113r!<\/p>\n<p>Dubults met\u0101la korpuss &ndash; iztur\u012bgs un viegli kopjams<br \/>Siltuma izol\u0101cija &ndash; vienm\u0113r\u012bgai un efekt\u012bvai k\u016bpin\u0101&scaron;anai<br \/>Ieb\u016bv\u0113ts termometrs &ndash; \u0113rtai kontrolei<br \/>Malkas kurtuve &ndash; dab\u012bg\u0101s gar&scaron;as cien\u012bt\u0101jiem<br \/>Darba tilpums 200l &ndash; lielam daudzumam produkcijas<br \/>Piem\u0113rota: Zivju, vistas, c\u016bkga\u013cas, desu, sieru k\u016bpin\u0101&scaron;anai<br \/>Komplekt\u0101 3 plaukti, trauks tauku sav\u0101k&scaron;anai<br \/>Izm\u0113ri (cm): Augstums &ndash; 115, Platums &ndash; 60, Dzi\u013cums &ndash; 60<br \/>Svars &#8211; 50 Kg<\/p>\n<p>&bull; Darbojas ar malku, d\u016bmi rodas degot malkai.&nbsp;<br \/>&bull; Izmantojama m\u0101jsaimniec\u012bbas, kempingos, akt\u012bv\u0101 t\u016brisma objektos, kas saist\u012bti ar mak&scaron;\u0137er\u0113&scaron;anu un atp\u016btu pie dabas.&nbsp;<\/div>\n<\/div>\n<\/div>\n<\/div>\n<\/div>\n<\/div>\n<\/div>\n<\/div>\n<\/div>\n<\/div>\n<\/div>\n<\/div>\n","protected":false},"excerpt":{"rendered":"<p>&nbsp; D\u016bmu k\u016bpin\u0101tava ar koka apdari Dubults, iztur\u012bgs un viegli kopjams met\u0101la korpuss ar siltuma izol\u0101ciju prec\u012bzai temperat\u016bras kontrolei un ar ieb\u016bv\u0113tu malkas kurtuvi \u012bstiem k\u016bpin\u0101&scaron;anas faniem. K\u016bpin\u0101tava paredz\u0113ta visiem laika apst\u0101k\u013ciem neatkar\u012bgi no gadalaika gan ziem\u0101, gan vasar\u0101. J\u016bsu k\u016bpin\u0101jums izdosies vienm\u0113r! Dubults met\u0101la korpuss &ndash; iztur\u012bgs un viegli kopjamsSiltuma izol\u0101cija &ndash; vienm\u0113r\u012bgai un [&hellip;]<\/p>\n","protected":false},"featured_media":0,"template":"","meta":[],"product_brand":[3373],"product_cat":[4629,4631,4763],"product_tag":[],"class_list":{"0":"post-77712","1":"product","2":"type-product","3":"status-publish","5":"product_brand-abas","6":"product_cat-seasonal-items","7":"product_cat-summer-seasonal-items","8":"product_cat-smoke-houses-summer-seasonal-items","10":"first","11":"instock","12":"shipping-taxable","13":"purchasable","14":"product-type-simple"},"_links":{"self":[{"href":"https:\/\/sezona.lv\/en\/wp-json\/wp\/v2\/product\/77712","targetHints":{"allow":["GET"]}}],"collection":[{"href":"https:\/\/sezona.lv\/en\/wp-json\/wp\/v2\/product"}],"about":[{"href":"https:\/\/sezona.lv\/en\/wp-json\/wp\/v2\/types\/product"}],"wp:attachment":[{"href":"https:\/\/sezona.lv\/en\/wp-json\/wp\/v2\/media?parent=77712"}],"wp:term":[{"taxonomy":"product_brand","embeddable":true,"href":"https:\/\/sezona.lv\/en\/wp-json\/wp\/v2\/product_brand?post=77712"},{"taxonomy":"product_cat","embeddable":true,"href":"https:\/\/sezona.lv\/en\/wp-json\/wp\/v2\/product_cat?post=77712"},{"taxonomy":"product_tag","embeddable":true,"href":"https:\/\/sezona.lv\/en\/wp-json\/wp\/v2\/product_tag?post=77712"}],"curies":[{"name":"wp","href":"https:\/\/api.w.org\/{rel}","templated":true}]}}