{"id":77713,"date":"2025-07-14T15:11:30","date_gmt":"2025-07-14T12:11:30","guid":{"rendered":"https:\/\/demo8.ecube.lv\/sezona.lv\/products\/abas-dumu-kupinatava-200l-nt-nerusejosa-terauda-ar-jumtinu\/"},"modified":"2025-07-14T15:11:30","modified_gmt":"2025-07-14T12:11:30","slug":"abas-dumu-kupinatava-200l-nt-nerusejosa-terauda-ar-jumtinu","status":"publish","type":"product","link":"https:\/\/sezona.lv\/en\/products\/abas-dumu-kupinatava-200l-nt-nerusejosa-terauda-ar-jumtinu\/","title":{"rendered":"ABAS d\u016bmu k\u016bpin\u0101tava 200L NT ner\u016bs\u0113jo\u0161\u0101 t\u0113rauda ar jumti\u0146u"},"content":{"rendered":"<p>Dubults, iztur\u012bgs un viegli kopjams met\u0101la korpuss ar siltuma izol\u0101ciju prec\u012bzai temperat\u016bras kontrolei un ar ieb\u016bv\u0113tu malkas kurtuvi \u012bstiem k\u016bpin\u0101&scaron;anas faniem. K\u016bpin\u0101tava paredz\u0113ta visiem laika apst\u0101k\u013ciem neatkar\u012bgi no gadalaika gan ziem\u0101, gan vasar\u0101. &nbsp;J\u016bsu k\u016bpin\u0101jums izdosies vienm\u0113r!<\/p>\n<ul>\n<li>Dubults met\u0101la korpuss &ndash; iztur\u012bgs un viegli kopjams<\/li>\n<li>Siltuma izol\u0101cija &ndash; vienm\u0113r\u012bgai un efekt\u012bvai k\u016bpin\u0101&scaron;anai<\/li>\n<li>Ieb\u016bv\u0113ts termometrs &ndash; \u0113rtai kontrolei<\/li>\n<li>Malkas kurtuve &ndash; dab\u012bg\u0101s gar&scaron;as cien\u012bt\u0101jiem<\/li>\n<li>Darba tilpums 200l &ndash; lielam daudzumam produkcijas<\/li>\n<li>Piem\u0113rota: Zivju, vistas, &nbsp;c\u016bkga\u013cas, desu, sieru k\u016bpin\u0101&scaron;anai<\/li>\n<li>Komplekt\u0101 3 plaukti, trauks tauku sav\u0101k&scaron;anai<\/li>\n<p><strong>Uzman\u012bbu &nbsp;&ndash; Lietot tikai \u0101pus telp\u0101m!<\/strong><\/p>\n<\/ul>\n","protected":false},"excerpt":{"rendered":"<p>Dubults, iztur\u012bgs un viegli kopjams met\u0101la korpuss ar siltuma izol\u0101ciju prec\u012bzai temperat\u016bras kontrolei un ar ieb\u016bv\u0113tu malkas kurtuvi \u012bstiem k\u016bpin\u0101&scaron;anas faniem. K\u016bpin\u0101tava paredz\u0113ta visiem laika apst\u0101k\u013ciem neatkar\u012bgi no gadalaika gan ziem\u0101, gan vasar\u0101. &nbsp;J\u016bsu k\u016bpin\u0101jums izdosies vienm\u0113r! Dubults met\u0101la korpuss &ndash; iztur\u012bgs un viegli kopjams Siltuma izol\u0101cija &ndash; vienm\u0113r\u012bgai un efekt\u012bvai k\u016bpin\u0101&scaron;anai Ieb\u016bv\u0113ts termometrs &ndash; [&hellip;]<\/p>\n","protected":false},"featured_media":0,"template":"","meta":[],"product_brand":[3373],"product_cat":[4629,4631,4763],"product_tag":[],"class_list":{"0":"post-77713","1":"product","2":"type-product","3":"status-publish","5":"product_brand-abas","6":"product_cat-seasonal-items","7":"product_cat-summer-seasonal-items","8":"product_cat-smoke-houses-summer-seasonal-items","10":"first","11":"instock","12":"shipping-taxable","13":"purchasable","14":"product-type-simple"},"_links":{"self":[{"href":"https:\/\/sezona.lv\/en\/wp-json\/wp\/v2\/product\/77713","targetHints":{"allow":["GET"]}}],"collection":[{"href":"https:\/\/sezona.lv\/en\/wp-json\/wp\/v2\/product"}],"about":[{"href":"https:\/\/sezona.lv\/en\/wp-json\/wp\/v2\/types\/product"}],"wp:attachment":[{"href":"https:\/\/sezona.lv\/en\/wp-json\/wp\/v2\/media?parent=77713"}],"wp:term":[{"taxonomy":"product_brand","embeddable":true,"href":"https:\/\/sezona.lv\/en\/wp-json\/wp\/v2\/product_brand?post=77713"},{"taxonomy":"product_cat","embeddable":true,"href":"https:\/\/sezona.lv\/en\/wp-json\/wp\/v2\/product_cat?post=77713"},{"taxonomy":"product_tag","embeddable":true,"href":"https:\/\/sezona.lv\/en\/wp-json\/wp\/v2\/product_tag?post=77713"}],"curies":[{"name":"wp","href":"https:\/\/api.w.org\/{rel}","templated":true}]}}