{"id":77714,"date":"2025-07-14T15:11:31","date_gmt":"2025-07-14T12:11:31","guid":{"rendered":"https:\/\/demo8.ecube.lv\/sezona.lv\/products\/abas-dumu-kupinatava-100l-nt-nerusejosa-terauda\/"},"modified":"2025-07-14T15:11:31","modified_gmt":"2025-07-14T12:11:31","slug":"abas-dumu-kupinatava-100l-nt-nerusejosa-terauda","status":"publish","type":"product","link":"https:\/\/sezona.lv\/en\/products\/abas-dumu-kupinatava-100l-nt-nerusejosa-terauda\/","title":{"rendered":"ABAS d\u016bmu k\u016bpin\u0101tava 100l NT ner\u016bs\u0113jo\u0161\u0101 t\u0113rauda"},"content":{"rendered":"<p>&nbsp;<\/p>\n<div class=\"ma-main-container col2-right-layout\">\n<div class=\"container\">\n<div class=\"main\">\n<div class=\"main-inner\">\n<div class=\"row\">\n<div class=\"col-main col-xs-12 col-sm-9\">\n<div class=\"product-view\">\n<div class=\"product-essential\">\n<div class=\"row\">\n<div class=\"product-shop col-sm-7 col-md-87 col-sms-8 col-smb-12\">\n<div class=\"short-description\">\n<div class=\"std\">D\u016bmu k\u016bpin\u0101tava:<br \/>Izm\u0113rs &ndash; 100litri<br \/>Darbojas ar malku, d\u016bmi rodas degot malkai.<br \/>K\u016bpin\u0101tava ir dubultsienu ar siltumizol\u0101ciju pa vidu.<br \/>Komplekt\u0101 ietilps : termometrs ,2 plaukti, tauku vanna.<br \/>Izmantojama m\u0101jsaimniec\u012bbas, kempingos, akt\u012bv\u0101 t\u016brisma objektos, kas saist\u012bti ar mak&scaron;\u0137er\u0113&scaron;anu un atp\u016btu pie dabas<br \/>Gabar\u012bti &#8211; 45 &times; 55 &times; 85 cm<\/div>\n<\/div>\n<\/div>\n<\/div>\n<\/div>\n<\/div>\n<\/div>\n<\/div>\n<\/div>\n<\/div>\n<\/div>\n<\/div>\n","protected":false},"excerpt":{"rendered":"<p>&nbsp; D\u016bmu k\u016bpin\u0101tava:Izm\u0113rs &ndash; 100litriDarbojas ar malku, d\u016bmi rodas degot malkai.K\u016bpin\u0101tava ir dubultsienu ar siltumizol\u0101ciju pa vidu.Komplekt\u0101 ietilps : termometrs ,2 plaukti, tauku vanna.Izmantojama m\u0101jsaimniec\u012bbas, kempingos, akt\u012bv\u0101 t\u016brisma objektos, kas saist\u012bti ar mak&scaron;\u0137er\u0113&scaron;anu un atp\u016btu pie dabasGabar\u012bti &#8211; 45 &times; 55 &times; 85 cm<\/p>\n","protected":false},"featured_media":0,"template":"","meta":[],"product_brand":[3373],"product_cat":[4629,4631,4763],"product_tag":[],"class_list":{"0":"post-77714","1":"product","2":"type-product","3":"status-publish","5":"product_brand-abas","6":"product_cat-seasonal-items","7":"product_cat-summer-seasonal-items","8":"product_cat-smoke-houses-summer-seasonal-items","10":"first","11":"instock","12":"shipping-taxable","13":"purchasable","14":"product-type-simple"},"_links":{"self":[{"href":"https:\/\/sezona.lv\/en\/wp-json\/wp\/v2\/product\/77714","targetHints":{"allow":["GET"]}}],"collection":[{"href":"https:\/\/sezona.lv\/en\/wp-json\/wp\/v2\/product"}],"about":[{"href":"https:\/\/sezona.lv\/en\/wp-json\/wp\/v2\/types\/product"}],"wp:attachment":[{"href":"https:\/\/sezona.lv\/en\/wp-json\/wp\/v2\/media?parent=77714"}],"wp:term":[{"taxonomy":"product_brand","embeddable":true,"href":"https:\/\/sezona.lv\/en\/wp-json\/wp\/v2\/product_brand?post=77714"},{"taxonomy":"product_cat","embeddable":true,"href":"https:\/\/sezona.lv\/en\/wp-json\/wp\/v2\/product_cat?post=77714"},{"taxonomy":"product_tag","embeddable":true,"href":"https:\/\/sezona.lv\/en\/wp-json\/wp\/v2\/product_tag?post=77714"}],"curies":[{"name":"wp","href":"https:\/\/api.w.org\/{rel}","templated":true}]}}