{"id":77716,"date":"2025-07-14T15:11:32","date_gmt":"2025-07-14T12:11:32","guid":{"rendered":"https:\/\/demo8.ecube.lv\/sezona.lv\/products\/abas-dumu-kupinatava-500l-nt-nerusejosa-terauda\/"},"modified":"2025-07-14T15:11:32","modified_gmt":"2025-07-14T12:11:32","slug":"abas-dumu-kupinatava-500l-nt-nerusejosa-terauda","status":"publish","type":"product","link":"https:\/\/sezona.lv\/en\/products\/abas-dumu-kupinatava-500l-nt-nerusejosa-terauda\/","title":{"rendered":"ABAS d\u016bmu k\u016bpin\u0101tava 500L NT n\u0113r\u016bs\u0113jo\u0161a t\u0113rauda"},"content":{"rendered":"<p>&nbsp;<\/p>\n<div class=\"ma-main-container col2-right-layout\">\n<div class=\"container\">\n<div class=\"main\">\n<div class=\"main-inner\">\n<div class=\"row\">\n<div class=\"col-main col-xs-12 col-sm-9\">\n<div class=\"product-view\">\n<div class=\"product-essential\">\n<div class=\"row\">\n<div class=\"product-shop col-sm-7 col-md-87 col-sms-8 col-smb-12\">\n<div class=\"short-description\">\n<div class=\"std\">Dubults, iztur\u012bgs un viegli kopjams met\u0101la korpuss ar siltuma izol\u0101ciju prec\u012bzai temperat\u016bras kontrolei un ar ieb\u016bv\u0113tu malkas kurtuvi \u012bstiem k\u016bpin\u0101&scaron;anas faniem. K\u016bpin\u0101tava paredz\u0113ta visiem laika apst\u0101k\u013ciem neatkar\u012bgi no gadalaika gan ziem\u0101, gan vasar\u0101. J\u016bsu k\u016bpin\u0101jums izdosies vienm\u0113r!<\/p>\n<p>Dubults met\u0101la korpuss &ndash; iztur\u012bgs un viegli kopjams<br \/>Siltuma izol\u0101cija &ndash; vienm\u0113r\u012bgai un efekt\u012bvai k\u016bpin\u0101&scaron;anai&nbsp;<br \/>Ieb\u016bv\u0113ts termometrs &ndash; \u0113rtai kontrolei<br \/>Malkas kurtuve &ndash; dab\u012bg\u0101s gar&scaron;as cien\u012bt\u0101jiem<br \/>Darba tilpums 500l &ndash; lielam daudzumam produkcijas<br \/>Piem\u0113rota: Zivju, vistas, c\u016bkga\u013cas, desu, sieru k\u016bpin\u0101&scaron;anai<br \/>Komplekt\u0101 6 plaukti, trauks tauku sav\u0101k&scaron;anai<\/p>\n<p>Izm\u0113ri (cm): Augstums &#8211; 135, Platums &ndash; 75, Dzi\u013cums &#8211; 65<br \/>Svars 100kg<\/div>\n<\/div>\n<\/div>\n<\/div>\n<\/div>\n<\/div>\n<\/div>\n<\/div>\n<\/div>\n<\/div>\n<\/div>\n<\/div>\n","protected":false},"excerpt":{"rendered":"<p>&nbsp; Dubults, iztur\u012bgs un viegli kopjams met\u0101la korpuss ar siltuma izol\u0101ciju prec\u012bzai temperat\u016bras kontrolei un ar ieb\u016bv\u0113tu malkas kurtuvi \u012bstiem k\u016bpin\u0101&scaron;anas faniem. K\u016bpin\u0101tava paredz\u0113ta visiem laika apst\u0101k\u013ciem neatkar\u012bgi no gadalaika gan ziem\u0101, gan vasar\u0101. J\u016bsu k\u016bpin\u0101jums izdosies vienm\u0113r! Dubults met\u0101la korpuss &ndash; iztur\u012bgs un viegli kopjamsSiltuma izol\u0101cija &ndash; vienm\u0113r\u012bgai un efekt\u012bvai k\u016bpin\u0101&scaron;anai&nbsp;Ieb\u016bv\u0113ts termometrs &ndash; \u0113rtai [&hellip;]<\/p>\n","protected":false},"featured_media":0,"template":"","meta":[],"product_brand":[3373],"product_cat":[4629,4631,4763],"product_tag":[],"class_list":{"0":"post-77716","1":"product","2":"type-product","3":"status-publish","5":"product_brand-abas","6":"product_cat-seasonal-items","7":"product_cat-summer-seasonal-items","8":"product_cat-smoke-houses-summer-seasonal-items","10":"first","11":"instock","12":"shipping-taxable","13":"purchasable","14":"product-type-simple"},"_links":{"self":[{"href":"https:\/\/sezona.lv\/en\/wp-json\/wp\/v2\/product\/77716","targetHints":{"allow":["GET"]}}],"collection":[{"href":"https:\/\/sezona.lv\/en\/wp-json\/wp\/v2\/product"}],"about":[{"href":"https:\/\/sezona.lv\/en\/wp-json\/wp\/v2\/types\/product"}],"wp:attachment":[{"href":"https:\/\/sezona.lv\/en\/wp-json\/wp\/v2\/media?parent=77716"}],"wp:term":[{"taxonomy":"product_brand","embeddable":true,"href":"https:\/\/sezona.lv\/en\/wp-json\/wp\/v2\/product_brand?post=77716"},{"taxonomy":"product_cat","embeddable":true,"href":"https:\/\/sezona.lv\/en\/wp-json\/wp\/v2\/product_cat?post=77716"},{"taxonomy":"product_tag","embeddable":true,"href":"https:\/\/sezona.lv\/en\/wp-json\/wp\/v2\/product_tag?post=77716"}],"curies":[{"name":"wp","href":"https:\/\/api.w.org\/{rel}","templated":true}]}}