{"id":77717,"date":"2025-07-14T15:11:33","date_gmt":"2025-07-14T12:11:33","guid":{"rendered":"https:\/\/demo8.ecube.lv\/sezona.lv\/products\/abas-portativa-dumu-kupinatava-45l-nt-nerusejosa-terauda\/"},"modified":"2025-07-14T15:11:33","modified_gmt":"2025-07-14T12:11:33","slug":"abas-portativa-dumu-kupinatava-45l-nt-nerusejosa-terauda","status":"publish","type":"product","link":"https:\/\/sezona.lv\/en\/products\/abas-portativa-dumu-kupinatava-45l-nt-nerusejosa-terauda\/","title":{"rendered":"ABAS portat\u012bv\u0101 d\u016bmu k\u016bpin\u0101tava 45L NT ner\u016bs\u0113jo\u0161\u0101 t\u0113rauda"},"content":{"rendered":"<p>&nbsp;<\/p>\n<div class=\"ma-main-container col2-right-layout\">\n<div class=\"container\">\n<div class=\"main\">\n<div class=\"main-inner\">\n<div class=\"row\">\n<div class=\"col-main col-xs-12 col-sm-9\">\n<div class=\"product-view\">\n<div class=\"product-essential\">\n<div class=\"row\">\n<div class=\"product-shop col-sm-7 col-md-87 col-sms-8 col-smb-12\">\n<div class=\"short-description\">\n<div class=\"std\">K\u016bpin\u0101tava ra\u017eota no augstas kvalit\u0101tes ner\u016bs\u0113jo&scaron;\u0101 t\u0113rauda!<\/p>\n<p>&bull; Darbojas ar malku, d\u016bmi rodas degot malkai. Rezult\u0101ts &#8211; izcils un p\u0101rliecino&scaron;s!<br \/>&bull; Izmantojama atp\u016btniekiem, mak&scaron;\u0137erniekiem, k\u0101 ar\u012b m\u0101jas apst\u0101k\u013cos.&nbsp;<br \/>K\u016bpin\u0101tava b\u016bs pietiekami liela, lai J\u016bs \u0113rti var\u0113tu nok\u016bpin\u0101t zivis vai ga\u013cu! Turkl\u0101t, paroc\u012bgais izm\u0113rs b\u016bs \u0113rts t\u0101s transport\u0113&scaron;anas laik\u0101 un uzglab\u0101&scaron;an\u0101<\/p>\n<p>Kompakta un \u0113rta malkas k\u016bpin\u0101tava piknikiem un vasarn\u012bc\u0101m.<\/p>\n<p>Darba tilpums 45l &ndash; neliel\u0101m porcij\u0101m produkcijas<br \/>Piem\u0113rota: Zivju, vistas cep&scaron;anai d\u016bmos<\/p>\n<p>Uzman\u012bbu &ndash; Lietot tikai \u0101rpus telp\u0101m!<\/p>\n<p>Kupin\u0101tavas izm\u0113rs : 39.0&#215;30.0x45.0 cm<br \/>Svars 12 kg<\/div>\n<\/div>\n<\/div>\n<\/div>\n<\/div>\n<\/div>\n<\/div>\n<\/div>\n<\/div>\n<\/div>\n<\/div>\n<\/div>\n","protected":false},"excerpt":{"rendered":"<p>&nbsp; K\u016bpin\u0101tava ra\u017eota no augstas kvalit\u0101tes ner\u016bs\u0113jo&scaron;\u0101 t\u0113rauda! &bull; Darbojas ar malku, d\u016bmi rodas degot malkai. Rezult\u0101ts &#8211; izcils un p\u0101rliecino&scaron;s!&bull; Izmantojama atp\u016btniekiem, mak&scaron;\u0137erniekiem, k\u0101 ar\u012b m\u0101jas apst\u0101k\u013cos.&nbsp;K\u016bpin\u0101tava b\u016bs pietiekami liela, lai J\u016bs \u0113rti var\u0113tu nok\u016bpin\u0101t zivis vai ga\u013cu! Turkl\u0101t, paroc\u012bgais izm\u0113rs b\u016bs \u0113rts t\u0101s transport\u0113&scaron;anas laik\u0101 un uzglab\u0101&scaron;an\u0101 Kompakta un \u0113rta malkas k\u016bpin\u0101tava piknikiem [&hellip;]<\/p>\n","protected":false},"featured_media":0,"template":"","meta":[],"product_brand":[3373],"product_cat":[4629,4631,4763],"product_tag":[],"class_list":{"0":"post-77717","1":"product","2":"type-product","3":"status-publish","5":"product_brand-abas","6":"product_cat-seasonal-items","7":"product_cat-summer-seasonal-items","8":"product_cat-smoke-houses-summer-seasonal-items","10":"first","11":"instock","12":"shipping-taxable","13":"purchasable","14":"product-type-simple"},"_links":{"self":[{"href":"https:\/\/sezona.lv\/en\/wp-json\/wp\/v2\/product\/77717","targetHints":{"allow":["GET"]}}],"collection":[{"href":"https:\/\/sezona.lv\/en\/wp-json\/wp\/v2\/product"}],"about":[{"href":"https:\/\/sezona.lv\/en\/wp-json\/wp\/v2\/types\/product"}],"wp:attachment":[{"href":"https:\/\/sezona.lv\/en\/wp-json\/wp\/v2\/media?parent=77717"}],"wp:term":[{"taxonomy":"product_brand","embeddable":true,"href":"https:\/\/sezona.lv\/en\/wp-json\/wp\/v2\/product_brand?post=77717"},{"taxonomy":"product_cat","embeddable":true,"href":"https:\/\/sezona.lv\/en\/wp-json\/wp\/v2\/product_cat?post=77717"},{"taxonomy":"product_tag","embeddable":true,"href":"https:\/\/sezona.lv\/en\/wp-json\/wp\/v2\/product_tag?post=77717"}],"curies":[{"name":"wp","href":"https:\/\/api.w.org\/{rel}","templated":true}]}}