{"id":77721,"date":"2025-07-11T16:19:37","date_gmt":"2025-07-11T13:19:37","guid":{"rendered":"https:\/\/demo8.ecube.lv\/sezona.lv\/products\/spole-salmo-sniper-spin-4-6730rd\/"},"modified":"2025-07-14T15:11:37","modified_gmt":"2025-07-14T12:11:37","slug":"spole-salmo-sniper-spin-4-6730rd","status":"publish","type":"product","link":"https:\/\/sezona.lv\/en\/products\/spole-salmo-sniper-spin-4-6730rd\/","title":{"rendered":"Spole Salmo Sniper SPIN 4 (6730RD)"},"content":{"rendered":"<p>Spole Salmo Sniper SPIN 4 (6730RD).<\/p>\n<p>Svars (g) 293<br \/> Ietilp\u012bba (m\/mm) 150\/0.30<br \/> Rull\u012b&scaron;u gult\u0146u sk. 1 <br \/> Lod\u012b&scaron;u gult\u0146u sk. 3<br \/> P\u0101rnesums 5.2:1<strong><br \/><\/strong><\/p>\n","protected":false},"excerpt":{"rendered":"<p>Spole Salmo Sniper SPIN 4 (6730RD). Svars (g) 293 Ietilp\u012bba (m\/mm) 150\/0.30 Rull\u012b&scaron;u gult\u0146u sk. 1 Lod\u012b&scaron;u gult\u0146u sk. 3 P\u0101rnesums 5.2:1<\/p>\n","protected":false},"featured_media":0,"template":"","meta":[],"product_brand":[],"product_cat":[4538,4539,4541],"product_tag":[],"class_list":{"0":"post-77721","1":"product","2":"type-product","3":"status-publish","5":"product_cat-fishing-equipment-recreation","6":"product_cat-reels-fishing-equipment-recreation","7":"product_cat-spinning-reels-reels-fishing-equipment-recreation","9":"first","10":"instock","11":"shipping-taxable","12":"purchasable","13":"product-type-simple"},"_links":{"self":[{"href":"https:\/\/sezona.lv\/en\/wp-json\/wp\/v2\/product\/77721","targetHints":{"allow":["GET"]}}],"collection":[{"href":"https:\/\/sezona.lv\/en\/wp-json\/wp\/v2\/product"}],"about":[{"href":"https:\/\/sezona.lv\/en\/wp-json\/wp\/v2\/types\/product"}],"wp:attachment":[{"href":"https:\/\/sezona.lv\/en\/wp-json\/wp\/v2\/media?parent=77721"}],"wp:term":[{"taxonomy":"product_brand","embeddable":true,"href":"https:\/\/sezona.lv\/en\/wp-json\/wp\/v2\/product_brand?post=77721"},{"taxonomy":"product_cat","embeddable":true,"href":"https:\/\/sezona.lv\/en\/wp-json\/wp\/v2\/product_cat?post=77721"},{"taxonomy":"product_tag","embeddable":true,"href":"https:\/\/sezona.lv\/en\/wp-json\/wp\/v2\/product_tag?post=77721"}],"curies":[{"name":"wp","href":"https:\/\/api.w.org\/{rel}","templated":true}]}}