{"id":77722,"date":"2025-07-11T16:19:39","date_gmt":"2025-07-11T13:19:39","guid":{"rendered":"https:\/\/demo8.ecube.lv\/sezona.lv\/products\/multiplikators-salmo-elite-troll-7-m2130\/"},"modified":"2025-07-14T15:11:38","modified_gmt":"2025-07-14T12:11:38","slug":"multiplikators-salmo-elite-troll-7-m2130","status":"publish","type":"product","link":"https:\/\/sezona.lv\/en\/products\/multiplikators-salmo-elite-troll-7-m2130\/","title":{"rendered":"Multiplikators Salmo Elite TROLL 7 (M2130)"},"content":{"rendered":"<p>Multiplikators Salmo Elite TROLL 7 (M2130).<\/p>\n<div class=\"short-description\">Svars (g) 523 <\/p>\n<div class=\"std\">Ietilp\u012bba (m\/mm) 355 \/ 0,38 <br \/> Rull\u012b&scaron;u gult\u0146u sk. 1 <br \/> Lod\u012b&scaron;u gult\u0146u sk. 6 <br \/> P\u0101rnesums 4,2 : 1<\/div>\n<\/div>\n","protected":false},"excerpt":{"rendered":"<p>Multiplikators Salmo Elite TROLL 7 (M2130). Svars (g) 523 Ietilp\u012bba (m\/mm) 355 \/ 0,38 Rull\u012b&scaron;u gult\u0146u sk. 1 Lod\u012b&scaron;u gult\u0146u sk. 6 P\u0101rnesums 4,2 : 1<\/p>\n","protected":false},"featured_media":0,"template":"","meta":[],"product_brand":[],"product_cat":[4538,4539,4542],"product_tag":[],"class_list":{"0":"post-77722","1":"product","2":"type-product","3":"status-publish","5":"product_cat-fishing-equipment-recreation","6":"product_cat-reels-fishing-equipment-recreation","7":"product_cat-baitcasting-reels-reels-fishing-equipment-recreation","9":"first","10":"instock","11":"shipping-taxable","12":"purchasable","13":"product-type-simple"},"_links":{"self":[{"href":"https:\/\/sezona.lv\/en\/wp-json\/wp\/v2\/product\/77722","targetHints":{"allow":["GET"]}}],"collection":[{"href":"https:\/\/sezona.lv\/en\/wp-json\/wp\/v2\/product"}],"about":[{"href":"https:\/\/sezona.lv\/en\/wp-json\/wp\/v2\/types\/product"}],"wp:attachment":[{"href":"https:\/\/sezona.lv\/en\/wp-json\/wp\/v2\/media?parent=77722"}],"wp:term":[{"taxonomy":"product_brand","embeddable":true,"href":"https:\/\/sezona.lv\/en\/wp-json\/wp\/v2\/product_brand?post=77722"},{"taxonomy":"product_cat","embeddable":true,"href":"https:\/\/sezona.lv\/en\/wp-json\/wp\/v2\/product_cat?post=77722"},{"taxonomy":"product_tag","embeddable":true,"href":"https:\/\/sezona.lv\/en\/wp-json\/wp\/v2\/product_tag?post=77722"}],"curies":[{"name":"wp","href":"https:\/\/api.w.org\/{rel}","templated":true}]}}