{"id":77723,"date":"2025-07-11T16:19:40","date_gmt":"2025-07-11T13:19:40","guid":{"rendered":"https:\/\/demo8.ecube.lv\/sezona.lv\/products\/telts-trespass-beatnik\/"},"modified":"2025-07-14T15:11:39","modified_gmt":"2025-07-14T12:11:39","slug":"telts-trespass-beatnik","status":"publish","type":"product","link":"https:\/\/sezona.lv\/en\/products\/telts-trespass-beatnik\/","title":{"rendered":"Telts Trespass Beatnik"},"content":{"rendered":"<p>Telts Trespass Beatnik.<\/p>\n<p>Vietu skaits: 2<\/p>\n<p>Izm\u0113rs: 200x120x100cm<\/p>\n<p>Materi\u0101ls: 190T PU<\/p>\n<p>Mitrumiztur\u012bba: 1500mm<\/p>\n<p>Svars: 1.8kg<\/p>\n<p>&nbsp;<\/p>\n","protected":false},"excerpt":{"rendered":"<p>Telts Trespass Beatnik. Vietu skaits: 2 Izm\u0113rs: 200x120x100cm Materi\u0101ls: 190T PU Mitrumiztur\u012bba: 1500mm Svars: 1.8kg &nbsp;<\/p>\n","protected":false},"featured_media":67685,"template":"","meta":[],"product_brand":[],"product_cat":[4558,4568,4959],"product_tag":[],"class_list":{"0":"post-77723","1":"product","2":"type-product","3":"status-publish","4":"has-post-thumbnail","6":"product_cat-for-tourism-recreation","7":"product_cat-tents-for-tourism-recreation","8":"product_cat-trespass-tents-tents-for-tourism-recreation","10":"first","11":"instock","12":"shipping-taxable","13":"purchasable","14":"product-type-simple"},"_links":{"self":[{"href":"https:\/\/sezona.lv\/en\/wp-json\/wp\/v2\/product\/77723","targetHints":{"allow":["GET"]}}],"collection":[{"href":"https:\/\/sezona.lv\/en\/wp-json\/wp\/v2\/product"}],"about":[{"href":"https:\/\/sezona.lv\/en\/wp-json\/wp\/v2\/types\/product"}],"wp:featuredmedia":[{"embeddable":true,"href":"https:\/\/sezona.lv\/en\/wp-json\/wp\/v2\/media\/67685"}],"wp:attachment":[{"href":"https:\/\/sezona.lv\/en\/wp-json\/wp\/v2\/media?parent=77723"}],"wp:term":[{"taxonomy":"product_brand","embeddable":true,"href":"https:\/\/sezona.lv\/en\/wp-json\/wp\/v2\/product_brand?post=77723"},{"taxonomy":"product_cat","embeddable":true,"href":"https:\/\/sezona.lv\/en\/wp-json\/wp\/v2\/product_cat?post=77723"},{"taxonomy":"product_tag","embeddable":true,"href":"https:\/\/sezona.lv\/en\/wp-json\/wp\/v2\/product_tag?post=77723"}],"curies":[{"name":"wp","href":"https:\/\/api.w.org\/{rel}","templated":true}]}}