{"id":77724,"date":"2025-07-11T16:19:44","date_gmt":"2025-07-11T13:19:44","guid":{"rendered":"https:\/\/demo8.ecube.lv\/sezona.lv\/products\/lietus-jaka-trespass-qikpac\/"},"modified":"2025-07-14T15:11:41","modified_gmt":"2025-07-14T12:11:41","slug":"lietus-jaka-trespass-qikpac","status":"publish","type":"product","link":"https:\/\/sezona.lv\/en\/products\/lietus-jaka-trespass-qikpac\/","title":{"rendered":"Lietus jaka Trespass QIKPAC"},"content":{"rendered":"<p>Lietus jaka Trespass QIKPAC.<\/p>\n<p>Unisex lietus jaka, kas izce\u013cas ar nelielo izm\u0113ru un svaru.<\/p>\n<p>Jakas komplekt\u0101 ir maza izm\u0113ra maisi\u0146&scaron;, kur\u0101 to ievietot, kad jaka netiek izmantota.<\/p>\n<p>Ide\u0101li pielietojama p\u0101rg\u0101jienos, velosport\u0101 un cit\u0101s aktivit\u0101t\u0113s pie dabas.<\/p>\n<p>&nbsp;<\/p>\n<p>Tehniksk\u0101s \u012bpa&scaron;\u012bbas:<\/p>\n<p>Ventil\u0113jama jakas aimugur\u0113j\u0101 da\u013ca;<\/p>\n<p>Divas kabatas ar r\u0101v\u0113jsl\u0113dz\u0113ju;<\/p>\n<p>Elast\u012bgas aproces;<\/p>\n<p>Kapuce;<\/p>\n<p>\u016adensiztur\u012bba: 5000mm;<\/p>\n<p>Elpotsp\u0113ja: 5000mvp;<\/p>\n<p>Materi\u0101ls: 100% Polyamide PU Coating;<\/p>\n<p>Iepakojuma izm\u0113rs: 9 X 19 cm<\/p>\n","protected":false},"excerpt":{"rendered":"<p>Lietus jaka Trespass QIKPAC. Unisex lietus jaka, kas izce\u013cas ar nelielo izm\u0113ru un svaru. Jakas komplekt\u0101 ir maza izm\u0113ra maisi\u0146&scaron;, kur\u0101 to ievietot, kad jaka netiek izmantota. Ide\u0101li pielietojama p\u0101rg\u0101jienos, velosport\u0101 un cit\u0101s aktivit\u0101t\u0113s pie dabas. &nbsp; Tehniksk\u0101s \u012bpa&scaron;\u012bbas: Ventil\u0113jama jakas aimugur\u0113j\u0101 da\u013ca; Divas kabatas ar r\u0101v\u0113jsl\u0113dz\u0113ju; Elast\u012bgas aproces; Kapuce; \u016adensiztur\u012bba: 5000mm; Elpotsp\u0113ja: 5000mvp; Materi\u0101ls: [&hellip;]<\/p>\n","protected":false},"featured_media":67688,"template":"","meta":[],"product_brand":[],"product_cat":[4538,4559,4560],"product_tag":[],"class_list":{"0":"post-77724","1":"product","2":"type-product","3":"status-publish","4":"has-post-thumbnail","6":"product_cat-fishing-equipment-recreation","7":"product_cat-equipment-fishing-equipment-recreation","8":"product_cat-clothes-equipment-fishing-equipment-recreation","10":"first","11":"instock","12":"shipping-taxable","13":"purchasable","14":"product-type-simple"},"_links":{"self":[{"href":"https:\/\/sezona.lv\/en\/wp-json\/wp\/v2\/product\/77724","targetHints":{"allow":["GET"]}}],"collection":[{"href":"https:\/\/sezona.lv\/en\/wp-json\/wp\/v2\/product"}],"about":[{"href":"https:\/\/sezona.lv\/en\/wp-json\/wp\/v2\/types\/product"}],"wp:featuredmedia":[{"embeddable":true,"href":"https:\/\/sezona.lv\/en\/wp-json\/wp\/v2\/media\/67688"}],"wp:attachment":[{"href":"https:\/\/sezona.lv\/en\/wp-json\/wp\/v2\/media?parent=77724"}],"wp:term":[{"taxonomy":"product_brand","embeddable":true,"href":"https:\/\/sezona.lv\/en\/wp-json\/wp\/v2\/product_brand?post=77724"},{"taxonomy":"product_cat","embeddable":true,"href":"https:\/\/sezona.lv\/en\/wp-json\/wp\/v2\/product_cat?post=77724"},{"taxonomy":"product_tag","embeddable":true,"href":"https:\/\/sezona.lv\/en\/wp-json\/wp\/v2\/product_tag?post=77724"}],"curies":[{"name":"wp","href":"https:\/\/api.w.org\/{rel}","templated":true}]}}