{"id":77729,"date":"2025-07-11T16:19:51","date_gmt":"2025-07-11T13:19:51","guid":{"rendered":"https:\/\/demo8.ecube.lv\/sezona.lv\/products\/regatta-gulammaiss-hilo-ultralite750\/"},"modified":"2025-07-14T15:11:47","modified_gmt":"2025-07-14T12:11:47","slug":"regatta-gulammaiss-hilo-ultralite750","status":"publish","type":"product","link":"https:\/\/sezona.lv\/en\/products\/regatta-gulammaiss-hilo-ultralite750\/","title":{"rendered":"Regatta gu\u013cammaiss Hilo Ultralite750"},"content":{"rendered":"<p>IDE\u0100LI PIEM\u0112ROTS CE\u013bO&Scaron;ANAI AR MUGURSOM\u0100M<\/p>\n<ul type=\"disc\">\n<li>Izteikti      nelielais gu\u013cammaisa izm\u0113rs sapakot\u0101 veid\u0101 ide\u0101li piem\u0113rots ievieto&scaron;anai      mugursom\u0101 <\/li>\n<li>Kokona tipa      forma nodro&scaron;ina izcilu siltuma saglab\u0101&scaron;anu <\/li>\n<li>Vienk\u0101rtas      &scaron;uvums, kas nodro&scaron;ina vienm\u0113r\u012bgu pild\u012bjuma izkl\u0101jumu <\/li>\n<li>Izol\u0113jo&scaron;s      r\u0101v\u0113jsl\u0113dz\u0113ju p\u0101rsegs auksto vietu noseg&scaron;anai un \u0137erme\u0146a siltuma      saglab\u0101&scaron;anai <\/li>\n<li>Divvirzienu      r\u0101v\u0113jsl\u0113dz\u0113js kreisaj\u0101 pus\u0113 atv\u0113r&scaron;anai gan no aug&scaron;as, gan apak&scaron;as <\/li>\n<li>Iek&scaron;\u0113j\u0101      kabata v\u0113rtslietu glab\u0101&scaron;anai <\/li>\n<li>Pamatn\u0113      eso&scaron;ie \u0101\u0137i paredz\u0113ti ventil\u0101cijai un \u017e\u016b&scaron;anai <\/li>\n<li>Kompresijas      soma v\u0113l vair\u0101k samazina sapakota gu\u013cammaisa izm\u0113ru <\/li>\n<\/ul>\n<p>&nbsp;<\/p>\n<table style=\"height: 162px\" border=\"1\" cellspacing=\"0\" cellpadding=\"0\" width=\"387\">\n<tbody>\n<tr>\n<td width=\"149\" valign=\"top\">\n<p>Izm\u0113rs<\/p>\n<\/td>\n<td width=\"441\" valign=\"top\">\n<p>220 x 80 x 40cm<\/p>\n<\/td>\n<\/tr>\n<tr>\n<td width=\"149\" valign=\"top\">\n<p>Izm\u0113rs salikt\u0101 veid\u0101<\/p>\n<\/td>\n<td width=\"441\" valign=\"top\">\n<p>28 x 15cm<\/p>\n<\/td>\n<\/tr>\n<tr>\n<td width=\"149\" valign=\"top\">\n<p>Svars<\/p>\n<\/td>\n<td width=\"441\" valign=\"top\">\n<p>750g<\/p>\n<\/td>\n<\/tr>\n<tr>\n<td width=\"149\" valign=\"top\">\n<p>\u0100r\u0113jais materi\u0101ls<\/p>\n<\/td>\n<td width=\"441\" valign=\"top\">\n<p>290T viegls poliesters<\/p>\n<\/td>\n<\/tr>\n<tr>\n<td width=\"149\" valign=\"top\">\n<p>Odere<\/p>\n<\/td>\n<td width=\"441\" valign=\"top\">\n<p>190T Poliesters<\/p>\n<\/td>\n<\/tr>\n<tr>\n<td width=\"149\" valign=\"top\">\n<p>Pild\u012bjums<\/p>\n<\/td>\n<td width=\"441\" valign=\"top\">\n<p>60% poliesters, 40% dob&scaron;\u0137iedra, 60gsm<\/p>\n<\/td>\n<\/tr>\n<tr>\n<td width=\"149\" valign=\"top\">\n<p>Parametri<\/p>\n<\/td>\n<td width=\"441\" valign=\"top\">\n<p>-1,3&deg;C ekstrem\u0101los apst\u0101k\u013cos,<\/p>\n<p>9,8&deg;C zem\u0101k\u0101 \u0113rtuma temperat\u016bra,<\/p>\n<p>13,4&deg;C augst\u0101k\u0101 \u0113rtuma temperat\u016bra<\/p>\n<\/td>\n<\/tr>\n<\/tbody>\n<\/table>\n<p>&nbsp;<\/p>\n<p>&nbsp;<\/p>\n","protected":false},"excerpt":{"rendered":"<p>IDE\u0100LI PIEM\u0112ROTS CE\u013bO&Scaron;ANAI AR MUGURSOM\u0100M Izteikti nelielais gu\u013cammaisa izm\u0113rs sapakot\u0101 veid\u0101 ide\u0101li piem\u0113rots ievieto&scaron;anai mugursom\u0101 Kokona tipa forma nodro&scaron;ina izcilu siltuma saglab\u0101&scaron;anu Vienk\u0101rtas &scaron;uvums, kas nodro&scaron;ina vienm\u0113r\u012bgu pild\u012bjuma izkl\u0101jumu Izol\u0113jo&scaron;s r\u0101v\u0113jsl\u0113dz\u0113ju p\u0101rsegs auksto vietu noseg&scaron;anai un \u0137erme\u0146a siltuma saglab\u0101&scaron;anai Divvirzienu r\u0101v\u0113jsl\u0113dz\u0113js kreisaj\u0101 pus\u0113 atv\u0113r&scaron;anai gan no aug&scaron;as, gan apak&scaron;as Iek&scaron;\u0113j\u0101 kabata v\u0113rtslietu glab\u0101&scaron;anai Pamatn\u0113 eso&scaron;ie [&hellip;]<\/p>\n","protected":false},"featured_media":67713,"template":"","meta":[],"product_brand":[3374],"product_cat":[4558,4569,4965],"product_tag":[],"class_list":{"0":"post-77729","1":"product","2":"type-product","3":"status-publish","4":"has-post-thumbnail","6":"product_brand-regatta","7":"product_cat-for-tourism-recreation","8":"product_cat-sleeping-bags-for-tourism-recreation","9":"product_cat-regatta-sleeping-bags-sleeping-bags-for-tourism-recreation","11":"first","12":"instock","13":"shipping-taxable","14":"purchasable","15":"product-type-simple"},"_links":{"self":[{"href":"https:\/\/sezona.lv\/en\/wp-json\/wp\/v2\/product\/77729","targetHints":{"allow":["GET"]}}],"collection":[{"href":"https:\/\/sezona.lv\/en\/wp-json\/wp\/v2\/product"}],"about":[{"href":"https:\/\/sezona.lv\/en\/wp-json\/wp\/v2\/types\/product"}],"wp:featuredmedia":[{"embeddable":true,"href":"https:\/\/sezona.lv\/en\/wp-json\/wp\/v2\/media\/67713"}],"wp:attachment":[{"href":"https:\/\/sezona.lv\/en\/wp-json\/wp\/v2\/media?parent=77729"}],"wp:term":[{"taxonomy":"product_brand","embeddable":true,"href":"https:\/\/sezona.lv\/en\/wp-json\/wp\/v2\/product_brand?post=77729"},{"taxonomy":"product_cat","embeddable":true,"href":"https:\/\/sezona.lv\/en\/wp-json\/wp\/v2\/product_cat?post=77729"},{"taxonomy":"product_tag","embeddable":true,"href":"https:\/\/sezona.lv\/en\/wp-json\/wp\/v2\/product_tag?post=77729"}],"curies":[{"name":"wp","href":"https:\/\/api.w.org\/{rel}","templated":true}]}}