{"id":77731,"date":"2025-07-11T16:19:55","date_gmt":"2025-07-11T13:19:55","guid":{"rendered":"https:\/\/demo8.ecube.lv\/sezona.lv\/products\/paspiepusamais-matracis-regatta-napa-3\/"},"modified":"2025-07-14T15:11:49","modified_gmt":"2025-07-14T12:11:49","slug":"paspiepusamais-matracis-regatta-napa-3","status":"publish","type":"product","link":"https:\/\/sezona.lv\/en\/products\/paspiepusamais-matracis-regatta-napa-3\/","title":{"rendered":"Pa\u0161piep\u016b\u0161amais matracis Regatta Napa 3"},"content":{"rendered":"<p><span>Lightweight and compact self-inflating roll mat<\/span><\/p>\n<ul>\n<li>Lightweight foam construction<\/li>\n<li>185 x 50 x 3cm<\/li>\n<li>Self-inflating valve for simple and easy inflation<\/li>\n<li>Diamond ripstop upper fabric<\/li>\n<li>Repair kit included<\/li>\n<li>Roll straps and stuff sack included for storage<\/li>\n<\/ul>\n<ul>\n<li>100% Polyester<\/li>\n<\/ul>\n<table border=\"1\" cellspacing=\"0\" cellpadding=\"0\">\n<tbody>\n<tr>\n<td width=\"149\" valign=\"top\">\n<p>Izm\u0113rs<\/p>\n<\/td>\n<td width=\"208\" valign=\"top\">\n<p>185 x 55 x   3 cm<\/p>\n<\/td>\n<\/tr>\n<tr>\n<td width=\"149\" valign=\"top\">\n<p>Iepakojuma   izm\u0113rs<\/p>\n<\/td>\n<td width=\"208\" valign=\"top\">\n<p>15 x 55 cm<\/p>\n<\/td>\n<\/tr>\n<tr>\n<td width=\"149\" valign=\"top\">\n<p>Svars<\/p>\n<\/td>\n<td width=\"208\" valign=\"top\">\n<p>1.20kg<\/p>\n<\/td>\n<\/tr>\n<\/tbody>\n<\/table>\n<ul>\n<\/ul>\n","protected":false},"excerpt":{"rendered":"<p>Lightweight and compact self-inflating roll mat Lightweight foam construction 185 x 50 x 3cm Self-inflating valve for simple and easy inflation Diamond ripstop upper fabric Repair kit included Roll straps and stuff sack included for storage 100% Polyester Izm\u0113rs 185 x 55 x 3 cm Iepakojuma izm\u0113rs 15 x 55 cm Svars 1.20kg<\/p>\n","protected":false},"featured_media":67723,"template":"","meta":[],"product_brand":[3374],"product_cat":[4558,4663,4772],"product_tag":[],"class_list":{"0":"post-77731","1":"product","2":"type-product","3":"status-publish","4":"has-post-thumbnail","6":"product_brand-regatta","7":"product_cat-for-tourism-recreation","8":"product_cat-mattresses-and-travel-mats-for-tourism-recreation","9":"product_cat-self-inflating-mattresses-mattresses-and-travel-mats-for-tourism-recreation","11":"first","12":"instock","13":"shipping-taxable","14":"purchasable","15":"product-type-simple"},"_links":{"self":[{"href":"https:\/\/sezona.lv\/en\/wp-json\/wp\/v2\/product\/77731","targetHints":{"allow":["GET"]}}],"collection":[{"href":"https:\/\/sezona.lv\/en\/wp-json\/wp\/v2\/product"}],"about":[{"href":"https:\/\/sezona.lv\/en\/wp-json\/wp\/v2\/types\/product"}],"wp:featuredmedia":[{"embeddable":true,"href":"https:\/\/sezona.lv\/en\/wp-json\/wp\/v2\/media\/67723"}],"wp:attachment":[{"href":"https:\/\/sezona.lv\/en\/wp-json\/wp\/v2\/media?parent=77731"}],"wp:term":[{"taxonomy":"product_brand","embeddable":true,"href":"https:\/\/sezona.lv\/en\/wp-json\/wp\/v2\/product_brand?post=77731"},{"taxonomy":"product_cat","embeddable":true,"href":"https:\/\/sezona.lv\/en\/wp-json\/wp\/v2\/product_cat?post=77731"},{"taxonomy":"product_tag","embeddable":true,"href":"https:\/\/sezona.lv\/en\/wp-json\/wp\/v2\/product_tag?post=77731"}],"curies":[{"name":"wp","href":"https:\/\/api.w.org\/{rel}","templated":true}]}}