{"id":77732,"date":"2025-07-11T16:19:57","date_gmt":"2025-07-11T13:19:57","guid":{"rendered":"https:\/\/demo8.ecube.lv\/sezona.lv\/products\/paspiepusamais-matracis-regatta-napa-ultralite750\/"},"modified":"2025-07-14T15:11:50","modified_gmt":"2025-07-14T12:11:50","slug":"paspiepusamais-matracis-regatta-napa-ultralite750","status":"publish","type":"product","link":"https:\/\/sezona.lv\/en\/products\/paspiepusamais-matracis-regatta-napa-ultralite750\/","title":{"rendered":"Pa\u0161piep\u016b\u0161amais matracis Regatta Napa Ultralite750"},"content":{"rendered":"<ul>\n<li>Lightweight design through tapered shape and diamond-cut foam<\/li>\n<li>Extremely small pack size makes this perfect for backpacking<\/li>\n<li>Self inflating valve for simple and easy inflation<\/li>\n<li>Diamond ripstop upper fabric and non-slip base fabric<\/li>\n<\/ul>\n<div class=\"std\">\n<p>This Regattal camping mat is ideal for use under a sleeping bag inside a tent or on a camping bed to give cushioning and comfort. Roll straps included for storage.<\/p>\n<\/div>\n<h2>\n<table border=\"1\" cellspacing=\"0\" cellpadding=\"0\">\n<tbody>\n<tr>\n<td width=\"149\" valign=\"top\">\n<p>Izm\u0113rs<\/p>\n<\/td>\n<td width=\"208\" valign=\"top\">\n<p>175 x 50 x   2.5 cm<\/p>\n<\/td>\n<\/tr>\n<tr>\n<td width=\"149\" valign=\"top\">\n<p>Iepakojuma   izm\u0113rs<\/p>\n<\/td>\n<td width=\"208\" valign=\"top\">\n<p>16 x 27 cm<\/p>\n<\/td>\n<\/tr>\n<tr>\n<td width=\"149\" valign=\"top\">\n<p>Svars<\/p>\n<\/td>\n<td width=\"208\" valign=\"top\">\n<p>0.750kg<\/p>\n<\/td>\n<\/tr>\n<\/tbody>\n<\/table>\n<\/h2>\n","protected":false},"excerpt":{"rendered":"<p>Lightweight design through tapered shape and diamond-cut foam Extremely small pack size makes this perfect for backpacking Self inflating valve for simple and easy inflation Diamond ripstop upper fabric and non-slip base fabric This Regattal camping mat is ideal for use under a sleeping bag inside a tent or on a camping bed to give [&hellip;]<\/p>\n","protected":false},"featured_media":67726,"template":"","meta":[],"product_brand":[3374],"product_cat":[4558,4663,4772],"product_tag":[],"class_list":{"0":"post-77732","1":"product","2":"type-product","3":"status-publish","4":"has-post-thumbnail","6":"product_brand-regatta","7":"product_cat-for-tourism-recreation","8":"product_cat-mattresses-and-travel-mats-for-tourism-recreation","9":"product_cat-self-inflating-mattresses-mattresses-and-travel-mats-for-tourism-recreation","11":"first","12":"instock","13":"shipping-taxable","14":"purchasable","15":"product-type-simple"},"_links":{"self":[{"href":"https:\/\/sezona.lv\/en\/wp-json\/wp\/v2\/product\/77732","targetHints":{"allow":["GET"]}}],"collection":[{"href":"https:\/\/sezona.lv\/en\/wp-json\/wp\/v2\/product"}],"about":[{"href":"https:\/\/sezona.lv\/en\/wp-json\/wp\/v2\/types\/product"}],"wp:featuredmedia":[{"embeddable":true,"href":"https:\/\/sezona.lv\/en\/wp-json\/wp\/v2\/media\/67726"}],"wp:attachment":[{"href":"https:\/\/sezona.lv\/en\/wp-json\/wp\/v2\/media?parent=77732"}],"wp:term":[{"taxonomy":"product_brand","embeddable":true,"href":"https:\/\/sezona.lv\/en\/wp-json\/wp\/v2\/product_brand?post=77732"},{"taxonomy":"product_cat","embeddable":true,"href":"https:\/\/sezona.lv\/en\/wp-json\/wp\/v2\/product_cat?post=77732"},{"taxonomy":"product_tag","embeddable":true,"href":"https:\/\/sezona.lv\/en\/wp-json\/wp\/v2\/product_tag?post=77732"}],"curies":[{"name":"wp","href":"https:\/\/api.w.org\/{rel}","templated":true}]}}