{"id":77745,"date":"2025-07-14T15:12:00","date_gmt":"2025-07-14T12:12:00","guid":{"rendered":"https:\/\/demo8.ecube.lv\/sezona.lv\/products\/akumulatora-ladetajs-ctek-mxs-7-0-eu\/"},"modified":"2025-07-14T15:12:00","modified_gmt":"2025-07-14T12:12:00","slug":"akumulatora-ladetajs-ctek-mxs-7-0-eu","status":"publish","type":"product","link":"https:\/\/sezona.lv\/en\/products\/akumulatora-ladetajs-ctek-mxs-7-0-eu\/","title":{"rendered":"Akumulatora l\u0101d\u0113t\u0101js CTEK MXS 7.0 EU"},"content":{"rendered":"<p>&nbsp;<\/p>\n<div class=\"inner\">\n<p>Impulsa tipa l\u0101d\u0113t\u0101js (8 so\u013cu), paredz\u0113ts &nbsp;14-150Ah akumulatoru  l\u0101d\u0113&scaron;anai. Piln\u012bb\u0101 autom\u0101tisks. Paredz\u0113ts: Sk\u0101bes \/ GEL \/ AGM tipa  akumulatoriem.<\/p>\n<p>Akumulatora atjauno&scaron;anas funkcija (Recond) un sprieguma uztur\u0113&scaron;anas re\u017e\u012bms (13.8V\/7A)..<\/p>\n<p>L\u0101d\u0113&scaron;anas spriegums: 14.4\/14.7\/15.8V<\/p>\n<\/div>\n<p>&nbsp;<\/p>\n<p>&nbsp;<\/p>\n","protected":false},"excerpt":{"rendered":"<p>&nbsp; Impulsa tipa l\u0101d\u0113t\u0101js (8 so\u013cu), paredz\u0113ts &nbsp;14-150Ah akumulatoru l\u0101d\u0113&scaron;anai. Piln\u012bb\u0101 autom\u0101tisks. Paredz\u0113ts: Sk\u0101bes \/ GEL \/ AGM tipa akumulatoriem. Akumulatora atjauno&scaron;anas funkcija (Recond) un sprieguma uztur\u0113&scaron;anas re\u017e\u012bms (13.8V\/7A).. L\u0101d\u0113&scaron;anas spriegums: 14.4\/14.7\/15.8V &nbsp; &nbsp;<\/p>\n","protected":false},"featured_media":0,"template":"","meta":[],"product_brand":[3378],"product_cat":[4557,4640,4951],"product_tag":[],"class_list":{"0":"post-77745","1":"product","2":"type-product","3":"status-publish","5":"product_brand-ctek","6":"product_cat-boats-recreation","7":"product_cat-recreation","8":"product_cat-battery-chargers-boats-recreation","10":"first","11":"instock","12":"shipping-taxable","13":"purchasable","14":"product-type-simple"},"_links":{"self":[{"href":"https:\/\/sezona.lv\/en\/wp-json\/wp\/v2\/product\/77745","targetHints":{"allow":["GET"]}}],"collection":[{"href":"https:\/\/sezona.lv\/en\/wp-json\/wp\/v2\/product"}],"about":[{"href":"https:\/\/sezona.lv\/en\/wp-json\/wp\/v2\/types\/product"}],"wp:attachment":[{"href":"https:\/\/sezona.lv\/en\/wp-json\/wp\/v2\/media?parent=77745"}],"wp:term":[{"taxonomy":"product_brand","embeddable":true,"href":"https:\/\/sezona.lv\/en\/wp-json\/wp\/v2\/product_brand?post=77745"},{"taxonomy":"product_cat","embeddable":true,"href":"https:\/\/sezona.lv\/en\/wp-json\/wp\/v2\/product_cat?post=77745"},{"taxonomy":"product_tag","embeddable":true,"href":"https:\/\/sezona.lv\/en\/wp-json\/wp\/v2\/product_tag?post=77745"}],"curies":[{"name":"wp","href":"https:\/\/api.w.org\/{rel}","templated":true}]}}