{"id":77746,"date":"2025-07-14T15:12:00","date_gmt":"2025-07-14T12:12:00","guid":{"rendered":"https:\/\/demo8.ecube.lv\/sezona.lv\/products\/akumulatora-ladetajs-victron-energy-6v-12v-1-1a\/"},"modified":"2025-07-14T15:12:00","modified_gmt":"2025-07-14T12:12:00","slug":"akumulatora-ladetajs-victron-energy-6v-12v-1-1a","status":"publish","type":"product","link":"https:\/\/sezona.lv\/en\/products\/akumulatora-ladetajs-victron-energy-6v-12v-1-1a\/","title":{"rendered":"Akumulatora l\u0101d\u0113t\u0101js VICTRON ENERGY 6V\/12V-1.1A"},"content":{"rendered":"<div class=\"title\">\n<h1>VICTRON ENERGYAkumulatora l\u0101d\u0113t\u0101js Victron Energy 6\/12V 1.1A<\/h1>\n<\/div>\n<div class=\"price\">\n<div class=\"cena\"><\/div>\n<\/div>\n<div class=\"inner\">\n<p>L\u012bdzstr\u0101vas&nbsp;tipa l\u0101d\u0113t\u0101js (4 so\u013cu), paredz\u0113ts &nbsp;1.2-30Ah akumulatoru l\u0101d\u0113&scaron;anai. Piln\u012bb\u0101 autom\u0101tisks. Paredz\u0113ts: Sk\u0101bes \/ GEL \/ AGM tipa akumulatoriem.<\/p>\n<p>L\u0101d\u0113&scaron;anas spriegums: 7.2\/7.35 \/ 14.4\/14.7<\/p>\n<\/div>\n","protected":false},"excerpt":{"rendered":"<p>VICTRON ENERGYAkumulatora l\u0101d\u0113t\u0101js Victron Energy 6\/12V 1.1A L\u012bdzstr\u0101vas&nbsp;tipa l\u0101d\u0113t\u0101js (4 so\u013cu), paredz\u0113ts &nbsp;1.2-30Ah akumulatoru l\u0101d\u0113&scaron;anai. Piln\u012bb\u0101 autom\u0101tisks. Paredz\u0113ts: Sk\u0101bes \/ GEL \/ AGM tipa akumulatoriem. L\u0101d\u0113&scaron;anas spriegums: 7.2\/7.35 \/ 14.4\/14.7<\/p>\n","protected":false},"featured_media":0,"template":"","meta":[],"product_brand":[3376],"product_cat":[4557,4640,4951],"product_tag":[],"class_list":{"0":"post-77746","1":"product","2":"type-product","3":"status-publish","5":"product_brand-victron-energy","6":"product_cat-boats-recreation","7":"product_cat-recreation","8":"product_cat-battery-chargers-boats-recreation","10":"first","11":"instock","12":"shipping-taxable","13":"purchasable","14":"product-type-simple"},"_links":{"self":[{"href":"https:\/\/sezona.lv\/en\/wp-json\/wp\/v2\/product\/77746","targetHints":{"allow":["GET"]}}],"collection":[{"href":"https:\/\/sezona.lv\/en\/wp-json\/wp\/v2\/product"}],"about":[{"href":"https:\/\/sezona.lv\/en\/wp-json\/wp\/v2\/types\/product"}],"wp:attachment":[{"href":"https:\/\/sezona.lv\/en\/wp-json\/wp\/v2\/media?parent=77746"}],"wp:term":[{"taxonomy":"product_brand","embeddable":true,"href":"https:\/\/sezona.lv\/en\/wp-json\/wp\/v2\/product_brand?post=77746"},{"taxonomy":"product_cat","embeddable":true,"href":"https:\/\/sezona.lv\/en\/wp-json\/wp\/v2\/product_cat?post=77746"},{"taxonomy":"product_tag","embeddable":true,"href":"https:\/\/sezona.lv\/en\/wp-json\/wp\/v2\/product_tag?post=77746"}],"curies":[{"name":"wp","href":"https:\/\/api.w.org\/{rel}","templated":true}]}}