{"id":77751,"date":"2025-07-11T16:20:25","date_gmt":"2025-07-11T13:20:25","guid":{"rendered":"https:\/\/demo8.ecube.lv\/sezona.lv\/products\/deeper-fishfinder-pro-wi-fi\/"},"modified":"2025-07-14T15:12:06","modified_gmt":"2025-07-14T12:12:06","slug":"deeper-fishfinder-pro-wi-fi","status":"publish","type":"product","link":"https:\/\/sezona.lv\/en\/products\/deeper-fishfinder-pro-wi-fi\/","title":{"rendered":"DEEPER FISHFINDER PRO Wi-fi"},"content":{"rendered":"<p><span style=\"font-size: 12px\"><span style=\"font-family: arial,helvetica,sans-serif\">Deeper  Fishfinder ir gudra, bezvadu eholote, kas darbojas savienojum\u0101 ar j\u016bsu  iOS vai Android viedt\u0101lruni vai plan&scaron;eti. T\u0101 ir specifiski izstr\u0101d\u0101ta,  lai atrastu zivis, noteiktu dzi\u013cumu, \u016bdens temperat\u016bru un gultnes  kont\u016bras. Deeper eholote ir lieliski piem\u0113rota jebk\u0101da veida  mak&scaron;\u0137er\u0113&scaron;anai un ietver sev\u012b ar\u012b t\u0101das funkcijas k\u0101 Ziemas mak&scaron;\u0137er\u0113&scaron;anas  re\u017e\u012bmu un kar&scaron;u z\u012bm\u0113&scaron;anu \u012bst\u0101 laik\u0101.&nbsp;<\/span><\/span><\/p>\n<p>Eholotes funkcijas:<\/p>\n<ul>\n<li> Daudzpus\u012bgs pielietojums mak&scaron;\u0137er\u0113jot<\/li>\n<li> Divu frekven\u010du stars<\/li>\n<li> Bluetooth bezvadu savienojums<\/li>\n<li> Maza un \u013coti viegla<\/li>\n<li> Darbojas gan sald\u016bden\u012b, gan s\u0101ls\u016bden\u012b<\/li>\n<li> Uzl\u0101d\u0113jama baterija<\/li>\n<li> Piem\u0113rota lieto&scaron;anai ziem\u0101<\/li>\n<\/ul>\n<p>Aplik\u0101cijas funkcijas:<\/p>\n<ul>\n<li> Kar&scaron;u z\u012bm\u0113&scaron;ana \u012bst\u0101 laik\u0101 un bezsaistes kartes<\/li>\n<li> Ziemas mak&scaron;\u0137er\u0113&scaron;anas re\u017e\u012bms, parastais un Flasher<\/li>\n<li> Neierobe\u017eota atmi\u0146a (bezsaistes kartes)<\/li>\n<li> Dzi\u013cums, Temperat\u016bra, Gultnes strukt\u016bra, Kont\u016bra, Zivju lok\u0101cija<\/li>\n<li> Saules\/m\u0113ness kalend\u0101rs, Mak&scaron;\u0137er\u0113&scaron;anas re\u0123istri, Dal\u012b&scaron;an\u0101s soci\u0101lajos t\u012bkos<\/li>\n<li> Lai p\u0101rraid\u012btu datus uz j\u016bsu ier\u012bci, Deeper Fishfinder izmanto WiFi.<\/li>\n<li> Nav nepiecie&scaron;ams mobilo sakaru piesl\u0113gums vai internets, t\u0101dej\u0101di  mak&scaron;\u0137er\u0113t var no jebkuras vietas: krasta, mola, tilta, laivas vai  kajaka.<\/li>\n<li> Maksim\u0101lais WiFi diapazons ir l\u012bdz 100 metriem.<\/li>\n<\/ul>\n<p>Aplik\u0101cijas savietojam\u012bba<\/p>\n<ul>\n<li> Deeper mobil\u0101 aplik\u0101cija ir savietojama ar vair\u0101k nek\u0101 7500+ iOS un  Android ier\u012bc\u0113m. T\u0101 darbojas gan tie&scaron;saistes, gan bezsaistes re\u017e\u012bm\u0101 un  nodro&scaron;ina t\u0101das funkcijas k\u0101 saules\/m\u0113ness kalend\u0101rs, mak&scaron;\u0137er\u0113&scaron;anas  re\u0123istri, bezsaistes kartes, kameras funkcija, dal\u012b&scaron;anos soci\u0101lajos  t\u012bklos, utt. T\u0101 ir pieejama vair\u0101k k\u0101 20 valod\u0101s.<\/li>\n<\/ul>\n<p>Gudra mak&scaron;\u0137er\u0113&scaron;ana<\/p>\n<ul>\n<li> Deeper var iemest \u016bden\u012b jebkur\u0101 noskat\u012btaj\u0101 viet\u0101. Tikl\u012bdz tas ir  sasniedzis savu vietu, son\u0101rs uzpeld un s\u0101k p\u0101rraid\u012bt detaliz\u0113tu  inform\u0101ciju (par dzi\u013cumu, gultnes strukt\u016bru, kont\u016bru, ve\u0123et\u0101ciju, zivju  lok\u0101ciju, temperat\u016bru, utt) tie&scaron;i uz mak&scaron;\u0137ernieka viedt\u0101lru\u0146a vai  plan&scaron;etes ekr\u0101na.<\/li>\n<\/ul>\n<p>Kar&scaron;u z\u012bm\u0113&scaron;ana \u012bst\u0101 laik\u0101<\/p>\n<ul>\n<li> Viedais zivju mekl\u0113t\u0101js \u013cauj rad\u012bt j\u016bsu iecien\u012bt\u0101s mak&scaron;\u0137er\u0113&scaron;anas  vietas dzi\u013cuma karti. Str\u0101d\u0101jot Boat Mode re\u017e\u012bm\u0101, Deeper savienojas ar  GPS un \u012bst\u0101 laik\u0101 rada dzi\u013cuma kartes tie&scaron;i uz j\u016bsu viedt\u0101lru\u0146a vai  plan&scaron;etes ekr\u0101na. &Scaron;is kartes var saglab\u0101t un izmantot v\u0113l\u0101k lai uzlabotu  lomu g\u016b&scaron;anas rezult\u0101tus.<\/li>\n<\/ul>\n<p>Mak&scaron;\u0137er\u0113&scaron;ana ziem\u0101 (Son\u0101rs + Flasher)<\/p>\n<ul>\n<li> Deeper ir lab\u0101kais bezvadu risin\u0101jums zemledus mak&scaron;\u0137er\u0113&scaron;anas  cien\u012bt\u0101jiem. Sist\u0113ma darbojas tradicion\u0101laj\u0101 ziemas mak&scaron;\u0137er\u0113&scaron;anas  Flasher re\u017e\u012bm\u0101 un \u013cauj v\u0113rot situ\u0101ciju zem ledus.<\/li>\n<li> Amplitude Scope re\u017e\u012bms nosaka dzi\u013cumu, pastiprina son\u0101ra atbalsis un  rada re\u0101lu aktivit\u0101&scaron;u ainu zem dev\u0113ja, k\u0101 ar\u012b sp\u0113j vizualiz\u0113t pat maza  m\u0101nek\u013ca kust\u012bbu.<\/li>\n<li> Split Screen funkcija dod mak&scaron;\u0137erniekam iesp\u0113ju skat\u012bt standarta un Flasher re\u017e\u012bmus blakus vienu otram<\/li>\n<\/ul>\n<p>Iepakojuma saturs<\/p>\n<ul>\n<li> Deeper eholote,<\/li>\n<li> USB vads,<\/li>\n<li> Mini maci\u0146&scaron;,<\/li>\n<li> 2 savieno&scaron;anas skr\u016bves,<\/li>\n<li> Lietot\u0101ja instrukcija un \u012bsa pam\u0101c\u012bba,<\/li>\n<li> Dro&scaron;as lieto&scaron;anas noteikumi<\/li>\n<\/ul>\n<table border=\"0\" cellspacing=\"1\" cellpadding=\"1\">\n<tbody>\n<tr>\n<td style=\"text-align: center;background-color: #999999\" colspan=\"2\"><strong>SPECIFIK\u0100CIJA:<\/strong><\/td>\n<\/tr>\n<tr>\n<td style=\"text-align: center;background-color: #cccccc\" colspan=\"2\">DEV\u0112JS<\/td>\n<\/tr>\n<tr>\n<td>Frekvence<\/td>\n<td>290 kHz \/ 90 kHz, &nbsp;15\/s<\/td>\n<\/tr>\n<tr>\n<td>Tips<\/td>\n<td>Dual Beam<\/td>\n<\/tr>\n<tr>\n<td>Stari<\/td>\n<td>Divi, 15<span lang=\"lv\">&deg;\/55<\/span><span lang=\"lv\">&deg;<\/span><\/td>\n<\/tr>\n<tr>\n<td>Dzi\u013cuma jauda<\/td>\n<td>~80m<\/td>\n<\/tr>\n<tr>\n<td>\u016adens temperat\u016bra<\/td>\n<td>J\u0101<\/td>\n<\/tr>\n<tr>\n<td>Darb\u012bbas temperat\u016bra<\/td>\n<td>-20C l\u012bdz +40C<\/td>\n<\/tr>\n<tr>\n<td style=\"text-align: center;background-color: #cccccc\" colspan=\"2\">CITI TEHNISKIE PARAMETRI<\/td>\n<\/tr>\n<tr>\n<td>Korpuss<\/td>\n<td>Herm\u0113tiski nosl\u0113gts un \u016bdensdro&scaron;s<\/td>\n<\/tr>\n<tr>\n<td>Korpusa izm\u0113ri<\/td>\n<td>6.50 cm<\/td>\n<\/tr>\n<tr>\n<td>Svars<\/td>\n<td>100 gr<\/td>\n<\/tr>\n<tr>\n<td>Baterija<\/td>\n<td>Lithium Polymer, 3.7V, l\u0101d\u0113jama<\/td>\n<\/tr>\n<tr>\n<td>Str\u0101vas adapters<\/td>\n<td>110V &#8211; 240V AC, Micro USB<\/td>\n<\/tr>\n<tr>\n<td>L\u0101d\u0113&scaron;ana<\/td>\n<td>USB vads<\/td>\n<\/tr>\n<tr>\n<td>Savieno&scaron;ana ar mobilaj\u0101m ier\u012bc\u0113m<\/td>\n<td>ar WiFi (100m p\u0101rkl\u0101jums)<\/td>\n<\/tr>\n<tr>\n<td>Nepiecie&scaron;am\u0101 oper\u0113t\u0101j sist\u0113ma<\/td>\n<td>Android 2.3+ vai iOS 5.0+<\/td>\n<\/tr>\n<\/tbody>\n<\/table>\n<p><span style=\"font-size: small\"><strong><a title=\"\u0421\u043a\u0430\u0447\u0430\u0442\u044c \u043f\u0440\u0438\u043b\u043e\u0436\u0435\u043d\u0438\u0435 \u0441 Google play\" href=\"https:\/\/play.google.com\/store\/apps\/details?id=com.fridaylab.deeper\" target=\"_blank\"><img decoding=\"async\" src=\"http:\/\/homegadgets.ru\/media\/wysiwyg\/tovar-description\/android.jpg\" alt=\"\u0441\u043a\u0430\u0447\u0430\u0442\u044c \u043d\u0430 \u0433\u0443\u0433\u043b\u043f\u043b\u0435\u0439\" \/><\/a>&nbsp;&nbsp;&nbsp;&nbsp;&nbsp;&nbsp;<a title=\"\u0421\u043a\u0430\u0447\u0430\u0442\u044c \u043f\u0440\u0438\u043b\u043e\u0436\u0435\u043d\u0438\u0435 \u0441 Apple.com\" href=\"https:\/\/itunes.apple.com\/us\/app\/deeper-smart-fishfinder\/id680517501\" target=\"_blank\"><strong><img decoding=\"async\" src=\"http:\/\/homegadgets.ru\/media\/wysiwyg\/tovar-description\/app-store.jpg\" alt=\"\u0421\u043a\u0430\u0447\u0430\u0442\u044c \u043d\u0430 \u0410\u043f\u043f\u0441\u0442\u043e\u0440\" \/><\/strong><\/a>&nbsp;&nbsp;&nbsp;&nbsp;&nbsp;&nbsp;&nbsp; <\/strong><\/span><\/p>\n","protected":false},"excerpt":{"rendered":"<p>Deeper Fishfinder ir gudra, bezvadu eholote, kas darbojas savienojum\u0101 ar j\u016bsu iOS vai Android viedt\u0101lruni vai plan&scaron;eti. T\u0101 ir specifiski izstr\u0101d\u0101ta, lai atrastu zivis, noteiktu dzi\u013cumu, \u016bdens temperat\u016bru un gultnes kont\u016bras. Deeper eholote ir lieliski piem\u0113rota jebk\u0101da veida mak&scaron;\u0137er\u0113&scaron;anai un ietver sev\u012b ar\u012b t\u0101das funkcijas k\u0101 Ziemas mak&scaron;\u0137er\u0113&scaron;anas re\u017e\u012bmu un kar&scaron;u z\u012bm\u0113&scaron;anu \u012bst\u0101 laik\u0101.&nbsp; Eholotes [&hellip;]<\/p>\n","protected":false},"featured_media":0,"template":"","meta":[],"product_brand":[],"product_cat":[4741,4782],"product_tag":[],"class_list":{"0":"post-77751","1":"product","2":"type-product","3":"status-publish","5":"product_cat-eholots-navigation-watches-radios","6":"product_cat-navigation-watches-radios-recreation","8":"first","9":"outofstock","10":"shipping-taxable","11":"purchasable","12":"product-type-simple"},"_links":{"self":[{"href":"https:\/\/sezona.lv\/en\/wp-json\/wp\/v2\/product\/77751","targetHints":{"allow":["GET"]}}],"collection":[{"href":"https:\/\/sezona.lv\/en\/wp-json\/wp\/v2\/product"}],"about":[{"href":"https:\/\/sezona.lv\/en\/wp-json\/wp\/v2\/types\/product"}],"wp:attachment":[{"href":"https:\/\/sezona.lv\/en\/wp-json\/wp\/v2\/media?parent=77751"}],"wp:term":[{"taxonomy":"product_brand","embeddable":true,"href":"https:\/\/sezona.lv\/en\/wp-json\/wp\/v2\/product_brand?post=77751"},{"taxonomy":"product_cat","embeddable":true,"href":"https:\/\/sezona.lv\/en\/wp-json\/wp\/v2\/product_cat?post=77751"},{"taxonomy":"product_tag","embeddable":true,"href":"https:\/\/sezona.lv\/en\/wp-json\/wp\/v2\/product_tag?post=77751"}],"curies":[{"name":"wp","href":"https:\/\/api.w.org\/{rel}","templated":true}]}}