{"id":77752,"date":"2025-07-14T15:12:08","date_gmt":"2025-07-14T12:12:08","guid":{"rendered":"https:\/\/demo8.ecube.lv\/sezona.lv\/products\/deeper-fishfinder-laivas-turetajs-2-0\/"},"modified":"2025-07-14T15:12:08","modified_gmt":"2025-07-14T12:12:08","slug":"deeper-fishfinder-laivas-turetajs-2-0","status":"publish","type":"product","link":"https:\/\/sezona.lv\/en\/products\/deeper-fishfinder-laivas-turetajs-2-0\/","title":{"rendered":"DEEPER FISHFINDER laivas tur\u0113t\u0101js 2.0"},"content":{"rendered":"<p>DEEPER FISHFINDER 2.0 laivas tur\u0113t\u0101js, kas paredz\u0113ts lieto&scaron;anai kop\u0101  ar Deeper Fishfinder. Deeper Fishfinder Wi-fi, Deeper Fishfinder Wi-fi +  GPS mode\u013ciem.<\/p>\n<p>Izm\u0113rs: 79cm<\/p>\n<p>Svars: 0.64kg<\/p>\n","protected":false},"excerpt":{"rendered":"<p>DEEPER FISHFINDER 2.0 laivas tur\u0113t\u0101js, kas paredz\u0113ts lieto&scaron;anai kop\u0101 ar Deeper Fishfinder. Deeper Fishfinder Wi-fi, Deeper Fishfinder Wi-fi + GPS mode\u013ciem. Izm\u0113rs: 79cm Svars: 0.64kg<\/p>\n","protected":false},"featured_media":0,"template":"","meta":[],"product_brand":[],"product_cat":[4640,4741,4782],"product_tag":[],"class_list":{"0":"post-77752","1":"product","2":"type-product","3":"status-publish","5":"product_cat-recreation","6":"product_cat-eholots-navigation-watches-radios","7":"product_cat-navigation-watches-radios-recreation","9":"first","10":"instock","11":"shipping-taxable","12":"purchasable","13":"product-type-simple"},"_links":{"self":[{"href":"https:\/\/sezona.lv\/en\/wp-json\/wp\/v2\/product\/77752","targetHints":{"allow":["GET"]}}],"collection":[{"href":"https:\/\/sezona.lv\/en\/wp-json\/wp\/v2\/product"}],"about":[{"href":"https:\/\/sezona.lv\/en\/wp-json\/wp\/v2\/types\/product"}],"wp:attachment":[{"href":"https:\/\/sezona.lv\/en\/wp-json\/wp\/v2\/media?parent=77752"}],"wp:term":[{"taxonomy":"product_brand","embeddable":true,"href":"https:\/\/sezona.lv\/en\/wp-json\/wp\/v2\/product_brand?post=77752"},{"taxonomy":"product_cat","embeddable":true,"href":"https:\/\/sezona.lv\/en\/wp-json\/wp\/v2\/product_cat?post=77752"},{"taxonomy":"product_tag","embeddable":true,"href":"https:\/\/sezona.lv\/en\/wp-json\/wp\/v2\/product_tag?post=77752"}],"curies":[{"name":"wp","href":"https:\/\/api.w.org\/{rel}","templated":true}]}}