{"id":77753,"date":"2025-07-11T16:20:28","date_gmt":"2025-07-11T13:20:28","guid":{"rendered":"https:\/\/demo8.ecube.lv\/sezona.lv\/products\/deeper-fishfinder-nakts-uzlika\/"},"modified":"2025-07-14T15:12:09","modified_gmt":"2025-07-14T12:12:09","slug":"deeper-fishfinder-nakts-uzlika","status":"publish","type":"product","link":"https:\/\/sezona.lv\/en\/products\/deeper-fishfinder-nakts-uzlika\/","title":{"rendered":"DEEPER FISHFINDER nakts uzlika"},"content":{"rendered":"<p>DEEPER FISHFINDER nakts uzlika oran\u017e\u0101 kr\u0101s\u0101.<\/p>\n<p>Izm\u0113rs: 7&#215;4.5&#215;9.5cm<\/p>\n<p>Svars: 0.03kg<\/p>\n","protected":false},"excerpt":{"rendered":"<p>DEEPER FISHFINDER nakts uzlika oran\u017e\u0101 kr\u0101s\u0101. Izm\u0113rs: 7&#215;4.5&#215;9.5cm Svars: 0.03kg<\/p>\n","protected":false},"featured_media":67792,"template":"","meta":[],"product_brand":[],"product_cat":[4741,4782],"product_tag":[],"class_list":{"0":"post-77753","1":"product","2":"type-product","3":"status-publish","4":"has-post-thumbnail","6":"product_cat-eholots-navigation-watches-radios","7":"product_cat-navigation-watches-radios-recreation","9":"first","10":"instock","11":"shipping-taxable","12":"purchasable","13":"product-type-simple"},"_links":{"self":[{"href":"https:\/\/sezona.lv\/en\/wp-json\/wp\/v2\/product\/77753","targetHints":{"allow":["GET"]}}],"collection":[{"href":"https:\/\/sezona.lv\/en\/wp-json\/wp\/v2\/product"}],"about":[{"href":"https:\/\/sezona.lv\/en\/wp-json\/wp\/v2\/types\/product"}],"wp:featuredmedia":[{"embeddable":true,"href":"https:\/\/sezona.lv\/en\/wp-json\/wp\/v2\/media\/67792"}],"wp:attachment":[{"href":"https:\/\/sezona.lv\/en\/wp-json\/wp\/v2\/media?parent=77753"}],"wp:term":[{"taxonomy":"product_brand","embeddable":true,"href":"https:\/\/sezona.lv\/en\/wp-json\/wp\/v2\/product_brand?post=77753"},{"taxonomy":"product_cat","embeddable":true,"href":"https:\/\/sezona.lv\/en\/wp-json\/wp\/v2\/product_cat?post=77753"},{"taxonomy":"product_tag","embeddable":true,"href":"https:\/\/sezona.lv\/en\/wp-json\/wp\/v2\/product_tag?post=77753"}],"curies":[{"name":"wp","href":"https:\/\/api.w.org\/{rel}","templated":true}]}}