{"id":77754,"date":"2025-07-14T15:12:10","date_gmt":"2025-07-14T12:12:10","guid":{"rendered":"https:\/\/demo8.ecube.lv\/sezona.lv\/products\/deeper-fishfinder-telefona-turetajs\/"},"modified":"2025-07-14T15:12:10","modified_gmt":"2025-07-14T12:12:10","slug":"deeper-fishfinder-telefona-turetajs","status":"publish","type":"product","link":"https:\/\/sezona.lv\/en\/products\/deeper-fishfinder-telefona-turetajs\/","title":{"rendered":"DEEPER FISHFINDER telefona tur\u0113t\u0101js"},"content":{"rendered":"<p>DEEPER FISHFINDER telefona tur\u0113t\u0101js.<\/p>\n<p>Izm\u0113rs: 7&#215;4.5&#215;9.5cm<\/p>\n<p>Svars: 0.03kg<\/p>\n","protected":false},"excerpt":{"rendered":"<p>DEEPER FISHFINDER telefona tur\u0113t\u0101js. Izm\u0113rs: 7&#215;4.5&#215;9.5cm Svars: 0.03kg<\/p>\n","protected":false},"featured_media":0,"template":"","meta":[],"product_brand":[],"product_cat":[4640,4741,4782],"product_tag":[],"class_list":{"0":"post-77754","1":"product","2":"type-product","3":"status-publish","5":"product_cat-recreation","6":"product_cat-eholots-navigation-watches-radios","7":"product_cat-navigation-watches-radios-recreation","9":"first","10":"instock","11":"shipping-taxable","12":"purchasable","13":"product-type-simple"},"_links":{"self":[{"href":"https:\/\/sezona.lv\/en\/wp-json\/wp\/v2\/product\/77754","targetHints":{"allow":["GET"]}}],"collection":[{"href":"https:\/\/sezona.lv\/en\/wp-json\/wp\/v2\/product"}],"about":[{"href":"https:\/\/sezona.lv\/en\/wp-json\/wp\/v2\/types\/product"}],"wp:attachment":[{"href":"https:\/\/sezona.lv\/en\/wp-json\/wp\/v2\/media?parent=77754"}],"wp:term":[{"taxonomy":"product_brand","embeddable":true,"href":"https:\/\/sezona.lv\/en\/wp-json\/wp\/v2\/product_brand?post=77754"},{"taxonomy":"product_cat","embeddable":true,"href":"https:\/\/sezona.lv\/en\/wp-json\/wp\/v2\/product_cat?post=77754"},{"taxonomy":"product_tag","embeddable":true,"href":"https:\/\/sezona.lv\/en\/wp-json\/wp\/v2\/product_tag?post=77754"}],"curies":[{"name":"wp","href":"https:\/\/api.w.org\/{rel}","templated":true}]}}