{"id":77755,"date":"2025-07-11T16:20:32","date_gmt":"2025-07-11T13:20:32","guid":{"rendered":"https:\/\/demo8.ecube.lv\/sezona.lv\/products\/levenhuk-5st-mikroskops\/"},"modified":"2025-07-14T15:12:11","modified_gmt":"2025-07-14T12:12:11","slug":"levenhuk-5st-mikroskops","status":"publish","type":"product","link":"https:\/\/sezona.lv\/en\/products\/levenhuk-5st-mikroskops\/","title":{"rendered":"Levenhuk 5ST Mikroskops"},"content":{"rendered":"<table class=\"table table-bordered\" border=\"0\">\n<thead>\n<tr>\n<td colspan=\"2\"><span>Atrib\u016bti<\/span><\/td>\n<\/tr>\n<\/thead>\n<tbody>\n<tr>\n<td>Apgaismojums<\/td>\n<td>ar aug&scaron;\u0113jo un apak&scaron;\u0113jo LED<\/td>\n<\/tr>\n<tr>\n<td>Baro&scaron;anas avots<\/td>\n<td>220V str\u0101vas kabelis<\/td>\n<\/tr>\n<tr>\n<td>Darba att\u0101lums<\/td>\n<td>160 mm<\/td>\n<\/tr>\n<tr>\n<td>Fokusa attiec\u012bba<\/td>\n<td>rupjais, 100 mm<\/td>\n<\/tr>\n<tr>\n<td>Galva<\/td>\n<td>binokul\u0101rs, noliektas 60&deg;<\/td>\n<\/tr>\n<tr>\n<td>Garantija<\/td>\n<td>m\u016b\u017ea garantija<\/td>\n<\/tr>\n<tr>\n<td>Optikas materi\u0101ls<\/td>\n<td>stikls<\/td>\n<\/tr>\n<tr>\n<td>Palielin\u0101jums<\/td>\n<td>20-40 x<\/td>\n<\/tr>\n<tr>\n<td>Priek&scaron;met-plaukti\u0146&scaron;<\/td>\n<td>mat\u0113ta stikla priek&scaron;met-plaukti\u0146&scaron; ar piespied\u0113jiem,, papildus divpus\u0113js (melns un balts) priek&scaron;met-plaukti\u0146&scaron; mm<\/td>\n<\/tr>\n<tr>\n<td>Ra\u017eot\u0101ja valsts<\/td>\n<td>PRC, controlled by Levenhuk, Inc. (USA)<\/td>\n<\/tr>\n<tr>\n<td>Spilgtuma regul\u0113&scaron;ana<\/td>\n<td>\u0435\u0441\u0442\u044c<\/td>\n<\/tr>\n<tr>\n<td>Starp-z\u012bl\u012b&scaron;u att\u0101lums (IPD)<\/td>\n<td>54-76 mm<\/td>\n<\/tr>\n<\/tbody>\n<\/table>\n","protected":false},"excerpt":{"rendered":"<p>Atrib\u016bti Apgaismojums ar aug&scaron;\u0113jo un apak&scaron;\u0113jo LED Baro&scaron;anas avots 220V str\u0101vas kabelis Darba att\u0101lums 160 mm Fokusa attiec\u012bba rupjais, 100 mm Galva binokul\u0101rs, noliektas 60&deg; Garantija m\u016b\u017ea garantija Optikas materi\u0101ls stikls Palielin\u0101jums 20-40 x Priek&scaron;met-plaukti\u0146&scaron; mat\u0113ta stikla priek&scaron;met-plaukti\u0146&scaron; ar piespied\u0113jiem,, papildus divpus\u0113js (melns un balts) priek&scaron;met-plaukti\u0146&scaron; mm Ra\u017eot\u0101ja valsts PRC, controlled by Levenhuk, Inc. (USA) [&hellip;]<\/p>\n","protected":false},"featured_media":67795,"template":"","meta":[],"product_brand":[3372],"product_cat":[4938,4969],"product_tag":[],"class_list":{"0":"post-77755","1":"product","2":"type-product","3":"status-publish","4":"has-post-thumbnail","6":"product_brand-levenhuk","7":"product_cat-optics-recreation","8":"product_cat-microscopes-optics-recreation","10":"first","11":"instock","12":"shipping-taxable","13":"purchasable","14":"product-type-simple"},"_links":{"self":[{"href":"https:\/\/sezona.lv\/en\/wp-json\/wp\/v2\/product\/77755","targetHints":{"allow":["GET"]}}],"collection":[{"href":"https:\/\/sezona.lv\/en\/wp-json\/wp\/v2\/product"}],"about":[{"href":"https:\/\/sezona.lv\/en\/wp-json\/wp\/v2\/types\/product"}],"wp:featuredmedia":[{"embeddable":true,"href":"https:\/\/sezona.lv\/en\/wp-json\/wp\/v2\/media\/67795"}],"wp:attachment":[{"href":"https:\/\/sezona.lv\/en\/wp-json\/wp\/v2\/media?parent=77755"}],"wp:term":[{"taxonomy":"product_brand","embeddable":true,"href":"https:\/\/sezona.lv\/en\/wp-json\/wp\/v2\/product_brand?post=77755"},{"taxonomy":"product_cat","embeddable":true,"href":"https:\/\/sezona.lv\/en\/wp-json\/wp\/v2\/product_cat?post=77755"},{"taxonomy":"product_tag","embeddable":true,"href":"https:\/\/sezona.lv\/en\/wp-json\/wp\/v2\/product_tag?post=77755"}],"curies":[{"name":"wp","href":"https:\/\/api.w.org\/{rel}","templated":true}]}}