{"id":77758,"date":"2025-07-11T16:20:38","date_gmt":"2025-07-11T13:20:38","guid":{"rendered":"https:\/\/demo8.ecube.lv\/sezona.lv\/products\/levenhuk-320-biologa-mikroskops\/"},"modified":"2025-07-14T15:12:15","modified_gmt":"2025-07-14T12:12:15","slug":"levenhuk-320-biologa-mikroskops","status":"publish","type":"product","link":"https:\/\/sezona.lv\/en\/products\/levenhuk-320-biologa-mikroskops\/","title":{"rendered":"Levenhuk 320 Biologa mikroskops"},"content":{"rendered":"<p>Levenhuk 320 biologa mikroskops&nbsp;ir medic\u012bniskais mikroskops, kas ir ide\u0101ls bio\u0137\u012bmijas, patologanatomijas, citolo\u0123ijas, hematolo\u0123ijas, urolo\u0123ijas, dermatolo\u0123ijas, biolo\u0123ijas un visp\u0101r\u012bgajiem kl\u012bniskajiem p\u0113rt\u012bjumiem jebkur\u0101 medic\u012bnas iest\u0101d\u0113. &Scaron;\u012b mikroskopa s\u0113rija ir paredz\u0113ta nov\u0113rojumiem un paraugu morfolo\u0123ijas p\u0113t\u012bjumiem caurejo&scaron;\u0101 gaism\u0101, izmantojot gai&scaron;\u0101 lauka metodi.<\/p>\n<p>&Scaron;is gai&scaron;\u0101 lauka mikroskops ir ide\u0101ls medic\u012bnas laboratorij\u0101m un koled\u017e\u0101m, kas nevar at\u013cauties binokul\u0101ro modeli (1.5 reizes d\u0101rg\u0101ks).<\/p>\n<p>Levenhuk 320 medic\u012bniskais gai&scaron;\u0101 lauka mikroskops ir apr\u012bkots ar ieb\u016bv\u0113tu apgaismojuma lampu, gaismas intensit\u0101te ir piel\u0101gojama. Citas \u012bpa&scaron;\u012bbas: imersija, divu l\u0113cu 1.25 Abes (Abbe) kondensers un \u010detri bezkr\u0101sas (ahromatiskie) objekt\u012bvi.<\/p>\n<p>Levenhuk 320 ir profesion\u0101ls laboratorijas mikroskops. M\u0113renas cenas mikroskopu raksturo koordin\u0113jamais b\u012bd\u0101mais galdi\u0146&scaron;, Abes kondensers, integr\u0113ts rupj\u0101kas un smalk\u0101kas regul\u0113&scaron;anas skr\u016bves, asuma regul\u0113&scaron;ana un pla&scaron;a lauka okul\u0101ri.<\/p>\n<p><span>Komplekt\u0101 iek\u013cauti:<\/span><\/p>\n<ul class=\"vikas-list-u\">\n<li>Levenhuk biologa mikroskops<\/li>\n<li>Objekt\u012bvi: 4x, 10x, 40x, 100x Oil<\/li>\n<li>Okul\u0101ri: WF10x, WF16x<\/li>\n<li>Abes (Abbe) kondensers<\/li>\n<li>Imersijas e\u013c\u013ca<\/li>\n<li>Energoapg\u0101des vads*<\/li>\n<li>Lietot\u0101ja rokasgr\u0101mata un m\u016b\u017ea garantija<\/li>\n<\/ul>\n<table class=\"table table-bordered\" border=\"0\">\n<thead>\n<tr>\n<td colspan=\"2\"><span>Atrib\u016bti<\/span><\/td>\n<\/tr>\n<\/thead>\n<tbody>\n<tr>\n<td>Apgaismojums<\/td>\n<td>halog\u0113na lampa 20W (220V)<\/td>\n<\/tr>\n<tr>\n<td>Baro&scaron;anas avots<\/td>\n<td>220V str\u0101vas kabelis<\/td>\n<\/tr>\n<tr>\n<td>Fokusa attiec\u012bba<\/td>\n<td>koaksi\u0101lais ar rupju un smalku regul\u0113&scaron;anu<\/td>\n<\/tr>\n<tr>\n<td>Galva<\/td>\n<td>monokul\u0101rs<\/td>\n<\/tr>\n<tr>\n<td>Garantija<\/td>\n<td>m\u016b\u017ea garantija<\/td>\n<\/tr>\n<tr>\n<td>Kondensers<\/td>\n<td>Abbe, 1,25 N.A., ar iris-diafragmu<\/td>\n<\/tr>\n<tr>\n<td>Objekt\u012bvi<\/td>\n<td>4x, 10x, 40x, 100x<\/td>\n<\/tr>\n<tr>\n<td>Objekt\u012bvu revolveris<\/td>\n<td>4 objekt\u012bvi<\/td>\n<\/tr>\n<tr>\n<td>Okul\u0101ri<\/td>\n<td>WF10x, WF16x<\/td>\n<\/tr>\n<tr>\n<td>Optikas materi\u0101ls<\/td>\n<td>stikls<\/td>\n<\/tr>\n<tr>\n<td>Palielin\u0101jums<\/td>\n<td>40-1600 x<\/td>\n<\/tr>\n<tr>\n<td>Ra\u017eot\u0101ja valsts<\/td>\n<td>PRC, controlled by Levenhuk, Inc. (USA)<\/td>\n<\/tr>\n<\/tbody>\n<\/table>\n","protected":false},"excerpt":{"rendered":"<p>Levenhuk 320 biologa mikroskops&nbsp;ir medic\u012bniskais mikroskops, kas ir ide\u0101ls bio\u0137\u012bmijas, patologanatomijas, citolo\u0123ijas, hematolo\u0123ijas, urolo\u0123ijas, dermatolo\u0123ijas, biolo\u0123ijas un visp\u0101r\u012bgajiem kl\u012bniskajiem p\u0113rt\u012bjumiem jebkur\u0101 medic\u012bnas iest\u0101d\u0113. &Scaron;\u012b mikroskopa s\u0113rija ir paredz\u0113ta nov\u0113rojumiem un paraugu morfolo\u0123ijas p\u0113t\u012bjumiem caurejo&scaron;\u0101 gaism\u0101, izmantojot gai&scaron;\u0101 lauka metodi. &Scaron;is gai&scaron;\u0101 lauka mikroskops ir ide\u0101ls medic\u012bnas laboratorij\u0101m un koled\u017e\u0101m, kas nevar at\u013cauties binokul\u0101ro modeli (1.5 [&hellip;]<\/p>\n","protected":false},"featured_media":67838,"template":"","meta":[],"product_brand":[3372],"product_cat":[4938,4969],"product_tag":[],"class_list":{"0":"post-77758","1":"product","2":"type-product","3":"status-publish","4":"has-post-thumbnail","6":"product_brand-levenhuk","7":"product_cat-optics-recreation","8":"product_cat-microscopes-optics-recreation","10":"first","11":"instock","12":"shipping-taxable","13":"purchasable","14":"product-type-simple"},"_links":{"self":[{"href":"https:\/\/sezona.lv\/en\/wp-json\/wp\/v2\/product\/77758","targetHints":{"allow":["GET"]}}],"collection":[{"href":"https:\/\/sezona.lv\/en\/wp-json\/wp\/v2\/product"}],"about":[{"href":"https:\/\/sezona.lv\/en\/wp-json\/wp\/v2\/types\/product"}],"wp:featuredmedia":[{"embeddable":true,"href":"https:\/\/sezona.lv\/en\/wp-json\/wp\/v2\/media\/67838"}],"wp:attachment":[{"href":"https:\/\/sezona.lv\/en\/wp-json\/wp\/v2\/media?parent=77758"}],"wp:term":[{"taxonomy":"product_brand","embeddable":true,"href":"https:\/\/sezona.lv\/en\/wp-json\/wp\/v2\/product_brand?post=77758"},{"taxonomy":"product_cat","embeddable":true,"href":"https:\/\/sezona.lv\/en\/wp-json\/wp\/v2\/product_cat?post=77758"},{"taxonomy":"product_tag","embeddable":true,"href":"https:\/\/sezona.lv\/en\/wp-json\/wp\/v2\/product_tag?post=77758"}],"curies":[{"name":"wp","href":"https:\/\/api.w.org\/{rel}","templated":true}]}}