{"id":77759,"date":"2025-07-11T16:20:40","date_gmt":"2025-07-11T13:20:40","guid":{"rendered":"https:\/\/demo8.ecube.lv\/sezona.lv\/products\/levenhuk-670t-biologa-trinokularais-mikroskops\/"},"modified":"2025-07-14T15:12:16","modified_gmt":"2025-07-14T12:12:16","slug":"levenhuk-670t-biologa-trinokularais-mikroskops","status":"publish","type":"product","link":"https:\/\/sezona.lv\/en\/products\/levenhuk-670t-biologa-trinokularais-mikroskops\/","title":{"rendered":"Levenhuk 670T Biologa trinokul\u0101rais mikroskops"},"content":{"rendered":"<p>Ar augstas kvalit\u0101tes optisko apr\u012bkojumu un praktisku trinokul\u0101ru galvi\u0146u&nbsp;Levenhuk 670T&nbsp;ir moderns biologa mikroskops. Tas sp\u0113j palielin\u0101t l\u012bdz pat 2000x, kas noz\u012bme to, ka J\u016bs varat veikt k\u0101 parastus nov\u0113rojumus m\u0101j\u0101s, t\u0101 ar\u012b prec\u012bzus zin\u0101tniskos p\u0113t\u012bjumus.<\/p>\n<p>&Scaron;\u012b mode\u013ca trinokul\u0101r\u0101 galvi\u0146a sp\u0113j iev\u0113rojami palielin\u0101t mikroskopa iesp\u0113jas.Tas ir ar\u012b noliekts par 30 gr\u0101diem un rot\u0113 par 360 gr\u0101diem ap savu asi. Tas viss sniedz iesp\u0113ju \u0113rti veikt nov\u0113rojumus, pat str\u0101d\u0101jot ilg\u0101ku laiku, pateicoties kam mikroskops ir labi piem\u0113rots k\u0101 p\u0113tniekiem laboratorij\u0101s, t\u0101 ar\u012b studentiem. Lai mazin\u0101tu iesp\u0113jamo J\u016bsu acu piep\u016bli, J\u016bs varat regul\u0113t sava mikroskopa okul\u0101ra starpz\u012bl\u012b&scaron;u att\u0101lumu.<\/p>\n<p>Mikroskops Levenhuk 670T&nbsp;tiek pieg\u0101d\u0101ts ar diviem okul\u0101riem (WF10x un WF20x) un \u010detr\u0101m objekt\u012bva l\u0113c\u0101m (4x, 10x, 40x, 100x (e\u013c\u013cas imersija)). Ja J\u016bs str\u0101d\u0101jat ar augstu palielin\u0101juma l\u012bmeni (1000x, 2000x), tiek izmantota speci\u0101la tehnika- iegremde&scaron;ana (imersija) e\u013c\u013c\u0101- ar m\u0113r\u0137i uzlabot rezult\u0101ta att\u0113lu. Tas tiek pan\u0101kts iegremd\u0113jot gan objekt\u012bva l\u0113cu, gan paraugu caursp\u012bd\u012bg\u0101 e\u013c\u013c\u0101, kurai ir augsts refrakcijas r\u0101d\u012bt\u0101js. Mikroskops tiek pieg\u0101d\u0101ts komplekt\u0101 ar speci\u0101lo filtru, kas sp\u0113j pan\u0101kt J\u016bsu att\u0113la augsto kontrastu un pies\u0101tin\u0101jumu. Rupj\u0101kas un smalk\u0101kas fokus\u0113&scaron;anas sist\u0113mas sniedz prec\u012bzas fokuse&scaron;anas un \u013coti skaidru att\u0113lu rad\u012b&scaron;anas iesp\u0113jas.<\/p>\n<p>Levenhuk 670T mikroskopam&nbsp;ir ieb\u016bv\u0113ts apgaismojuma avots, kas \u013cauj izmantot mikroskopu pat tums\u0101. Halog\u0113na lampai ir main\u012bga gaismas kontrole un Abes kondensers, l\u012bdz ar ko J\u016bs varat iestat\u012bt apgaismojumu v\u0113lamaj\u0101 l\u012bmen\u012b jebkuram palielin\u0101jumam.<\/p>\n<p><span>\u012apa&scaron;\u012bbas:<\/span><\/p>\n<ul class=\"vikas-list-u\">\n<li>Mikroskopa palielin\u0101jums: 40-2000x<\/li>\n<li>Rot\u0113jo&scaron;\u0101 trinokul\u0101r\u0101 galvi\u0146a<\/li>\n<li>Augstas kvalit\u0101tes att\u0113ls redzes lauk\u0101<\/li>\n<li>Galdi\u0146&scaron; ir p\u0101rvietojams divu asu garum\u0101<\/li>\n<li>Rot\u0113jo&scaron;\u0101 mikroskopa deguna balsta da\u013ca ar 4 objekt\u012bva l\u0113c\u0101m<\/li>\n<li>Main\u0101ma apgaismojuma intensit\u0101te<\/li>\n<\/ul>\n<p><span>Komplekt\u0101 ietilpst:<\/span><\/p>\n<ul class=\"vikas-list-u\">\n<li>Levenhuk biologa mikroskops<\/li>\n<li>WF10x un WF20x okul\u0101ri<\/li>\n<li>Zilais filtrs<\/li>\n<li>Imersijas (iegremd\u0113&scaron;anas) e\u013c\u013ca<\/li>\n<li>Rezerves halog\u0113na lampa (6V\/20W)<\/li>\n<li>P\u0101rklajums aizsardz\u012bbai no putek\u013ciem<\/li>\n<li>Energoapg\u0101des vads*<\/li>\n<li>Dro&scaron;in\u0101t\u0101js (2A)<\/li>\n<li>Kameras adapteris<\/li>\n<li>Lietot\u0101ja rokasgr\u0101mata un m\u016b\u017ea garantija<\/li>\n<\/ul>\n<table class=\"table table-bordered\" border=\"0\">\n<thead>\n<tr>\n<td colspan=\"2\"><span>Atrib\u016bti<\/span><\/td>\n<\/tr>\n<\/thead>\n<tbody>\n<tr>\n<td>Apgaismojums<\/td>\n<td>halog\u0113nu lampa 6V\/20W<\/td>\n<\/tr>\n<tr>\n<td>Baro&scaron;anas avots<\/td>\n<td>220V str\u0101vas kabelis<\/td>\n<\/tr>\n<tr>\n<td>Fokusa attiec\u012bba<\/td>\n<td>smalkais: 0,002 mm; rupjais: 20 mm<\/td>\n<\/tr>\n<tr>\n<td>Galva<\/td>\n<td>trinokul\u0101rs<\/td>\n<\/tr>\n<tr>\n<td>Garantija<\/td>\n<td>m\u016b\u017ea garantija<\/td>\n<\/tr>\n<tr>\n<td>Kondensers<\/td>\n<td>Abbe, 1,25 N.A<\/td>\n<\/tr>\n<tr>\n<td>Objekt\u012bvi<\/td>\n<td>4x, 10x, 40x, 100x (iegremd\u0113ts e\u013c\u013c\u0101)<\/td>\n<\/tr>\n<tr>\n<td>Objekt\u012bvu revolveris<\/td>\n<td>4 objekt\u012bvi<\/td>\n<\/tr>\n<tr>\n<td>Optikas materi\u0101ls<\/td>\n<td>stikls<\/td>\n<\/tr>\n<tr>\n<td>Palielin\u0101jums<\/td>\n<td>40-2000 x<\/td>\n<\/tr>\n<tr>\n<td>Priek&scaron;met-plaukti\u0146&scaron;<\/td>\n<td>125&#215;115, p\u0101rvietojams div\u0101s as\u012bs mm<\/td>\n<\/tr>\n<tr>\n<td>Ra\u017eot\u0101ja valsts<\/td>\n<td>PRC, controlled by Levenhuk, Inc. (USA)<\/td>\n<\/tr>\n<tr>\n<td>Spilgtuma regul\u0113&scaron;ana<\/td>\n<td>\u0435\u0441\u0442\u044c<\/td>\n<\/tr>\n<\/tbody>\n<\/table>\n","protected":false},"excerpt":{"rendered":"<p>Ar augstas kvalit\u0101tes optisko apr\u012bkojumu un praktisku trinokul\u0101ru galvi\u0146u&nbsp;Levenhuk 670T&nbsp;ir moderns biologa mikroskops. Tas sp\u0113j palielin\u0101t l\u012bdz pat 2000x, kas noz\u012bme to, ka J\u016bs varat veikt k\u0101 parastus nov\u0113rojumus m\u0101j\u0101s, t\u0101 ar\u012b prec\u012bzus zin\u0101tniskos p\u0113t\u012bjumus. &Scaron;\u012b mode\u013ca trinokul\u0101r\u0101 galvi\u0146a sp\u0113j iev\u0113rojami palielin\u0101t mikroskopa iesp\u0113jas.Tas ir ar\u012b noliekts par 30 gr\u0101diem un rot\u0113 par 360 gr\u0101diem [&hellip;]<\/p>\n","protected":false},"featured_media":67841,"template":"","meta":[],"product_brand":[3372],"product_cat":[4938,4969],"product_tag":[],"class_list":{"0":"post-77759","1":"product","2":"type-product","3":"status-publish","4":"has-post-thumbnail","6":"product_brand-levenhuk","7":"product_cat-optics-recreation","8":"product_cat-microscopes-optics-recreation","10":"first","11":"instock","12":"shipping-taxable","13":"purchasable","14":"product-type-simple"},"_links":{"self":[{"href":"https:\/\/sezona.lv\/en\/wp-json\/wp\/v2\/product\/77759","targetHints":{"allow":["GET"]}}],"collection":[{"href":"https:\/\/sezona.lv\/en\/wp-json\/wp\/v2\/product"}],"about":[{"href":"https:\/\/sezona.lv\/en\/wp-json\/wp\/v2\/types\/product"}],"wp:featuredmedia":[{"embeddable":true,"href":"https:\/\/sezona.lv\/en\/wp-json\/wp\/v2\/media\/67841"}],"wp:attachment":[{"href":"https:\/\/sezona.lv\/en\/wp-json\/wp\/v2\/media?parent=77759"}],"wp:term":[{"taxonomy":"product_brand","embeddable":true,"href":"https:\/\/sezona.lv\/en\/wp-json\/wp\/v2\/product_brand?post=77759"},{"taxonomy":"product_cat","embeddable":true,"href":"https:\/\/sezona.lv\/en\/wp-json\/wp\/v2\/product_cat?post=77759"},{"taxonomy":"product_tag","embeddable":true,"href":"https:\/\/sezona.lv\/en\/wp-json\/wp\/v2\/product_tag?post=77759"}],"curies":[{"name":"wp","href":"https:\/\/api.w.org\/{rel}","templated":true}]}}