{"id":77761,"date":"2025-07-11T16:20:46","date_gmt":"2025-07-11T13:20:46","guid":{"rendered":"https:\/\/demo8.ecube.lv\/sezona.lv\/products\/levenhuk-870t-biological-trinocular-mikroskops\/"},"modified":"2025-07-14T15:12:19","modified_gmt":"2025-07-14T12:12:19","slug":"levenhuk-870t-biological-trinocular-mikroskops","status":"publish","type":"product","link":"https:\/\/sezona.lv\/en\/products\/levenhuk-870t-biological-trinocular-mikroskops\/","title":{"rendered":"Levenhuk 870T Biological Trinocular Mikroskops"},"content":{"rendered":"<table class=\"table table-bordered\" border=\"0\">\n<thead>\n<tr>\n<td colspan=\"2\"><span>Atrib\u016bti<\/span><\/td>\n<\/tr>\n<\/thead>\n<tbody>\n<tr>\n<td>Apgaismojums<\/td>\n<td>halog\u0113nu lampa 6V\/20W<\/td>\n<\/tr>\n<tr>\n<td>Baro&scaron;anas avots<\/td>\n<td>220V str\u0101vas kabelis<\/td>\n<\/tr>\n<tr>\n<td>Fokusa attiec\u012bba<\/td>\n<td>smalkais: 0,002 mm; rupjais: 25 mm<\/td>\n<\/tr>\n<tr>\n<td>Galva<\/td>\n<td>trinokul\u0101rs<\/td>\n<\/tr>\n<tr>\n<td>Garantija<\/td>\n<td>m\u016b\u017ea garantija<\/td>\n<\/tr>\n<tr>\n<td>Kondensers<\/td>\n<td>Abbe 1,25 N.A. ar premium iris-diafragmu, un tum&scaron;\u0101 fona kondenseri<\/td>\n<\/tr>\n<tr>\n<td>Objekt\u012bvi<\/td>\n<td>WF: 4x, 10x, 40x, 100x<\/td>\n<\/tr>\n<tr>\n<td>Objekt\u012bvu revolveris<\/td>\n<td>4 objekt\u012bvi<\/td>\n<\/tr>\n<tr>\n<td>Okul\u0101ri<\/td>\n<td>sap\u0101rots, plata lauka PLAN WF10x PLAN WF20x<\/td>\n<\/tr>\n<tr>\n<td>Okul\u0101ru dioptriju korekcija, dioptriju skala<\/td>\n<td>&plusmn;5<\/td>\n<\/tr>\n<tr>\n<td>Optikas materi\u0101ls<\/td>\n<td>stikls<\/td>\n<\/tr>\n<tr>\n<td>Palielin\u0101jums<\/td>\n<td>40-2000 x<\/td>\n<\/tr>\n<tr>\n<td>Priek&scaron;met-plaukti\u0146a, kust\u012bbas diapazons, izmantojot fokus\u0113&scaron;<\/td>\n<td>X-Y: 70&#215;50 mm<\/td>\n<\/tr>\n<tr>\n<td>Priek&scaron;met-plaukti\u0146&scaron;<\/td>\n<td>140&#215;155, p\u0101rvietojams div\u0101s as\u012bs mm<\/td>\n<\/tr>\n<tr>\n<td>Ra\u017eot\u0101ja valsts<\/td>\n<td>PRC, controlled by Levenhuk, Inc. (USA)<\/td>\n<\/tr>\n<tr>\n<td>Starp-z\u012bl\u012b&scaron;u att\u0101lums (IPD)<\/td>\n<td>55-75 mm<\/td>\n<\/tr>\n<\/tbody>\n<\/table>\n","protected":false},"excerpt":{"rendered":"<p>Atrib\u016bti Apgaismojums halog\u0113nu lampa 6V\/20W Baro&scaron;anas avots 220V str\u0101vas kabelis Fokusa attiec\u012bba smalkais: 0,002 mm; rupjais: 25 mm Galva trinokul\u0101rs Garantija m\u016b\u017ea garantija Kondensers Abbe 1,25 N.A. ar premium iris-diafragmu, un tum&scaron;\u0101 fona kondenseri Objekt\u012bvi WF: 4x, 10x, 40x, 100x Objekt\u012bvu revolveris 4 objekt\u012bvi Okul\u0101ri sap\u0101rots, plata lauka PLAN WF10x PLAN WF20x Okul\u0101ru dioptriju korekcija, [&hellip;]<\/p>\n","protected":false},"featured_media":67871,"template":"","meta":[],"product_brand":[3372],"product_cat":[4938,4969],"product_tag":[],"class_list":{"0":"post-77761","1":"product","2":"type-product","3":"status-publish","4":"has-post-thumbnail","6":"product_brand-levenhuk","7":"product_cat-optics-recreation","8":"product_cat-microscopes-optics-recreation","10":"first","11":"instock","12":"shipping-taxable","13":"purchasable","14":"product-type-simple"},"_links":{"self":[{"href":"https:\/\/sezona.lv\/en\/wp-json\/wp\/v2\/product\/77761","targetHints":{"allow":["GET"]}}],"collection":[{"href":"https:\/\/sezona.lv\/en\/wp-json\/wp\/v2\/product"}],"about":[{"href":"https:\/\/sezona.lv\/en\/wp-json\/wp\/v2\/types\/product"}],"wp:featuredmedia":[{"embeddable":true,"href":"https:\/\/sezona.lv\/en\/wp-json\/wp\/v2\/media\/67871"}],"wp:attachment":[{"href":"https:\/\/sezona.lv\/en\/wp-json\/wp\/v2\/media?parent=77761"}],"wp:term":[{"taxonomy":"product_brand","embeddable":true,"href":"https:\/\/sezona.lv\/en\/wp-json\/wp\/v2\/product_brand?post=77761"},{"taxonomy":"product_cat","embeddable":true,"href":"https:\/\/sezona.lv\/en\/wp-json\/wp\/v2\/product_cat?post=77761"},{"taxonomy":"product_tag","embeddable":true,"href":"https:\/\/sezona.lv\/en\/wp-json\/wp\/v2\/product_tag?post=77761"}],"curies":[{"name":"wp","href":"https:\/\/api.w.org\/{rel}","templated":true}]}}