{"id":77762,"date":"2025-07-11T16:20:49","date_gmt":"2025-07-11T13:20:49","guid":{"rendered":"https:\/\/demo8.ecube.lv\/sezona.lv\/products\/levenhuk-d70l-digitalais-biologa-mikroskops\/"},"modified":"2025-07-14T15:12:20","modified_gmt":"2025-07-14T12:12:20","slug":"levenhuk-d70l-digitalais-biologa-mikroskops","status":"publish","type":"product","link":"https:\/\/sezona.lv\/en\/products\/levenhuk-d70l-digitalais-biologa-mikroskops\/","title":{"rendered":"Levenhuk D70L Digit\u0101lais biologa mikroskops"},"content":{"rendered":"<table class=\"table table-bordered\" border=\"0\">\n<thead>\n<tr>\n<td colspan=\"2\"><span>Atrib\u016bti<\/span><\/td>\n<\/tr>\n<\/thead>\n<tbody>\n<tr>\n<td>Apgaismojums<\/td>\n<td>LED<\/td>\n<\/tr>\n<tr>\n<td>Att\u0113la form\u0101ts<\/td>\n<td>.bmp, .jpg, .jpeg, .png, .tif, .tiff, .gif, .psd,, .ico, .emf, etc.<\/td>\n<\/tr>\n<tr>\n<td>Baro&scaron;anas avots<\/td>\n<td>220V\/5V, 50 Hz AC (adapteri)<\/td>\n<\/tr>\n<tr>\n<td>Darb\u012bbas temperat\u016bras diapazons<\/td>\n<td>-30&#8230; 70 &deg; C<\/td>\n<\/tr>\n<tr>\n<td>Garantija<\/td>\n<td>m\u016b\u017ea garantija<\/td>\n<\/tr>\n<tr>\n<td>Megapikse\u013ci<\/td>\n<td>2<\/td>\n<\/tr>\n<tr>\n<td>Objekt\u012bvi<\/td>\n<td>4x, 10x, 40x<\/td>\n<\/tr>\n<tr>\n<td>Objekt\u012bvu revolveris<\/td>\n<td>3 objekt\u012bvi<\/td>\n<\/tr>\n<tr>\n<td>Okul\u0101ri<\/td>\n<td>WF10x<\/td>\n<\/tr>\n<tr>\n<td>Optikas materi\u0101ls<\/td>\n<td>stikls<\/td>\n<\/tr>\n<tr>\n<td>Palielin\u0101jums<\/td>\n<td>40-400, digit\u0101lais t\u0101lummainis: l\u012bdz 1600 x<\/td>\n<\/tr>\n<tr>\n<td>Priek&scaron;met-plaukti\u0146a, kust\u012bbas diapazons, izmantojot fokus\u0113&scaron;<\/td>\n<td>0 l\u012bdz 10 mm<\/td>\n<\/tr>\n<tr>\n<td>Priek&scaron;met-plaukti\u0146&scaron;<\/td>\n<td>90&#215;95, koordin\u0113ts,, kust\u012bgs priek&scaron;met-plaukti\u0146&scaron; ar piespied\u0113jiem mm<\/td>\n<\/tr>\n<tr>\n<td>Ra\u017eot\u0101ja valsts<\/td>\n<td>PRC, controlled by Levenhuk, Inc. (USA)<\/td>\n<\/tr>\n<tr>\n<td>Sist\u0113mas pras\u012bbas<\/td>\n<td>Windows 7\/8<\/td>\n<\/tr>\n<tr>\n<td>Videoklipu ierakst\u012b&scaron;ana<\/td>\n<td>j\u0101<\/td>\n<\/tr>\n<\/tbody>\n<\/table>\n","protected":false},"excerpt":{"rendered":"<p>Atrib\u016bti Apgaismojums LED Att\u0113la form\u0101ts .bmp, .jpg, .jpeg, .png, .tif, .tiff, .gif, .psd,, .ico, .emf, etc. Baro&scaron;anas avots 220V\/5V, 50 Hz AC (adapteri) Darb\u012bbas temperat\u016bras diapazons -30&#8230; 70 &deg; C Garantija m\u016b\u017ea garantija Megapikse\u013ci 2 Objekt\u012bvi 4x, 10x, 40x Objekt\u012bvu revolveris 3 objekt\u012bvi Okul\u0101ri WF10x Optikas materi\u0101ls stikls Palielin\u0101jums 40-400, digit\u0101lais t\u0101lummainis: l\u012bdz 1600 x [&hellip;]<\/p>\n","protected":false},"featured_media":67884,"template":"","meta":[],"product_brand":[3372],"product_cat":[4938,4969],"product_tag":[],"class_list":{"0":"post-77762","1":"product","2":"type-product","3":"status-publish","4":"has-post-thumbnail","6":"product_brand-levenhuk","7":"product_cat-optics-recreation","8":"product_cat-microscopes-optics-recreation","10":"first","11":"instock","12":"shipping-taxable","13":"purchasable","14":"product-type-simple"},"_links":{"self":[{"href":"https:\/\/sezona.lv\/en\/wp-json\/wp\/v2\/product\/77762","targetHints":{"allow":["GET"]}}],"collection":[{"href":"https:\/\/sezona.lv\/en\/wp-json\/wp\/v2\/product"}],"about":[{"href":"https:\/\/sezona.lv\/en\/wp-json\/wp\/v2\/types\/product"}],"wp:featuredmedia":[{"embeddable":true,"href":"https:\/\/sezona.lv\/en\/wp-json\/wp\/v2\/media\/67884"}],"wp:attachment":[{"href":"https:\/\/sezona.lv\/en\/wp-json\/wp\/v2\/media?parent=77762"}],"wp:term":[{"taxonomy":"product_brand","embeddable":true,"href":"https:\/\/sezona.lv\/en\/wp-json\/wp\/v2\/product_brand?post=77762"},{"taxonomy":"product_cat","embeddable":true,"href":"https:\/\/sezona.lv\/en\/wp-json\/wp\/v2\/product_cat?post=77762"},{"taxonomy":"product_tag","embeddable":true,"href":"https:\/\/sezona.lv\/en\/wp-json\/wp\/v2\/product_tag?post=77762"}],"curies":[{"name":"wp","href":"https:\/\/api.w.org\/{rel}","templated":true}]}}