{"id":77763,"date":"2025-07-11T16:20:52","date_gmt":"2025-07-11T13:20:52","guid":{"rendered":"https:\/\/demo8.ecube.lv\/sezona.lv\/products\/levenhuk-d320l-digitalais-biologa-mikroskops\/"},"modified":"2025-07-14T15:12:21","modified_gmt":"2025-07-14T12:12:21","slug":"levenhuk-d320l-digitalais-biologa-mikroskops","status":"publish","type":"product","link":"https:\/\/sezona.lv\/en\/products\/levenhuk-d320l-digitalais-biologa-mikroskops\/","title":{"rendered":"Levenhuk D320L Digit\u0101lais biologa mikroskops"},"content":{"rendered":"<p>Levenhuk D320L Digit\u0101lais biologa mikroskops&nbsp;ir ide\u0101ls bio\u0137\u012bmijas, patologanatomijas, citolo\u0123ijas, hematolo\u0123ijas, urolo\u0123ijas, dermatolo\u0123ijas, biolo\u0123ijas un visp\u0101r\u012bgajiem kl\u012bniskajiem p\u0113rt\u012bjumiem jebkur\u0101 medic\u012bnas iest\u0101d\u0113. &Scaron;\u012b mikroskopa s\u0113rija ir paredz\u0113ta nov\u0113rojumiem un paraugu morfolo\u0123ijas p\u0113t\u012bjumiem caurejo&scaron;\u0101 gaism\u0101, izmantojot gai&scaron;\u0101 lauka metodi.<\/p>\n<p>&Scaron;is mikroskops ir ide\u0101ls medic\u012bnas laboratorij\u0101m un koled\u017e\u0101m, kas nevar at\u013cauties binokul\u0101ro modeli (1.5 reizes d\u0101rg\u0101ks).<\/p>\n<p>Levenhuk D320L mikroskops&nbsp;ir apr\u012bkots ar ieb\u016bv\u0113tu apgaismojuma lampu, gaismas intensit\u0101te ir piel\u0101gojama. Citas \u012bpa&scaron;\u012bbas: imersija, divu l\u0113cu 1.25 Abes (Abbe) kondensers un \u010detri bezkr\u0101sas (ahromatiskie) objekt\u012bvi.<\/p>\n<p>Levenhuk D320L ir profesion\u0101ls laboratorijas mikroskops. M\u0113renas cenas mikroskopu raksturo koordin\u0113jamais b\u012bd\u0101mais galdi\u0146&scaron;, Abes kondensers, integr\u0113ts rupj\u0101kas un smalk\u0101kas regul\u0113&scaron;anas skr\u016bves, asuma regul\u0113&scaron;ana un pla&scaron;a lauka okul\u0101ri.<\/p>\n<p>Komplekt\u0101 ir iek\u013cauta&nbsp;Levenhuk C310 digit\u0101l\u0101 kamera, 3M pikse\u013ci, USB 2.0 veidots lieto&scaron;anai vien\u012bgi ar mikroskopu. T\u0101 sniedz iesp\u0113ju uz\u0146emt digit\u0101los mikroskop\u0101 v\u0113roto priek&scaron;metu att\u0113lus, p\u0101rs\u016btot tos uz PC un saglab\u0101jot v\u0113lam\u0101 form\u0101t\u0101.<\/p>\n<p>Levenhuk ToupView programmat\u016bra, kas sniedz iesp\u0113ju apskat\u012bt un redi\u0123\u0113t att\u0113lus, ir iek\u013cauta komplekt\u0101. V\u0113l\u0101k\u0101 laika Levenhuk ToupView Windows versija (izdo&scaron;anas datums: 11\/20\/2013) atbalsta asto\u0146as valodas: ang\u013cu, fran\u010du, v\u0101cu, po\u013cu, krievu, vienk\u0101r&scaron;oto \u0137\u012bnie&scaron;u, tradicion\u0101lo \u0137\u012bnie&scaron;u un turku valodu.<\/p>\n<p>USB vads tiek izmantots energoapg\u0101dei un savienojumam ar PC. Savienojamais OS: Windows 2000\/XP\/2003\/Vista\/7\/8\/10, Linux 2.6<a href=\"http:\/\/lv.levenhuk.com\/catalogue\/mikroskopi\/levenhuk-d320l#lin\">*<\/a>, Mac OS X.<\/p>\n<p><span>Komplekt\u0101 iek\u013cauti:<\/span><\/p>\n<ul class=\"vikas-list-u\">\n<li>Levenhuk digit\u0101lais biologa mikroskops<\/li>\n<li>Levenhuk digit\u0101l\u0101 kamera<\/li>\n<li>Objekt\u012bvi: 4x, 10x, 40x, 100x Oil<\/li>\n<li>Okul\u0101ri: WF10x, WF16x<\/li>\n<li>Abes (Abbe) kondensers<\/li>\n<li>Imersijas e\u013c\u013ca<\/li>\n<li>SETUP CD Levenhuk ToupView (autom\u0101tisk\u0101s iestat\u012b&scaron;anas vad\u012bt\u0101js, draiveri, programmat\u016bra att\u0113la vizualiz\u0101cijai, fiks\u0101cijai un apstr\u0101dei)<\/li>\n<li>USB vads<\/li>\n<li>Energoapg\u0101des vads*<\/li>\n<li>Lietot\u0101ja rokasgr\u0101mata un m\u016b\u017ea garantija<\/li>\n<\/ul>\n<table class=\"table table-bordered\" border=\"0\">\n<thead>\n<tr>\n<td colspan=\"2\"><span>Atrib\u016bti<\/span><\/td>\n<\/tr>\n<\/thead>\n<tbody>\n<tr>\n<td>Akt\u012bvais diapazons<\/td>\n<td>75 dB<\/td>\n<\/tr>\n<tr>\n<td>Apgaismojums<\/td>\n<td>halog\u0113na lampa 20W (220V)<\/td>\n<\/tr>\n<tr>\n<td>\u0100trums<\/td>\n<td>11 fps<\/td>\n<\/tr>\n<tr>\n<td>Att\u0113la form\u0101ts<\/td>\n<td>BMP, TIFF, JPG, PICT, SFTL etc.<\/td>\n<\/tr>\n<tr>\n<td>Balt\u0101s kr\u0101sas balanss<\/td>\n<td>autom\u0101tisk\u0101\/meh\u0101nisk\u0101<\/td>\n<\/tr>\n<tr>\n<td>Baro&scaron;anas avots<\/td>\n<td>220V str\u0101vas kabelis<\/td>\n<\/tr>\n<tr>\n<td>Ekspoz\u012bcijas kontrole<\/td>\n<td>autom\u0101tisk\u0101\/meh\u0101nisk\u0101<\/td>\n<\/tr>\n<tr>\n<td>Ekspoz\u012bcijas veids<\/td>\n<td>ERS<\/td>\n<\/tr>\n<tr>\n<td>Fokusa attiec\u012bba<\/td>\n<td>koaksi\u0101lais ar rupju un smalku regul\u0113&scaron;anu<\/td>\n<\/tr>\n<tr>\n<td>Galva<\/td>\n<td>monokul\u0101rs<\/td>\n<\/tr>\n<tr>\n<td>Garantija<\/td>\n<td>m\u016b\u017ea garantija<\/td>\n<\/tr>\n<tr>\n<td>Jut\u012bgums, v\/lux.sec@550 nm<\/td>\n<td>1,5<\/td>\n<\/tr>\n<tr>\n<td>Kamera korpusa materi\u0101ls<\/td>\n<td>met\u0101la, kr\u0101sots melns, cilindriska<\/td>\n<\/tr>\n<tr>\n<td>Kameras baro&scaron;anas avots<\/td>\n<td>izmantojot USB kabeli<\/td>\n<\/tr>\n<tr>\n<td>Kameras izm\u0113ri (cilindra da\u013cas maksim\u0101lais diametrs)<\/td>\n<td>60 mm<\/td>\n<\/tr>\n<tr>\n<td>Kameras modelis<\/td>\n<td>Levenhuk C310<\/td>\n<\/tr>\n<tr>\n<td>Kameras slots<\/td>\n<td>USB 2.0, 480 Mb\/s<\/td>\n<\/tr>\n<tr>\n<td>Kameras temperat\u016bras diapazons<\/td>\n<td>-30&#8230; 70 &deg; C<\/td>\n<\/tr>\n<tr>\n<td>Kondensers<\/td>\n<td>Abbe, 1,25 N.A., ar iris-diafragmu<\/td>\n<\/tr>\n<tr>\n<td>Lieto&scaron;anas vieta<\/td>\n<td>okul\u0101ra caurul\u0113 (nevis okul\u0101r\u0101)<\/td>\n<\/tr>\n<tr>\n<td>Maksim\u0101l\u0101 iz&scaron;\u0137irtsp\u0113ja<\/td>\n<td>2048&#215;1536<\/td>\n<\/tr>\n<tr>\n<td>Megapikse\u013ci<\/td>\n<td>3<\/td>\n<\/tr>\n<tr>\n<td>Objekt\u012bvi<\/td>\n<td>4x, 10x, 40x, 100x<\/td>\n<\/tr>\n<tr>\n<td>Objekt\u012bvu revolveris<\/td>\n<td>4 objekt\u012bvi<\/td>\n<\/tr>\n<tr>\n<td>Okul\u0101ri<\/td>\n<td>WF10x, WF16x<\/td>\n<\/tr>\n<tr>\n<td>Optikas materi\u0101ls<\/td>\n<td>stikls<\/td>\n<\/tr>\n<tr>\n<td>Palielin\u0101jums<\/td>\n<td>40-1600 x<\/td>\n<\/tr>\n<tr>\n<td>Pikse\u013ca izm\u0113rs, &amp;micro;m<\/td>\n<td>3,2&#215;3,2<\/td>\n<\/tr>\n<tr>\n<td>Programmat\u016bra<\/td>\n<td>USB 2.0 draiveri, Levenhuk ToupView, (Levenhuk Image Editor Mac un Linux operat. sist\u0113m\u0101m)<\/td>\n<\/tr>\n<tr>\n<td>Programmat\u016bras valoda<\/td>\n<td>Levenhuk ToupView (Windows): EN, FR, DE, PL, RU, ZH, TR;, Levenhuk Image Editor (Mac un Linux): EN<\/td>\n<\/tr>\n<tr>\n<td>Programm\u0113jamas opcijas<\/td>\n<td>att\u0113la izm\u0113ru, spilgtuma, ekspoz\u012bcijas laiks<\/td>\n<\/tr>\n<tr>\n<td>Ra\u017eot\u0101ja valsts<\/td>\n<td>PRC, controlled by Levenhuk, Inc. (USA)<\/td>\n<\/tr>\n<tr>\n<td>Sensors<\/td>\n<td>1\/2<\/td>\n<\/tr>\n<tr>\n<td>Sist\u0113mas pras\u012bbas<\/td>\n<td>Windows 2000\/XP\/2003\/Vista\/7\/8\/10, Linux 2.6, Mac OS X; USB ports<\/td>\n<\/tr>\n<tr>\n<td>Spektr\u0101lais diapazons<\/td>\n<td>400-650 nm<\/td>\n<\/tr>\n<tr>\n<td>Videoklipu ierakst\u012b&scaron;ana<\/td>\n<td>ierobe\u017eots<\/td>\n<\/tr>\n<\/tbody>\n<\/table>\n","protected":false},"excerpt":{"rendered":"<p>Levenhuk D320L Digit\u0101lais biologa mikroskops&nbsp;ir ide\u0101ls bio\u0137\u012bmijas, patologanatomijas, citolo\u0123ijas, hematolo\u0123ijas, urolo\u0123ijas, dermatolo\u0123ijas, biolo\u0123ijas un visp\u0101r\u012bgajiem kl\u012bniskajiem p\u0113rt\u012bjumiem jebkur\u0101 medic\u012bnas iest\u0101d\u0113. &Scaron;\u012b mikroskopa s\u0113rija ir paredz\u0113ta nov\u0113rojumiem un paraugu morfolo\u0123ijas p\u0113t\u012bjumiem caurejo&scaron;\u0101 gaism\u0101, izmantojot gai&scaron;\u0101 lauka metodi. &Scaron;is mikroskops ir ide\u0101ls medic\u012bnas laboratorij\u0101m un koled\u017e\u0101m, kas nevar at\u013cauties binokul\u0101ro modeli (1.5 reizes d\u0101rg\u0101ks). Levenhuk D320L mikroskops&nbsp;ir [&hellip;]<\/p>\n","protected":false},"featured_media":67903,"template":"","meta":[],"product_brand":[3372],"product_cat":[4938,4969],"product_tag":[],"class_list":{"0":"post-77763","1":"product","2":"type-product","3":"status-publish","4":"has-post-thumbnail","6":"product_brand-levenhuk","7":"product_cat-optics-recreation","8":"product_cat-microscopes-optics-recreation","10":"first","11":"instock","12":"shipping-taxable","13":"purchasable","14":"product-type-simple"},"_links":{"self":[{"href":"https:\/\/sezona.lv\/en\/wp-json\/wp\/v2\/product\/77763","targetHints":{"allow":["GET"]}}],"collection":[{"href":"https:\/\/sezona.lv\/en\/wp-json\/wp\/v2\/product"}],"about":[{"href":"https:\/\/sezona.lv\/en\/wp-json\/wp\/v2\/types\/product"}],"wp:featuredmedia":[{"embeddable":true,"href":"https:\/\/sezona.lv\/en\/wp-json\/wp\/v2\/media\/67903"}],"wp:attachment":[{"href":"https:\/\/sezona.lv\/en\/wp-json\/wp\/v2\/media?parent=77763"}],"wp:term":[{"taxonomy":"product_brand","embeddable":true,"href":"https:\/\/sezona.lv\/en\/wp-json\/wp\/v2\/product_brand?post=77763"},{"taxonomy":"product_cat","embeddable":true,"href":"https:\/\/sezona.lv\/en\/wp-json\/wp\/v2\/product_cat?post=77763"},{"taxonomy":"product_tag","embeddable":true,"href":"https:\/\/sezona.lv\/en\/wp-json\/wp\/v2\/product_tag?post=77763"}],"curies":[{"name":"wp","href":"https:\/\/api.w.org\/{rel}","templated":true}]}}