{"id":77764,"date":"2025-07-11T16:20:55","date_gmt":"2025-07-11T13:20:55","guid":{"rendered":"https:\/\/demo8.ecube.lv\/sezona.lv\/products\/levenhuk-d670t-digitalais-trinokularais-mikroskops\/"},"modified":"2025-07-14T15:12:22","modified_gmt":"2025-07-14T12:12:22","slug":"levenhuk-d670t-digitalais-trinokularais-mikroskops","status":"publish","type":"product","link":"https:\/\/sezona.lv\/en\/products\/levenhuk-d670t-digitalais-trinokularais-mikroskops\/","title":{"rendered":"Levenhuk D670T Digit\u0101lais trinokul\u0101rais mikroskops"},"content":{"rendered":"<p>Levenhuk D670T&nbsp;ir moderns, uzticams un viegli lietojams mikroskops ar trinokul\u0101ro galvi\u0146u. &Scaron;\u0101da uzb\u016bve sniedz maksim\u0101lu \u0113rt\u012bbu ilgu nov\u0113rojumu laik\u0101. Lietojot 5Mpx kameru (iek\u013cauts standarta komplekt\u0101), J\u016bs b\u016bsiet p\u0101rsteigti par uztverto att\u0113lu kvalit\u0101ti un J\u016bs tos varat saglab\u0101t lieto&scaron;anai n\u0101kotn\u0113; J\u016bs ar\u012b varat p\u0113t\u012bt att\u0113lus viss\u012bk\u0101kaj\u0101s deta\u013c\u0101s un Jums piemerot\u0101 laik\u0101 sav\u0101 dator\u0101.<\/p>\n<p>Levenhuk D670T&nbsp;sniedz palielin\u0101jumu no 40x to 2000x. Min\u0113t\u0101s sp\u0113jas \u013cauj izmantot mikroskopu da\u017e\u0101diem m\u0113r\u0137iem: augstas pak\u0101pes palielin\u0101jums b\u016bs noz\u012bgs medic\u012bnas un biolo\u0123ijas p\u0113t\u012bjumos, bet zem\u0101kas pak\u0101pes palielin\u0101jums \u013cauj to izmantot juvelieriem, pulkste\u0146meistariem, kolekcion\u0101riem un citiem.&nbsp;Levenhuk D670T&nbsp;ir apr\u012bkots ar \u010detr\u0101m augstas kvalit\u0101tes objekt\u012bva l\u0113c\u0101m: 4x, 10x, 40x un 100x (e\u013c\u013cas imersija).<\/p>\n<p>Piesl\u0113dzot kameru &scaron;\u012b mikroskopa trinokul\u0101rajai galvi\u0146ai, J\u016bs papla&scaron;in\u0101siet t\u0101 iesp\u0113jas spektru. Divi okul\u0101ri binokul\u0101raj\u0101 iestat\u012bjum\u0101 mazina stresu J\u016bsu ac\u012bm ilgsto&scaron;os nov\u0113rojumos. Tie ir ar\u012b noliekti par 30 gr\u0101diem, l\u012bdz ar to str\u0101d\u0101jot ar mikroskopu J\u016bs varat s\u0113d\u0113t \u0113rti. Trinokul\u0101ro galvi\u0146u var pagriezt par 360 gr\u0101diem ap savu asi, kas rada \u0113rt\u012bbu, str\u0101d\u0101jot grup\u0101.<\/p>\n<p>&Scaron;\u012b mikroskopa komplekt\u0101 ietilpst viss, kas Jums ir vajadz\u012bgs darba s\u0101kum\u0101. Digit\u0101las kameras komplekt\u0101 ir iek\u013cauts instal\u0101cijas CD, kas satur nepiecie&scaron;amo programmat\u016bru un draiverus. Mikroskops Levenhuk D670T un t\u0101 kamera ir savienojama ar Windows, Linux<a href=\"http:\/\/lv.levenhuk.com\/catalogue\/mikroskopi\/levenhuk-d670t#lin\">*<\/a>&nbsp;un Mac OS.<\/p>\n<p><span>\u012apa&scaron;\u012bbas:<\/span><\/p>\n<ul class=\"vikas-list-u\">\n<li>Mikroskopa palielin\u0101jums: 40-2000x<\/li>\n<li>Rot\u0113jo&scaron;\u0101 trinokul\u0101r\u0101 galvi\u0146a<\/li>\n<li>Augstas kvalit\u0101tes att\u0113ls redzes lauk\u0101<\/li>\n<li>Galdi\u0146&scaron; ir p\u0101rvietojams divu asu garum\u0101<\/li>\n<li>Rot\u0113jo&scaron;\u0101 mikroskopa deguna balsta da\u013ca ar 4 objekt\u012bva l\u0113c\u0101m<\/li>\n<li>Main\u0101ma apgaismojuma intensit\u0101te<\/li>\n<li>Sp\u0113j uz\u0146emt fotogr\u0101fijas\/video<\/li>\n<\/ul>\n<p><span>Komplekt\u0101 ietilpst:<\/span><\/p>\n<ul class=\"vikas-list-u\">\n<li>Levenhuk digit\u0101lais mikroskops<\/li>\n<li>Rot\u0113jo&scaron;\u0101 trinokul\u0101r\u0101 galva<\/li>\n<li>Rot\u0113jo&scaron;\u0101 mikroskopa deguna balsta da\u013ca ar 4 objekt\u012bva l\u0113c\u0101m<\/li>\n<li>5Mpx digit\u0101l\u0101 kamera<\/li>\n<li>WF10x un WF20x okul\u0101ri<\/li>\n<li>4x, 10x, 40x un 100x (e\u013c\u013cas imersija) objekt\u012bva l\u0113cas<\/li>\n<li>Zilais filtrs (1 eksemplars)<\/li>\n<li>Imersijas e\u013c\u013cas m\u0113\u0123ene<\/li>\n<li>Galdi\u0146&scaron;: 115&#215;125 mm, p\u0101rvietojams<\/li>\n<li>Kondensers: Abe ar \u012brisa diafragmu<\/li>\n<li>6V\/20W halog\u0113n lampa<\/li>\n<li>Energoapg\u0101des kabelis*<\/li>\n<li>Instal\u0101cijas CD ar Levenhuk ToupView programmat\u016bru un draiveriem<\/li>\n<li>P\u0101rkl\u0101jums aizsardz\u012bbai no putek\u013ciem<\/li>\n<li>Lietot\u0101ja rokasgr\u0101mata un m\u016b\u017ea garantija<\/li>\n<\/ul>\n<table class=\"table table-bordered\" border=\"0\">\n<thead>\n<tr>\n<td colspan=\"2\"><span>Atrib\u016bti<\/span><\/td>\n<\/tr>\n<\/thead>\n<tbody>\n<tr>\n<td>Apgaismojums<\/td>\n<td>halog\u0113nu lampa 6V\/20W<\/td>\n<\/tr>\n<tr>\n<td>Baro&scaron;anas avots<\/td>\n<td>220V str\u0101vas kabelis<\/td>\n<\/tr>\n<tr>\n<td>Fokusa attiec\u012bba<\/td>\n<td>smalkais: 0,002 mm; rupjais: 20 mm<\/td>\n<\/tr>\n<tr>\n<td>Galva<\/td>\n<td>trinokul\u0101rs<\/td>\n<\/tr>\n<tr>\n<td>Garantija<\/td>\n<td>m\u016b\u017ea garantija<\/td>\n<\/tr>\n<tr>\n<td>Kameras baro&scaron;anas avots<\/td>\n<td>izmantojot USB kabeli<\/td>\n<\/tr>\n<tr>\n<td>Kameras izm\u0113ri (cilindra da\u013cas maksim\u0101lais diametrs)<\/td>\n<td>27,2&#215;40 mm<\/td>\n<\/tr>\n<tr>\n<td>Kondensers<\/td>\n<td>Abbe, 1,25 N.A<\/td>\n<\/tr>\n<tr>\n<td>Lieto&scaron;anas vieta<\/td>\n<td>trinokul\u0101ra galvas tre&scaron;\u0101 caurule<\/td>\n<\/tr>\n<tr>\n<td>Megapikse\u013ci<\/td>\n<td>5<\/td>\n<\/tr>\n<tr>\n<td>Objekt\u012bvi<\/td>\n<td>4x, 10x, 40x, 100x (iegremd\u0113ts e\u013c\u013c\u0101)<\/td>\n<\/tr>\n<tr>\n<td>Okul\u0101ri<\/td>\n<td>WF10x, WF20x<\/td>\n<\/tr>\n<tr>\n<td>Optikas materi\u0101ls<\/td>\n<td>stikls<\/td>\n<\/tr>\n<tr>\n<td>Palielin\u0101jums<\/td>\n<td>40-2000 x<\/td>\n<\/tr>\n<tr>\n<td>Priek&scaron;met-plaukti\u0146&scaron;<\/td>\n<td>125&#215;115, p\u0101rvietojams div\u0101s as\u012bs mm<\/td>\n<\/tr>\n<tr>\n<td>Programmat\u016bra<\/td>\n<td>USB 2.0 draiveri, Levenhuk ToupView, (Levenhuk Image Editor Mac un Linux operat. sist\u0113m\u0101m)<\/td>\n<\/tr>\n<tr>\n<td>Programmat\u016bras valoda<\/td>\n<td>Levenhuk ToupView (Windows): EN, FR, DE, PL, RU, ZH, TR;, Levenhuk Image Editor (Mac un Linux): EN<\/td>\n<\/tr>\n<tr>\n<td>Ra\u017eot\u0101ja valsts<\/td>\n<td>PRC, controlled by Levenhuk, Inc. (USA)<\/td>\n<\/tr>\n<tr>\n<td>Sensors<\/td>\n<td>1\/2,5<\/td>\n<\/tr>\n<tr>\n<td>Sist\u0113mas pras\u012bbas<\/td>\n<td>Windows 2000\/XP\/2003\/Vista\/7\/8\/10; Mac OS X; Linux 2.6; USB 2.0 ports<\/td>\n<\/tr>\n<tr>\n<td>Spilgtuma regul\u0113&scaron;ana<\/td>\n<td>\u0435\u0441\u0442\u044c<\/td>\n<\/tr>\n<\/tbody>\n<\/table>\n","protected":false},"excerpt":{"rendered":"<p>Levenhuk D670T&nbsp;ir moderns, uzticams un viegli lietojams mikroskops ar trinokul\u0101ro galvi\u0146u. &Scaron;\u0101da uzb\u016bve sniedz maksim\u0101lu \u0113rt\u012bbu ilgu nov\u0113rojumu laik\u0101. Lietojot 5Mpx kameru (iek\u013cauts standarta komplekt\u0101), J\u016bs b\u016bsiet p\u0101rsteigti par uztverto att\u0113lu kvalit\u0101ti un J\u016bs tos varat saglab\u0101t lieto&scaron;anai n\u0101kotn\u0113; J\u016bs ar\u012b varat p\u0113t\u012bt att\u0113lus viss\u012bk\u0101kaj\u0101s deta\u013c\u0101s un Jums piemerot\u0101 laik\u0101 sav\u0101 dator\u0101. Levenhuk D670T&nbsp;sniedz palielin\u0101jumu [&hellip;]<\/p>\n","protected":false},"featured_media":67922,"template":"","meta":[],"product_brand":[3372],"product_cat":[4938,4969],"product_tag":[],"class_list":{"0":"post-77764","1":"product","2":"type-product","3":"status-publish","4":"has-post-thumbnail","6":"product_brand-levenhuk","7":"product_cat-optics-recreation","8":"product_cat-microscopes-optics-recreation","10":"first","11":"instock","12":"shipping-taxable","13":"purchasable","14":"product-type-simple"},"_links":{"self":[{"href":"https:\/\/sezona.lv\/en\/wp-json\/wp\/v2\/product\/77764","targetHints":{"allow":["GET"]}}],"collection":[{"href":"https:\/\/sezona.lv\/en\/wp-json\/wp\/v2\/product"}],"about":[{"href":"https:\/\/sezona.lv\/en\/wp-json\/wp\/v2\/types\/product"}],"wp:featuredmedia":[{"embeddable":true,"href":"https:\/\/sezona.lv\/en\/wp-json\/wp\/v2\/media\/67922"}],"wp:attachment":[{"href":"https:\/\/sezona.lv\/en\/wp-json\/wp\/v2\/media?parent=77764"}],"wp:term":[{"taxonomy":"product_brand","embeddable":true,"href":"https:\/\/sezona.lv\/en\/wp-json\/wp\/v2\/product_brand?post=77764"},{"taxonomy":"product_cat","embeddable":true,"href":"https:\/\/sezona.lv\/en\/wp-json\/wp\/v2\/product_cat?post=77764"},{"taxonomy":"product_tag","embeddable":true,"href":"https:\/\/sezona.lv\/en\/wp-json\/wp\/v2\/product_tag?post=77764"}],"curies":[{"name":"wp","href":"https:\/\/api.w.org\/{rel}","templated":true}]}}