{"id":77765,"date":"2025-07-11T16:20:57","date_gmt":"2025-07-11T13:20:57","guid":{"rendered":"https:\/\/demo8.ecube.lv\/sezona.lv\/products\/levenhuk-d870t-digitalais-trinokularais-mikroskops\/"},"modified":"2025-07-14T15:12:23","modified_gmt":"2025-07-14T12:12:23","slug":"levenhuk-d870t-digitalais-trinokularais-mikroskops","status":"publish","type":"product","link":"https:\/\/sezona.lv\/en\/products\/levenhuk-d870t-digitalais-trinokularais-mikroskops\/","title":{"rendered":"Levenhuk D870T Digit\u0101lais trinokul\u0101rais mikroskops"},"content":{"rendered":"<table class=\"table table-bordered\" border=\"0\">\n<thead>\n<tr>\n<td colspan=\"2\"><span>Atrib\u016bti<\/span><\/td>\n<\/tr>\n<\/thead>\n<tbody>\n<tr>\n<td>Apgaismojums<\/td>\n<td>halog\u0113nu lampa 6V\/20W<\/td>\n<\/tr>\n<tr>\n<td>Baro&scaron;anas avots<\/td>\n<td>220V str\u0101vas kabelis<\/td>\n<\/tr>\n<tr>\n<td>Fokusa attiec\u012bba<\/td>\n<td>smalkais: 0,002 mm; rupjais: 25 mm<\/td>\n<\/tr>\n<tr>\n<td>Galva<\/td>\n<td>trinokul\u0101rs<\/td>\n<\/tr>\n<tr>\n<td>Garantija<\/td>\n<td>m\u016b\u017ea garantija<\/td>\n<\/tr>\n<tr>\n<td>Kameras baro&scaron;anas avots<\/td>\n<td>izmantojot USB kabeli<\/td>\n<\/tr>\n<tr>\n<td>Kameras izm\u0113ri (cilindra da\u013cas maksim\u0101lais diametrs)<\/td>\n<td>27,2&#215;40 mm<\/td>\n<\/tr>\n<tr>\n<td>Lieto&scaron;anas vieta<\/td>\n<td>trinokul\u0101ra galvas tre&scaron;\u0101 caurule<\/td>\n<\/tr>\n<tr>\n<td>Megapikse\u013ci<\/td>\n<td>8<\/td>\n<\/tr>\n<tr>\n<td>Objekt\u012bvi<\/td>\n<td>WF: 4x, 10x, 40x, 100x<\/td>\n<\/tr>\n<tr>\n<td>Objekt\u012bvu revolveris<\/td>\n<td>4 objekt\u012bvi<\/td>\n<\/tr>\n<tr>\n<td>Okul\u0101ri<\/td>\n<td>PLAN WF10x, PLAN WF20x<\/td>\n<\/tr>\n<tr>\n<td>Optikas materi\u0101ls<\/td>\n<td>stikls<\/td>\n<\/tr>\n<tr>\n<td>Palielin\u0101jums<\/td>\n<td>40-2000 x<\/td>\n<\/tr>\n<tr>\n<td>Programmat\u016bra<\/td>\n<td>USB 2.0 draiveri, Levenhuk ToupView, (Levenhuk Image Editor Mac un Linux operat. sist\u0113m\u0101m)<\/td>\n<\/tr>\n<tr>\n<td>Programmat\u016bras valoda<\/td>\n<td>Levenhuk ToupView (Windows): EN, FR, DE, PL, RU, ZH, TR;, Levenhuk Image Editor (Mac un Linux): EN<\/td>\n<\/tr>\n<tr>\n<td>Ra\u017eot\u0101ja valsts<\/td>\n<td>PRC, controlled by Levenhuk, Inc. (USA)<\/td>\n<\/tr>\n<tr>\n<td>Sensors<\/td>\n<td>1\/2,5<\/td>\n<\/tr>\n<tr>\n<td>Sist\u0113mas pras\u012bbas<\/td>\n<td>Windows 2000\/XP\/2003\/Vista\/7\/8\/10; Linux 2.6; Mac OS X; USB 2.0 ports<\/td>\n<\/tr>\n<tr>\n<td>Spilgtuma regul\u0113&scaron;ana<\/td>\n<td>\u0435\u0441\u0442\u044c<\/td>\n<\/tr>\n<\/tbody>\n<\/table>\n","protected":false},"excerpt":{"rendered":"<p>Atrib\u016bti Apgaismojums halog\u0113nu lampa 6V\/20W Baro&scaron;anas avots 220V str\u0101vas kabelis Fokusa attiec\u012bba smalkais: 0,002 mm; rupjais: 25 mm Galva trinokul\u0101rs Garantija m\u016b\u017ea garantija Kameras baro&scaron;anas avots izmantojot USB kabeli Kameras izm\u0113ri (cilindra da\u013cas maksim\u0101lais diametrs) 27,2&#215;40 mm Lieto&scaron;anas vieta trinokul\u0101ra galvas tre&scaron;\u0101 caurule Megapikse\u013ci 8 Objekt\u012bvi WF: 4x, 10x, 40x, 100x Objekt\u012bvu revolveris 4 objekt\u012bvi [&hellip;]<\/p>\n","protected":false},"featured_media":67941,"template":"","meta":[],"product_brand":[3372],"product_cat":[4938,4969],"product_tag":[],"class_list":{"0":"post-77765","1":"product","2":"type-product","3":"status-publish","4":"has-post-thumbnail","6":"product_brand-levenhuk","7":"product_cat-optics-recreation","8":"product_cat-microscopes-optics-recreation","10":"first","11":"instock","12":"shipping-taxable","13":"purchasable","14":"product-type-simple"},"_links":{"self":[{"href":"https:\/\/sezona.lv\/en\/wp-json\/wp\/v2\/product\/77765","targetHints":{"allow":["GET"]}}],"collection":[{"href":"https:\/\/sezona.lv\/en\/wp-json\/wp\/v2\/product"}],"about":[{"href":"https:\/\/sezona.lv\/en\/wp-json\/wp\/v2\/types\/product"}],"wp:featuredmedia":[{"embeddable":true,"href":"https:\/\/sezona.lv\/en\/wp-json\/wp\/v2\/media\/67941"}],"wp:attachment":[{"href":"https:\/\/sezona.lv\/en\/wp-json\/wp\/v2\/media?parent=77765"}],"wp:term":[{"taxonomy":"product_brand","embeddable":true,"href":"https:\/\/sezona.lv\/en\/wp-json\/wp\/v2\/product_brand?post=77765"},{"taxonomy":"product_cat","embeddable":true,"href":"https:\/\/sezona.lv\/en\/wp-json\/wp\/v2\/product_cat?post=77765"},{"taxonomy":"product_tag","embeddable":true,"href":"https:\/\/sezona.lv\/en\/wp-json\/wp\/v2\/product_tag?post=77765"}],"curies":[{"name":"wp","href":"https:\/\/api.w.org\/{rel}","templated":true}]}}