{"id":77768,"date":"2025-07-11T16:21:08","date_gmt":"2025-07-11T13:21:08","guid":{"rendered":"https:\/\/demo8.ecube.lv\/sezona.lv\/products\/levenhuk-d2l-ng-digitalais-mikroskops\/"},"modified":"2025-07-14T15:12:26","modified_gmt":"2025-07-14T12:12:26","slug":"levenhuk-d2l-ng-digitalais-mikroskops","status":"publish","type":"product","link":"https:\/\/sezona.lv\/en\/products\/levenhuk-d2l-ng-digitalais-mikroskops\/","title":{"rendered":"Levenhuk D2L NG Digit\u0101lais mikroskops"},"content":{"rendered":"<p>Levenhuk D2L NG digit\u0101lais mikroskops&nbsp;sniedz Jums iesp\u0113ju veikt augstv\u0113rt\u012bgus p\u0113t\u012bjumus, k\u0101 ar\u012b izveidot J\u016bsu apskat\u0101mo objektu video- un fotoatt\u0113lus. &Scaron;o modeli pievieno PC, izmantojot USB saskarni, programmat\u016bra ir iek\u013cauta paket\u0113. &Scaron;is mikroskops ir projekt\u0113ts ar m\u0113r\u0137i nodro&scaron;in\u0101t p\u0113c iesp\u0113jas lab\u0101ku foto- un videoatt\u0113lu kr\u0101su atveidi un sniedz Jums iesp\u0113ju redz\u0113t att\u0113lus dab\u012bg\u0101s kr\u0101s\u0101s.<\/p>\n<p>Mikroskops Levenhuk D2L NG&nbsp;tika izveidots lieto&scaron;anai skol\u0101s, koled\u017e\u0101s un universit\u0101t\u0113s. &Scaron;im modelim ir rakstur\u012bga stikla optika at&scaron;\u0137ir\u012bb\u0101 no l\u0113t\u0101kajiem analogiem. Galven\u0101 priek&scaron;roc\u012bba ir apgaismes \u0137erme\u0146u komplekti (aug&scaron;da\u013c\u0101 un lejasda\u013c\u0101), kas \u013cauj izp\u0113t\u012bt abus sl\u0101\u0146us un necaurskat\u0101mus objektus (s\u0101kot ar s\u012bk\u0101kaj\u0101m cietaj\u0101m da\u013ci\u0146\u0101m l\u012bdz mon\u0113t\u0101m utt.). Neatkar\u012bgi no iesp\u0113jas izp\u0113t\u012bt un notvert att\u0113lu uz PC ekr\u0101na ir iesp\u0113jams veikt nov\u0113rojumus vizu\u0101laj\u0101 re\u017e\u012bm\u0101 bez kameras, kop&scaron; okul\u0101rs (WF16x) ir iek\u013cauts paket\u0113. Levenhuk D2L NG digit\u0101lie mikroskopi tiek pla&scaron;i lietoti da\u017e\u0101d\u0101s izgl\u012bt\u012bbas iest\u0101d\u0113s.<\/p>\n<p>USB kabelis tiek izmantots k\u0101 kameras energoapg\u0101dei un savienojumam ar PC. Elast\u012bgi piel\u0101gojams OS: Windows 2000\/XP\/2003\/Vista\/7\/8\/10.<\/p>\n<p><span>Necaurskat\u0101mu objektu apskate<\/span><\/p>\n<p>Levenhuk D2L NG mikroskops&nbsp;at&scaron;\u0137ir\u012bb\u0101 no citiem m\u0101c\u012bbu mikroskopiem ir apr\u012bkots ar diviem apgaismojumiem. Abi gaismas avoti ir LED gaisma, kas nodro&scaron;ina minim\u0101lo ener\u0123ijas pat\u0113ri\u0146u, sniedzot pietiekamu apgaimojumu. Apgaismojuma sist\u0113mas ir novietotas virs un zem galdi\u0146a un sniedz iesp\u0113ju apskat\u012bt caursp\u012bd\u012bgus un necaursp\u012bd\u012bgus objektus: s\u0101kot ar mikroskopisk\u0101m da\u013ci\u0146\u0101m l\u012bdz mon\u0113t\u0101m, pap\u012bram, audumam utt.<\/p>\n<p><span>Energoapg\u0101de<\/span><\/p>\n<p>Mikroskopam ir AC adapteris, stacion\u0101rajai apskatei, neizmantojot baterijas.<\/p>\n<p><span>Uzman\u012bbu:<\/span>&nbsp;L\u016bgums skat\u012bties t\u012bkla sprieguma atbilsto&scaron;os r\u0101d\u012bt\u0101jus tabul\u0101 un nekad nem\u0113\u0123iniet iesl\u0113gt 110 V paredz\u0113to ier\u012bci 220V sprieguma kontaktligzd\u0101, neizmantojot str\u0101vas p\u0101rveidot\u0101ju. Atcerieties, ka t\u012bkla spriegums ASV un Kan\u0101d\u0101 ir110V un 220-240V vair\u0101k\u0101s Eiropas valst\u012bs.<\/p>\n<p><span>Komplekt\u0101 iek\u013cauti::<\/span><\/p>\n<ul class=\"vikas-list-u\">\n<li>Mikroskops<\/li>\n<li>Objekt\u012bvi: 4x, 10x, 40x<\/li>\n<li>Okul\u0101r: WF16x<\/li>\n<li>Diska diafragma<\/li>\n<li>Galdi\u0146&scaron; ar stiprin\u0101jumiem<\/li>\n<li>Ieb\u016bv\u0113ts aug&scaron;da\u013cas un lejasda\u013cas LED apgaismojums<\/li>\n<li>Levenhuk digit\u0101l\u0101 kamera (0.3 Mpx)<\/li>\n<li>Levenhuk ToupView Setup CD (autom\u0101tiska iestat\u012b&scaron;anas vad\u012bba, draiveri, programmat\u016bra att\u0113la vizualiz\u0101cijai, fiks\u0101cijai un apstr\u0101dei)<\/li>\n<li>USB vads<\/li>\n<li>AC adapteris<\/li>\n<li>3 AA baterijas<\/li>\n<li>Lietot\u0101ja rokasgr\u0101mata un m\u016b\u017ea garantija<\/li>\n<\/ul>\n<p>Levenhuk ToupView programmat\u016bra, kas sniedz iesp\u0113ju apskat\u012bt un redi\u0123\u0113t att\u0113lus, ir iek\u013cauta komplekt\u0101. V\u0113l\u0101k\u0101 laika Levenhuk ToupView Windows versija (izdo&scaron;anas datums: 11\/20\/2013) atbalsta asto\u0146as valodas: ang\u013cu, fran\u010du, v\u0101cu, po\u013cu, krievu, vienk\u0101r&scaron;oto \u0137\u012bnie&scaron;u, tradicion\u0101lo \u0137\u012bnie&scaron;u un turku valodu.<\/p>\n<table class=\"table table-bordered\" border=\"0\">\n<thead>\n<tr>\n<td colspan=\"2\"><span>Atrib\u016bti<\/span><\/td>\n<\/tr>\n<\/thead>\n<tbody>\n<tr>\n<td>Akt\u012bvais diapazons<\/td>\n<td>60 dB<\/td>\n<\/tr>\n<tr>\n<td>Apgaismojums<\/td>\n<td>LED<\/td>\n<\/tr>\n<tr>\n<td>\u0100trums<\/td>\n<td>30 fps<\/td>\n<\/tr>\n<tr>\n<td>Att\u0113la form\u0101ts<\/td>\n<td>.bmp, .jpg, .jpeg, .png, .tif, .gif, .psd,, .ico, .emf, etc.<\/td>\n<\/tr>\n<tr>\n<td>Balt\u0101s kr\u0101sas balanss<\/td>\n<td>autom\u0101tisk\u0101\/meh\u0101nisk\u0101<\/td>\n<\/tr>\n<tr>\n<td>Baro&scaron;anas avots<\/td>\n<td>220V\/5V, 50 Hz AC (adapteri)<\/td>\n<\/tr>\n<tr>\n<td>Ekspoz\u012bcijas kontrole<\/td>\n<td>autom\u0101tisk\u0101\/meh\u0101nisk\u0101<\/td>\n<\/tr>\n<tr>\n<td>Ekspoz\u012bcijas veids<\/td>\n<td>ERS (Electronic Rolling Shutter)<\/td>\n<\/tr>\n<tr>\n<td>Garantija<\/td>\n<td>m\u016b\u017ea garantija<\/td>\n<\/tr>\n<tr>\n<td>Jut\u012bgums, v\/lux.sec@550 nm<\/td>\n<td>2,0<\/td>\n<\/tr>\n<tr>\n<td>Kameras baro&scaron;anas avots<\/td>\n<td>izmantojot USB kabeli<\/td>\n<\/tr>\n<tr>\n<td>Kameras modelis<\/td>\n<td>Levenhuk D2L<\/td>\n<\/tr>\n<tr>\n<td>Kameras slots<\/td>\n<td>USB 2.0, 480 Mb\/s<\/td>\n<\/tr>\n<tr>\n<td>Kameras temperat\u016bras diapazons<\/td>\n<td>-30&#8230; 70 &deg; C<\/td>\n<\/tr>\n<tr>\n<td>Lieto&scaron;anas vieta<\/td>\n<td>okul\u0101ra caurul\u0113 (nevis okul\u0101r\u0101)<\/td>\n<\/tr>\n<tr>\n<td>Maksim\u0101l\u0101 iz&scaron;\u0137irtsp\u0113ja<\/td>\n<td>640&#215;480<\/td>\n<\/tr>\n<tr>\n<td>Megapikse\u013ci<\/td>\n<td>0,3<\/td>\n<\/tr>\n<tr>\n<td>Objekt\u012bvi<\/td>\n<td>4x, 10x, 40x<\/td>\n<\/tr>\n<tr>\n<td>Objekt\u012bvu revolveris<\/td>\n<td>3 objekt\u012bvi<\/td>\n<\/tr>\n<tr>\n<td>Okul\u0101ri<\/td>\n<td>WF16x<\/td>\n<\/tr>\n<tr>\n<td>Optikas materi\u0101ls<\/td>\n<td>stikls<\/td>\n<\/tr>\n<tr>\n<td>Palielin\u0101jums<\/td>\n<td>64-640 x<\/td>\n<\/tr>\n<tr>\n<td>Pikse\u013ca izm\u0113rs, &amp;micro;m<\/td>\n<td>6&#215;6<\/td>\n<\/tr>\n<tr>\n<td>Priek&scaron;met-plaukti\u0146a, kust\u012bbas diapazons, izmantojot fokus\u0113&scaron;<\/td>\n<td>0 l\u012bdz 10 mm<\/td>\n<\/tr>\n<tr>\n<td>Priek&scaron;met-plaukti\u0146&scaron;<\/td>\n<td>90&#215;90, ar piespied\u0113jiem mm<\/td>\n<\/tr>\n<tr>\n<td>Programmat\u016bra<\/td>\n<td>USB 2.0 draiveri, Levenhuk ToupView<\/td>\n<\/tr>\n<tr>\n<td>Programm\u0113jamas opcijas<\/td>\n<td>att\u0113la izm\u0113ru, spilgtuma, ekspoz\u012bcijas laiks<\/td>\n<\/tr>\n<tr>\n<td>Ra\u017eot\u0101ja valsts<\/td>\n<td>PRC, controlled by Levenhuk, Inc. (USA)<\/td>\n<\/tr>\n<tr>\n<td>Sensors<\/td>\n<td>1\/4<\/td>\n<\/tr>\n<tr>\n<td>Sist\u0113mas pras\u012bbas<\/td>\n<td>Windows 2000\/XP\/2003\/Vista\/7\/8\/10; USB ports<\/td>\n<\/tr>\n<tr>\n<td>Spektr\u0101lais diapazons<\/td>\n<td>400-650 nm<\/td>\n<\/tr>\n<tr>\n<td>Videoklipu ierakst\u012b&scaron;ana<\/td>\n<td>pieejams<\/td>\n<\/tr>\n<\/tbody>\n<\/table>\n","protected":false},"excerpt":{"rendered":"<p>Levenhuk D2L NG digit\u0101lais mikroskops&nbsp;sniedz Jums iesp\u0113ju veikt augstv\u0113rt\u012bgus p\u0113t\u012bjumus, k\u0101 ar\u012b izveidot J\u016bsu apskat\u0101mo objektu video- un fotoatt\u0113lus. &Scaron;o modeli pievieno PC, izmantojot USB saskarni, programmat\u016bra ir iek\u013cauta paket\u0113. &Scaron;is mikroskops ir projekt\u0113ts ar m\u0113r\u0137i nodro&scaron;in\u0101t p\u0113c iesp\u0113jas lab\u0101ku foto- un videoatt\u0113lu kr\u0101su atveidi un sniedz Jums iesp\u0113ju redz\u0113t att\u0113lus dab\u012bg\u0101s kr\u0101s\u0101s. Mikroskops Levenhuk [&hellip;]<\/p>\n","protected":false},"featured_media":67996,"template":"","meta":[],"product_brand":[3372],"product_cat":[4938,4969],"product_tag":[],"class_list":{"0":"post-77768","1":"product","2":"type-product","3":"status-publish","4":"has-post-thumbnail","6":"product_brand-levenhuk","7":"product_cat-optics-recreation","8":"product_cat-microscopes-optics-recreation","10":"first","11":"instock","12":"shipping-taxable","13":"purchasable","14":"product-type-simple"},"_links":{"self":[{"href":"https:\/\/sezona.lv\/en\/wp-json\/wp\/v2\/product\/77768","targetHints":{"allow":["GET"]}}],"collection":[{"href":"https:\/\/sezona.lv\/en\/wp-json\/wp\/v2\/product"}],"about":[{"href":"https:\/\/sezona.lv\/en\/wp-json\/wp\/v2\/types\/product"}],"wp:featuredmedia":[{"embeddable":true,"href":"https:\/\/sezona.lv\/en\/wp-json\/wp\/v2\/media\/67996"}],"wp:attachment":[{"href":"https:\/\/sezona.lv\/en\/wp-json\/wp\/v2\/media?parent=77768"}],"wp:term":[{"taxonomy":"product_brand","embeddable":true,"href":"https:\/\/sezona.lv\/en\/wp-json\/wp\/v2\/product_brand?post=77768"},{"taxonomy":"product_cat","embeddable":true,"href":"https:\/\/sezona.lv\/en\/wp-json\/wp\/v2\/product_cat?post=77768"},{"taxonomy":"product_tag","embeddable":true,"href":"https:\/\/sezona.lv\/en\/wp-json\/wp\/v2\/product_tag?post=77768"}],"curies":[{"name":"wp","href":"https:\/\/api.w.org\/{rel}","templated":true}]}}