{"id":77769,"date":"2025-07-11T16:21:10","date_gmt":"2025-07-11T13:21:10","guid":{"rendered":"https:\/\/demo8.ecube.lv\/sezona.lv\/products\/levenhuk-d50l-ng-digitalais-mikroskops\/"},"modified":"2025-07-14T15:12:27","modified_gmt":"2025-07-14T12:12:27","slug":"levenhuk-d50l-ng-digitalais-mikroskops","status":"publish","type":"product","link":"https:\/\/sezona.lv\/en\/products\/levenhuk-d50l-ng-digitalais-mikroskops\/","title":{"rendered":"Levenhuk D50L NG Digit\u0101lais mikroskops"},"content":{"rendered":"<p>Levenhuk D50L NG digit\u0101lais mikroskops&nbsp;sniedz Jums iesp\u0113ju veikt augsv\u0113\u0157t\u012bgus p\u0113t\u012bjumus, k\u0101 ar\u012b uz\u0146emt J\u016bsu nov\u0113rojumu foto un video att\u0113lus. &Scaron;o modeli var piesl\u0113gt PC.&nbsp;Levenhuk D50L NG lieto USB saskarni un programmat\u016bru, kas ir iek\u013cauta komplekt\u0101.<\/p>\n<p>&Scaron;is mikroskops ir veidots ar m\u0113r\u0137i sniegt p\u0113c iesp\u0113jas lab\u0101ku kr\u0101su atveidi, uztverot foto un video att\u0113lus, und sniedz iesp\u0113ju redz\u0113t att\u0113lu dab\u012bg\u0101s kr\u0101s\u0101s.<\/p>\n<p>Mikroskops Levenhuk D50L NG&nbsp;tika izveidots lieto&scaron;anai skol\u0101s, koled\u017e\u0101s un universit\u0101t\u0113s. &Scaron;im modelim ir rakstur\u012bga stikla optika at&scaron;\u0137ir\u012bb\u0101 no l\u0113t\u0101kajiem analogiem. Galven\u0101 priek&scaron;roc\u012bba ir apgaismes \u0137erme\u0146u komplekti (aug&scaron;da\u013c\u0101 un lejasda\u013c\u0101), kas \u013cauj izp\u0113t\u012bt abus sl\u0101\u0146us un necaurskat\u0101mus objektus (s\u0101kot ar s\u012bk\u0101kaj\u0101m cietaj\u0101m da\u013ci\u0146\u0101m l\u012bdz mon\u0113t\u0101m utt.).<\/p>\n<p>Neatkar\u012bgi no iesp\u0113jas izp\u0113t\u012bt un notvert att\u0113lu uz PC ekr\u0101na ir iesp\u0113jams veikt nov\u0113rojumus vizu\u0101laj\u0101 re\u017e\u012bm\u0101 bez kameras, kop&scaron; divi okul\u0101ri (WF10x un WF16x ) ir iek\u013cauti paket\u0113.<\/p>\n<p>Levenhuk D50L NG digit\u0101lais mikroskops&nbsp;pla&scaron;i tiek izmantots k\u0101 moderns apr\u012bkojums da\u017e\u0101d\u0101s izgl\u012bt\u012bbas iest\u0101d\u0113s.<\/p>\n<p>Galven\u0101&nbsp;Levenhuk D50L NG&nbsp;priek&scaron;roc\u012bba ir optisko elementu augst\u0101ka kvalit\u0101te un met\u0101la konstrukcija. &Scaron;ie materi\u0101li sniedz augstas kvalit\u0101tes att\u0113lus un veicina ilgu mikroskopa kalpo&scaron;anas laiku (vismaz 30 gadus).<\/p>\n<p>USB kabelis tiek izmantots k\u0101 kameras energoapg\u0101dei un savienojumam ar PC. Elast\u012bgi piel\u0101gojams OS: XP\/2003\/Vista\/7\/8\/10.<\/p>\n<p><span>Palielin\u0101&scaron;anas<\/span><\/p>\n<p>Palielin\u0101&scaron;anas sp\u0113ja ir atkar\u012bga no objekt\u012bva (novietots zem\u0101k) un okul\u0101riem (novietoti augst\u0101k), kas tiek izmantoti.<br \/>Komplekts iek\u013cauj sev\u012b divus okul\u0101rus un tr\u012bs objekt\u012bvus, k\u0101 ar\u012b Barlova (Barlow) l\u0113cas, kas sniedz iesp\u0113ju vienm\u0113r\u012bgi main\u012bt palielin\u0101juma proporcijas.<\/p>\n<p>Minim\u0101lais palielin\u0101juma: Okul\u0101rs 10x * Objekt\u012bvs 4x = 40x<br \/>Maksim\u0101l\u0101 palielin\u0101&scaron;ana: Okul\u0101rs 16x * Objekt\u012bvs 40x = 640x, un Barlova l\u0113cu pal\u012bdz\u012bbu palielin\u0101jums vienm\u0113r\u012bgi sasniedz 640*2.0 = 1280x!<\/p>\n<p><span>Apgaismojums<\/span><\/p>\n<p>&Scaron;im biolo\u0123iskajam mikroskopam ir svar\u012bga \u012bpa&scaron;\u012bba &ndash; divas apgaismes sist\u0113mas ar piel\u0101gojamu apgaismojumu. Ieb\u016bv\u0113ts apgaismojums ir LED, kas nodro&scaron;ina minim\u0101lo ener\u0123ijas pat\u0113ri\u0146u, nodro&scaron;inot vajadz\u012bgo apgaismojumu.<\/p>\n<p>Apgaismojuma sist\u0113mas ir novietotas virs un zem galdi\u0146a un sniedz iesp\u0113ju apskat\u012bt caursp\u012bd\u012bgus un necaursp\u012bd\u012bgus objektus: s\u0101kot ar mikroskopisk\u0101m da\u013ci\u0146\u0101m l\u012bdz mon\u0113t\u0101m, pap\u012bram, audumam utt. (B\u016btu aizraujo&scaron;i izp\u0113t\u012bt mobil\u0101 telefona ekr\u0101nu &ndash; \u012bsten\u012bb\u0101 katrs pikselis sast\u0101v no trim segmentiem, sarkan\u0101, za\u013c\u0101 un zil\u0101.)<\/p>\n<p><span>Komplekt\u0101 iek\u013cauti:<\/span><\/p>\n<ul class=\"vikas-list-u\">\n<li>Mikroskops<\/li>\n<li>Objekt\u012bvi: 4x, 10x, 40x<\/li>\n<li>Levenhuk digit\u0101l\u0101 kamera (2 Mpx)<\/li>\n<li>Divi okul\u0101ri: WF10x, WF16x<\/li>\n<li>Barlow l\u0113ca: 2x<\/li>\n<li>Levenhuk ToupView Setup CD (autom\u0101tiska iestat\u012b&scaron;anas vad\u012bba, draiveri, programmat\u016bra att\u0113la vizualiz\u0101cijai, fiks\u0101cijai un apstr\u0101dei)<\/li>\n<li>USB vads<\/li>\n<li>Galdi\u0146&scaron; ar stiprin\u0101jumiem<\/li>\n<li>Diska diafragma<\/li>\n<li>Ieb\u016bv\u0113ts lejasda\u013cas LED apgaismojums<\/li>\n<li>Izvelkams aug&scaron;da\u013cas halog\u0113na apgaismojums<\/li>\n<li>AC adapteris<\/li>\n<li>3 AA un 2 AAA baterijas<\/li>\n<li>Lietot\u0101ja ce\u013cvedis &#8220;Attractive Microscope. Scrutinizing the Microcosm&#8221;<\/li>\n<li>Pincete<\/li>\n<li>Art\u0113mijas inkubators<\/li>\n<li>Mikrotoms &ndash; instruments, ar kura pal\u012bdz\u012bbu J\u016bs var\u0113siet nodal\u012bt \u013coti pl\u0101nu (milimetra da\u013c\u0101s) parauga sl\u0101ni, kas ir nepiecie&scaron;ams izp\u0113tei zem mikroskopa<\/li>\n<li>Kolba ar raugu<\/li>\n<li>Kolba ar j\u016bras s\u0101li<\/li>\n<li>Kolba ar darvu<\/li>\n<li>Kolba ar s\u0101ls\u016bdens garnel\u0113m<\/li>\n<li>5 paraugi<\/li>\n<li>Tuk&scaron;i stikla diapozit\u012bvi (5 gabali)<\/li>\n<li>Pipeti<\/li>\n<li>P\u0101rkl\u0101jums aizsardz\u012bbai no putek\u013ciem<\/li>\n<li>Dubultais plastika ietvars mikroskopam un aksesu\u0101riem<\/li>\n<li>Lietot\u0101ja rokasgr\u0101mata un m\u016b\u017ea garantija<\/li>\n<\/ul>\n<table class=\"table table-bordered\" border=\"0\">\n<thead>\n<tr>\n<td colspan=\"2\"><span>Atrib\u016bti<\/span><\/td>\n<\/tr>\n<\/thead>\n<tbody>\n<tr>\n<td>Apgaismojums<\/td>\n<td>apak&scaron;\u0113jo &#8211; LED, aug&scaron;\u0113jo &#8211; halog\u0113nu lampa<\/td>\n<\/tr>\n<tr>\n<td>Att\u0113la form\u0101ts<\/td>\n<td>.bmp, .jpg, .jpeg, .png, .tif, .tiff, .gif, .psd,, .ico, .emf, etc.<\/td>\n<\/tr>\n<tr>\n<td>Balt\u0101s kr\u0101sas balanss<\/td>\n<td>autom\u0101tisk\u0101\/meh\u0101nisk\u0101<\/td>\n<\/tr>\n<tr>\n<td>Baro&scaron;anas avots<\/td>\n<td>220V\/5V, 50 Hz AC (adapteri)<\/td>\n<\/tr>\n<tr>\n<td>Ekspoz\u012bcijas kontrole<\/td>\n<td>automatick&eacute;\/manu&aacute;ln&iacute;<\/td>\n<\/tr>\n<tr>\n<td>Ekspoz\u012bcijas veids<\/td>\n<td>ERS (Electronic Rolling Shutter)<\/td>\n<\/tr>\n<tr>\n<td>Garantija<\/td>\n<td>m\u016b\u017ea garantija<\/td>\n<\/tr>\n<tr>\n<td>Kameras baro&scaron;anas avots<\/td>\n<td>izmantojot USB kabeli<\/td>\n<\/tr>\n<tr>\n<td>Kameras modelis<\/td>\n<td>Levenhuk D50L<\/td>\n<\/tr>\n<tr>\n<td>Kameras slots<\/td>\n<td>USB 2.0, 480 Mb\/s<\/td>\n<\/tr>\n<tr>\n<td>Kameras temperat\u016bras diapazons<\/td>\n<td>-30&#8230; 70 &deg; C<\/td>\n<\/tr>\n<tr>\n<td>Lieto&scaron;anas vieta<\/td>\n<td>okul\u0101ra caurul\u0113 (nevis okul\u0101r\u0101)<\/td>\n<\/tr>\n<tr>\n<td>Maksim\u0101l\u0101 iz&scaron;\u0137irtsp\u0113ja<\/td>\n<td>1600&#215;1200 (kluss)<\/td>\n<\/tr>\n<tr>\n<td>Megapikse\u013ci<\/td>\n<td>2<\/td>\n<\/tr>\n<tr>\n<td>Objekt\u012bvi<\/td>\n<td>4x, 10x, 40x<\/td>\n<\/tr>\n<tr>\n<td>Objekt\u012bvu revolveris<\/td>\n<td>3 objekt\u012bvi<\/td>\n<\/tr>\n<tr>\n<td>Okul\u0101ri<\/td>\n<td>WF10x, WF16x<\/td>\n<\/tr>\n<tr>\n<td>Optikas materi\u0101ls<\/td>\n<td>stikls<\/td>\n<\/tr>\n<tr>\n<td>Palielin\u0101jums<\/td>\n<td>40-1280 x<\/td>\n<\/tr>\n<tr>\n<td>Priek&scaron;met-plaukti\u0146a, kust\u012bbas diapazons, izmantojot fokus\u0113&scaron;<\/td>\n<td>0 l\u012bdz 15 mm<\/td>\n<\/tr>\n<tr>\n<td>Priek&scaron;met-plaukti\u0146&scaron;<\/td>\n<td>90&#215;90, ar piespied\u0113jiem mm<\/td>\n<\/tr>\n<tr>\n<td>Programmat\u016bra<\/td>\n<td>USB 2.0 draiveri, Levenhuk ToupView<\/td>\n<\/tr>\n<tr>\n<td>Programm\u0113jamas opcijas<\/td>\n<td>att\u0113la izm\u0113ru, spilgtuma, ekspoz\u012bcijas laiks<\/td>\n<\/tr>\n<tr>\n<td>Ra\u017eot\u0101ja valsts<\/td>\n<td>PRC, controlled by Levenhuk, Inc. (USA)<\/td>\n<\/tr>\n<tr>\n<td>Sist\u0113mas pras\u012bbas<\/td>\n<td>Windows XP\/2003\/Vista\/7\/8\/10; USB ports<\/td>\n<\/tr>\n<tr>\n<td>Videoklipu ierakst\u012b&scaron;ana<\/td>\n<td>j\u0101<\/td>\n<\/tr>\n<\/tbody>\n<\/table>\n","protected":false},"excerpt":{"rendered":"<p>Levenhuk D50L NG digit\u0101lais mikroskops&nbsp;sniedz Jums iesp\u0113ju veikt augsv\u0113\u0157t\u012bgus p\u0113t\u012bjumus, k\u0101 ar\u012b uz\u0146emt J\u016bsu nov\u0113rojumu foto un video att\u0113lus. &Scaron;o modeli var piesl\u0113gt PC.&nbsp;Levenhuk D50L NG lieto USB saskarni un programmat\u016bru, kas ir iek\u013cauta komplekt\u0101. &Scaron;is mikroskops ir veidots ar m\u0113r\u0137i sniegt p\u0113c iesp\u0113jas lab\u0101ku kr\u0101su atveidi, uztverot foto un video att\u0113lus, und sniedz iesp\u0113ju [&hellip;]<\/p>\n","protected":false},"featured_media":68015,"template":"","meta":[],"product_brand":[3372],"product_cat":[4938,4969],"product_tag":[],"class_list":{"0":"post-77769","1":"product","2":"type-product","3":"status-publish","4":"has-post-thumbnail","6":"product_brand-levenhuk","7":"product_cat-optics-recreation","8":"product_cat-microscopes-optics-recreation","10":"first","11":"instock","12":"shipping-taxable","13":"purchasable","14":"product-type-simple"},"_links":{"self":[{"href":"https:\/\/sezona.lv\/en\/wp-json\/wp\/v2\/product\/77769","targetHints":{"allow":["GET"]}}],"collection":[{"href":"https:\/\/sezona.lv\/en\/wp-json\/wp\/v2\/product"}],"about":[{"href":"https:\/\/sezona.lv\/en\/wp-json\/wp\/v2\/types\/product"}],"wp:featuredmedia":[{"embeddable":true,"href":"https:\/\/sezona.lv\/en\/wp-json\/wp\/v2\/media\/68015"}],"wp:attachment":[{"href":"https:\/\/sezona.lv\/en\/wp-json\/wp\/v2\/media?parent=77769"}],"wp:term":[{"taxonomy":"product_brand","embeddable":true,"href":"https:\/\/sezona.lv\/en\/wp-json\/wp\/v2\/product_brand?post=77769"},{"taxonomy":"product_cat","embeddable":true,"href":"https:\/\/sezona.lv\/en\/wp-json\/wp\/v2\/product_cat?post=77769"},{"taxonomy":"product_tag","embeddable":true,"href":"https:\/\/sezona.lv\/en\/wp-json\/wp\/v2\/product_tag?post=77769"}],"curies":[{"name":"wp","href":"https:\/\/api.w.org\/{rel}","templated":true}]}}