{"id":77771,"date":"2025-07-11T16:21:13","date_gmt":"2025-07-11T13:21:13","guid":{"rendered":"https:\/\/demo8.ecube.lv\/sezona.lv\/products\/levenhuk-blaze-90-talskatis\/"},"modified":"2025-07-14T15:12:29","modified_gmt":"2025-07-14T12:12:29","slug":"levenhuk-blaze-90-talskatis","status":"publish","type":"product","link":"https:\/\/sezona.lv\/en\/products\/levenhuk-blaze-90-talskatis\/","title":{"rendered":"Levenhuk Blaze 90 T\u0101lskatis"},"content":{"rendered":"<table class=\"table table-bordered\" border=\"0\">\n<thead>\n<tr>\n<td colspan=\"2\"><span>Atrib\u016bti<\/span><\/td>\n<\/tr>\n<\/thead>\n<tbody>\n<tr>\n<td>Acs att\u0101lums<\/td>\n<td>18&ndash;15 mm<\/td>\n<\/tr>\n<tr>\n<td>Izejas z\u012bl\u012b&scaron;u diametrs<\/td>\n<td>3,6&ndash;1,2 mm<\/td>\n<\/tr>\n<tr>\n<td>Objekt\u012bva l\u0113cas diametrs (atv\u0113rums)<\/td>\n<td>90 mm<\/td>\n<\/tr>\n<tr>\n<td>Optikas materi\u0101ls<\/td>\n<td>BK-7 stikls<\/td>\n<\/tr>\n<tr>\n<td>Optikas p\u0101rkl\u0101jums<\/td>\n<td>piln\u012bb\u0101 p\u0101rkl\u0101ta (prizmas: sudraba p\u0101rkl\u0101jums; l\u0113cas: zilais p\u0101rkl\u0101jums)<\/td>\n<\/tr>\n<tr>\n<td>Palielin\u0101jums<\/td>\n<td>30&ndash;90 x<\/td>\n<\/tr>\n<tr>\n<td>Ra\u017eot\u0101ja valsts<\/td>\n<td>PRC, controlled by Levenhuk, Inc. (USA)<\/td>\n<\/tr>\n<tr>\n<td>Redzes lauks<\/td>\n<td>1,5&ndash;0,8 &amp;deg;<\/td>\n<\/tr>\n<tr>\n<td>Redzes lauks, m\/1000 m<\/td>\n<td>24&ndash;12<\/td>\n<\/tr>\n<tr>\n<td>Tuvais fokus<\/td>\n<td>10 m<\/td>\n<\/tr>\n<\/tbody>\n<\/table>\n","protected":false},"excerpt":{"rendered":"<p>Atrib\u016bti Acs att\u0101lums 18&ndash;15 mm Izejas z\u012bl\u012b&scaron;u diametrs 3,6&ndash;1,2 mm Objekt\u012bva l\u0113cas diametrs (atv\u0113rums) 90 mm Optikas materi\u0101ls BK-7 stikls Optikas p\u0101rkl\u0101jums piln\u012bb\u0101 p\u0101rkl\u0101ta (prizmas: sudraba p\u0101rkl\u0101jums; l\u0113cas: zilais p\u0101rkl\u0101jums) Palielin\u0101jums 30&ndash;90 x Ra\u017eot\u0101ja valsts PRC, controlled by Levenhuk, Inc. (USA) Redzes lauks 1,5&ndash;0,8 &amp;deg; Redzes lauks, m\/1000 m 24&ndash;12 Tuvais fokus 10 m<\/p>\n","protected":false},"featured_media":68035,"template":"","meta":[],"product_brand":[3372],"product_cat":[4938,4968],"product_tag":[],"class_list":{"0":"post-77771","1":"product","2":"type-product","3":"status-publish","4":"has-post-thumbnail","6":"product_brand-levenhuk","7":"product_cat-optics-recreation","8":"product_cat-spotting-scopes-en-dupcheck-885-optics-recreation","10":"first","11":"instock","12":"shipping-taxable","13":"purchasable","14":"product-type-simple"},"_links":{"self":[{"href":"https:\/\/sezona.lv\/en\/wp-json\/wp\/v2\/product\/77771","targetHints":{"allow":["GET"]}}],"collection":[{"href":"https:\/\/sezona.lv\/en\/wp-json\/wp\/v2\/product"}],"about":[{"href":"https:\/\/sezona.lv\/en\/wp-json\/wp\/v2\/types\/product"}],"wp:featuredmedia":[{"embeddable":true,"href":"https:\/\/sezona.lv\/en\/wp-json\/wp\/v2\/media\/68035"}],"wp:attachment":[{"href":"https:\/\/sezona.lv\/en\/wp-json\/wp\/v2\/media?parent=77771"}],"wp:term":[{"taxonomy":"product_brand","embeddable":true,"href":"https:\/\/sezona.lv\/en\/wp-json\/wp\/v2\/product_brand?post=77771"},{"taxonomy":"product_cat","embeddable":true,"href":"https:\/\/sezona.lv\/en\/wp-json\/wp\/v2\/product_cat?post=77771"},{"taxonomy":"product_tag","embeddable":true,"href":"https:\/\/sezona.lv\/en\/wp-json\/wp\/v2\/product_tag?post=77771"}],"curies":[{"name":"wp","href":"https:\/\/api.w.org\/{rel}","templated":true}]}}