{"id":77774,"date":"2025-07-11T16:21:16","date_gmt":"2025-07-11T13:21:16","guid":{"rendered":"https:\/\/demo8.ecube.lv\/sezona.lv\/products\/levenhuk-blaze-70-plus-talskatis\/"},"modified":"2025-07-14T15:12:32","modified_gmt":"2025-07-14T12:12:32","slug":"levenhuk-blaze-70-plus-talskatis","status":"publish","type":"product","link":"https:\/\/sezona.lv\/en\/products\/levenhuk-blaze-70-plus-talskatis\/","title":{"rendered":"Levenhuk Blaze 70 PLUS T\u0101lskatis"},"content":{"rendered":"<table class=\"table table-bordered\" border=\"0\">\n<thead>\n<tr>\n<td colspan=\"2\"><span>Atrib\u016bti<\/span><\/td>\n<\/tr>\n<\/thead>\n<tbody>\n<tr>\n<td>Acs att\u0101lums<\/td>\n<td>18&ndash;15 mm<\/td>\n<\/tr>\n<tr>\n<td>Garantija<\/td>\n<td>m\u016b\u017ea garantija<\/td>\n<\/tr>\n<tr>\n<td>Izejas z\u012bl\u012b&scaron;u diametrs<\/td>\n<td>3,5&ndash;1,2 mm<\/td>\n<\/tr>\n<tr>\n<td>Izm\u0113ri<\/td>\n<td>450x160x84 mm<\/td>\n<\/tr>\n<tr>\n<td>Kr\u0113slas koeficients<\/td>\n<td>37,4&ndash;64,8<\/td>\n<\/tr>\n<tr>\n<td>Objekt\u012bva l\u0113cas diametrs (atv\u0113rums)<\/td>\n<td>70 mm<\/td>\n<\/tr>\n<tr>\n<td>Okul\u0101ri<\/td>\n<td>met\u0101la galda stat\u012bvs<\/td>\n<\/tr>\n<tr>\n<td>Optikas materi\u0101ls<\/td>\n<td>BK-7 stikls<\/td>\n<\/tr>\n<tr>\n<td>Optikas p\u0101rkl\u0101jums<\/td>\n<td>piln\u012bb\u0101 p\u0101rkl\u0101ta (prizmas: platas joslas AR pl\u0113ve; l\u0113cas: zilais p\u0101rkl\u0101jums)<\/td>\n<\/tr>\n<tr>\n<td>Palielin\u0101jums<\/td>\n<td>20&ndash;60 x<\/td>\n<\/tr>\n<tr>\n<td>Ra\u017eot\u0101ja valsts<\/td>\n<td>PRC, controlled by Levenhuk, Inc. (USA)<\/td>\n<\/tr>\n<tr>\n<td>Redzes lauks<\/td>\n<td>1,7&ndash;0,85 &amp;deg;<\/td>\n<\/tr>\n<tr>\n<td>Redzes lauks, m\/1000 m<\/td>\n<td>30&ndash;15<\/td>\n<\/tr>\n<tr>\n<td>Relat\u012bvais spilgtums<\/td>\n<td>12,25&ndash;1,35<\/td>\n<\/tr>\n<tr>\n<td>Tuvais fokus<\/td>\n<td>8 m<\/td>\n<\/tr>\n<\/tbody>\n<\/table>\n","protected":false},"excerpt":{"rendered":"<p>Atrib\u016bti Acs att\u0101lums 18&ndash;15 mm Garantija m\u016b\u017ea garantija Izejas z\u012bl\u012b&scaron;u diametrs 3,5&ndash;1,2 mm Izm\u0113ri 450x160x84 mm Kr\u0113slas koeficients 37,4&ndash;64,8 Objekt\u012bva l\u0113cas diametrs (atv\u0113rums) 70 mm Okul\u0101ri met\u0101la galda stat\u012bvs Optikas materi\u0101ls BK-7 stikls Optikas p\u0101rkl\u0101jums piln\u012bb\u0101 p\u0101rkl\u0101ta (prizmas: platas joslas AR pl\u0113ve; l\u0113cas: zilais p\u0101rkl\u0101jums) Palielin\u0101jums 20&ndash;60 x Ra\u017eot\u0101ja valsts PRC, controlled by Levenhuk, Inc. [&hellip;]<\/p>\n","protected":false},"featured_media":68044,"template":"","meta":[],"product_brand":[3372],"product_cat":[4938,4968],"product_tag":[],"class_list":{"0":"post-77774","1":"product","2":"type-product","3":"status-publish","4":"has-post-thumbnail","6":"product_brand-levenhuk","7":"product_cat-optics-recreation","8":"product_cat-spotting-scopes-en-dupcheck-885-optics-recreation","10":"first","11":"instock","12":"shipping-taxable","13":"purchasable","14":"product-type-simple"},"_links":{"self":[{"href":"https:\/\/sezona.lv\/en\/wp-json\/wp\/v2\/product\/77774","targetHints":{"allow":["GET"]}}],"collection":[{"href":"https:\/\/sezona.lv\/en\/wp-json\/wp\/v2\/product"}],"about":[{"href":"https:\/\/sezona.lv\/en\/wp-json\/wp\/v2\/types\/product"}],"wp:featuredmedia":[{"embeddable":true,"href":"https:\/\/sezona.lv\/en\/wp-json\/wp\/v2\/media\/68044"}],"wp:attachment":[{"href":"https:\/\/sezona.lv\/en\/wp-json\/wp\/v2\/media?parent=77774"}],"wp:term":[{"taxonomy":"product_brand","embeddable":true,"href":"https:\/\/sezona.lv\/en\/wp-json\/wp\/v2\/product_brand?post=77774"},{"taxonomy":"product_cat","embeddable":true,"href":"https:\/\/sezona.lv\/en\/wp-json\/wp\/v2\/product_cat?post=77774"},{"taxonomy":"product_tag","embeddable":true,"href":"https:\/\/sezona.lv\/en\/wp-json\/wp\/v2\/product_tag?post=77774"}],"curies":[{"name":"wp","href":"https:\/\/api.w.org\/{rel}","templated":true}]}}