{"id":77777,"date":"2025-07-11T16:21:21","date_gmt":"2025-07-11T13:21:21","guid":{"rendered":"https:\/\/demo8.ecube.lv\/sezona.lv\/products\/spicisu-komplekts-feeder-10gb\/"},"modified":"2025-07-14T15:12:35","modified_gmt":"2025-07-14T12:12:35","slug":"spicisu-komplekts-feeder-10gb","status":"publish","type":"product","link":"https:\/\/sezona.lv\/en\/products\/spicisu-komplekts-feeder-10gb\/","title":{"rendered":"Spic\u012b\u0161u komplekts FEEDER 10gb"},"content":{"rendered":"<p>Spic\u012b&scaron;u komplekts FEEDER 10gb (iepakojum\u0101).<\/p>\n<p>Materi\u0101ls: Stikla&scaron;\u0137iedra<\/p>\n<p>Diametrs: 3.3mm<\/p>\n<p>Tests:<\/p>\n<table style=\"height: 74px\" border=\"0\" width=\"266\">\n<tbody>\n<tr>\n<td>001<\/td>\n<td>0.75 oz (21g)<\/td>\n<\/tr>\n<tr>\n<td>002<\/td>\n<td>1 oz (28g)<\/td>\n<\/tr>\n<tr>\n<td>003<\/td>\n<td>1.5 oz (43g)<\/td>\n<\/tr>\n<tr>\n<td>004<\/td>\n<td>2 oz (57g)<\/td>\n<\/tr>\n<\/tbody>\n<\/table>\n","protected":false},"excerpt":{"rendered":"<p>Spic\u012b&scaron;u komplekts FEEDER 10gb (iepakojum\u0101). Materi\u0101ls: Stikla&scaron;\u0137iedra Diametrs: 3.3mm Tests: 001 0.75 oz (21g) 002 1 oz (28g) 003 1.5 oz (43g) 004 2 oz (57g)<\/p>\n","protected":false},"featured_media":68067,"template":"","meta":[],"product_brand":[],"product_cat":[4545],"product_tag":[],"class_list":{"0":"post-77777","1":"product","2":"type-product","3":"status-publish","4":"has-post-thumbnail","6":"product_cat-feeder-and-picker-rods-fishing-rods-fishing-equipment-recreation","8":"first","9":"instock","10":"shipping-taxable","11":"purchasable","12":"product-type-simple"},"_links":{"self":[{"href":"https:\/\/sezona.lv\/en\/wp-json\/wp\/v2\/product\/77777","targetHints":{"allow":["GET"]}}],"collection":[{"href":"https:\/\/sezona.lv\/en\/wp-json\/wp\/v2\/product"}],"about":[{"href":"https:\/\/sezona.lv\/en\/wp-json\/wp\/v2\/types\/product"}],"wp:featuredmedia":[{"embeddable":true,"href":"https:\/\/sezona.lv\/en\/wp-json\/wp\/v2\/media\/68067"}],"wp:attachment":[{"href":"https:\/\/sezona.lv\/en\/wp-json\/wp\/v2\/media?parent=77777"}],"wp:term":[{"taxonomy":"product_brand","embeddable":true,"href":"https:\/\/sezona.lv\/en\/wp-json\/wp\/v2\/product_brand?post=77777"},{"taxonomy":"product_cat","embeddable":true,"href":"https:\/\/sezona.lv\/en\/wp-json\/wp\/v2\/product_cat?post=77777"},{"taxonomy":"product_tag","embeddable":true,"href":"https:\/\/sezona.lv\/en\/wp-json\/wp\/v2\/product_tag?post=77777"}],"curies":[{"name":"wp","href":"https:\/\/api.w.org\/{rel}","templated":true}]}}